{"id":36714,"date":"2025-02-20T22:28:08","date_gmt":"2025-02-20T22:28:08","guid":{"rendered":"https:\/\/olemosaic.orbitalia.org\/producto\/cucharilla-de-metal-salamandra\/"},"modified":"2025-07-25T18:35:22","modified_gmt":"2025-07-25T16:35:22","slug":"petite-cuillere-en-metal-salamandre","status":"publish","type":"product","link":"https:\/\/olemosaic.orbitalia.org\/fr\/produit\/petite-cuillere-en-metal-salamandre\/","title":{"rendered":"Petite cuill\u00e8re en m\u00e9tal. Salamandre."},"content":{"rendered":"<p>Petite cuill\u00e8re d\u00e9corative inspir\u00e9e de l&#8217;embl\u00e9matique mosa\u00efque de Gaud\u00ed \u00e0 Barcelone, une pi\u00e8ce unique qui fusionne fonctionnalit\u00e9 et art. Fabriqu\u00e9e en m\u00e9tal, la cuill\u00e8re arbore sur sa partie sup\u00e9rieure une salamandre vibrante, dont le design color\u00e9 dans les tons bleu, vert et jaune \u00e9voque la cr\u00e9ativit\u00e9 du c\u00e9l\u00e8bre architecte catalan. Les feuilles vertes qui l&rsquo;accompagnent ajoutent une touche de fra\u00eecheur et de vie, nous rappelant la flore m\u00e9diterran\u00e9enne luxuriante de la r\u00e9gion. Ce souvenir n&rsquo;est pas seulement une cuill\u00e8re, mais un symbole de la culture catalane qui embellira n&rsquo;importe quelle table, invitant \u00e0 la conversation entre les convives.<\/p>\n<p>La salamandre, pr\u00e9sente dans l&rsquo;\u0153uvre de Gaud\u00ed, repr\u00e9sente l&rsquo;harmonie entre la nature et l&rsquo;art, ce qui fait de cette cuill\u00e8re un cadeau significatif pour ceux qui souhaitent emporter un morceau de Barcelone. Chez Ol\u00e9 Mosaic, nous nous sp\u00e9cialisons dans la distribution en gros de souvenirs de haute qualit\u00e9, et cette cuill\u00e8re d\u00e9corative est l&rsquo;option parfaite pour les boutiques cherchant \u00e0 proposer des produits authentiques charg\u00e9s d&rsquo;histoire. Son design attrayant en fait un cadeau id\u00e9al pour les touristes souhaitant se souvenir de leur visite dans la vibrante ville de Barcelone, soulignant sa beaut\u00e9 culturelle et monumentale.<\/p>\n","protected":false},"excerpt":{"rendered":"<p>Petite cuill\u00e8re en m\u00e9tal d\u00e9cor\u00e9e d&rsquo;une salamandre color\u00e9e inspir\u00e9e du style mosa\u00efque de Gaud\u00ed, embl\u00e9matique de Barcelone. La partie sup\u00e9rieure pr\u00e9sente un design vibrant dans les tons bleu, vert et jaune, compl\u00e9t\u00e9 par des feuilles vertes \u00e9voquant la flore m\u00e9diterran\u00e9enne. Ce produit, id\u00e9al comme souvenir ou cadeau, allie fonctionnalit\u00e9 et art, ajoutant une touche de culture catalane \u00e0 n&rsquo;importe quelle table.<\/p>\n","protected":false},"featured_media":8679,"template":"","meta":{"_acf_changed":false},"product_brand":[],"product_cat":[802],"product_tag":[530],"class_list":{"0":"post-36714","1":"product","2":"type-product","3":"status-publish","4":"has-post-thumbnail","6":"product_cat-cuilleres","7":"product_tag-animaux","8":"pa_motivo-salamandres","10":"first","11":"instock","12":"shipping-taxable","13":"product-type-simple"},"acf":[],"_links":{"self":[{"href":"https:\/\/olemosaic.orbitalia.org\/fr\/wp-json\/wp\/v2\/product\/36714","targetHints":{"allow":["GET"]}}],"collection":[{"href":"https:\/\/olemosaic.orbitalia.org\/fr\/wp-json\/wp\/v2\/product"}],"about":[{"href":"https:\/\/olemosaic.orbitalia.org\/fr\/wp-json\/wp\/v2\/types\/product"}],"wp:featuredmedia":[{"embeddable":true,"href":"https:\/\/olemosaic.orbitalia.org\/fr\/wp-json\/wp\/v2\/media\/8679"}],"wp:attachment":[{"href":"https:\/\/olemosaic.orbitalia.org\/fr\/wp-json\/wp\/v2\/media?parent=36714"}],"wp:term":[{"taxonomy":"product_brand","embeddable":true,"href":"https:\/\/olemosaic.orbitalia.org\/fr\/wp-json\/wp\/v2\/product_brand?post=36714"},{"taxonomy":"product_cat","embeddable":true,"href":"https:\/\/olemosaic.orbitalia.org\/fr\/wp-json\/wp\/v2\/product_cat?post=36714"},{"taxonomy":"product_tag","embeddable":true,"href":"https:\/\/olemosaic.orbitalia.org\/fr\/wp-json\/wp\/v2\/product_tag?post=36714"}],"curies":[{"name":"wp","href":"https:\/\/api.w.org\/{rel}","templated":true}]}}