{"id":36712,"date":"2025-02-20T22:28:08","date_gmt":"2025-02-20T22:28:08","guid":{"rendered":"https:\/\/olemosaic.orbitalia.org\/producto\/cortador-de-ceramica-sevilla\/"},"modified":"2025-07-25T18:40:20","modified_gmt":"2025-07-25T16:40:20","slug":"coupe-pizza-ceramique-seville-fr","status":"publish","type":"product","link":"https:\/\/olemosaic.orbitalia.org\/fr\/produit\/coupe-pizza-ceramique-seville-fr\/","title":{"rendered":"Coupe-pizza en c\u00e9ramique. S\u00e9ville."},"content":{"rendered":"<p>Coupe-pizza en c\u00e9ramique de S\u00e9ville<\/p>\n<p>Nous vous pr\u00e9sentons cet impressionnant coupe-pizza en c\u00e9ramique de S\u00e9ville, une pi\u00e8ce fonctionnelle qui se distingue par son design artistique et son illustration vibrante de la ville embl\u00e9matique. Ce coupeur, fabriqu\u00e9 en c\u00e9ramique de haute qualit\u00e9, pr\u00e9sente une repr\u00e9sentation color\u00e9e de la c\u00e9l\u00e8bre cath\u00e9drale de S\u00e9ville et de la Giralda, entour\u00e9es de palmiers qui \u00e9voquent la chaleur du climat andalou. La sc\u00e8ne prend vie sur un fond de trencad\u00eds, un style de mosa\u00efque typique de la r\u00e9gion, qui incorpore une palette de tons chauds et radiants, apportant une touche artistique \u00e0 toute cuisine.<\/p>\n<p>La partie inf\u00e9rieure comprend des d\u00e9tails minutieux de l&rsquo;architecture s\u00e9villane, qui rehaussent la beaut\u00e9 de ses monuments historiques, cr\u00e9ant une connexion visuelle et \u00e9motionnelle avec la ville. Ce coupeur n&rsquo;est pas seulement un ustensile pratique pour tout amateur de gastronomie, mais aussi un souvenir culturel qui encapsule l&rsquo;essence de S\u00e9ville, ce qui en fait un excellent souvenir pour les touristes \u00e0 la recherche d&rsquo;articles authentiques et repr\u00e9sentatifs.<\/p>\n<p>Chez Ol\u00e9 Mosaic, nous sommes distributeurs de souvenirs en c\u00e9ramique en gros, et ce coupeur est une magnifique option pour les boutiques de cadeaux touristiques souhaitant offrir des produits uniques. Son authenticit\u00e9 et sa pertinence culturelle en font un objet id\u00e9al tant pour un usage personnel que pour se souvenir de la visite de cette merveilleuse ville andalouse.<\/p>\n","protected":false},"excerpt":{"rendered":"<p>Coupe-pizza en c\u00e9ramique s\u00e9villan, d\u00e9cor\u00e9 d&rsquo;une repr\u00e9sentation vibrante de la ville. Ce produit fonctionnel, au style color\u00e9, illustre la c\u00e9l\u00e8bre cath\u00e9drale et la Giralda, entour\u00e9es de palmiers, dans une mosa\u00efque pleine de d\u00e9tails. L&rsquo;\u0153uvre est pr\u00e9sent\u00e9e sur un fond de trencad\u00eds, avec des tons chauds et une illustration frappante qui apporte une touche artistique \u00e0 toute cuisine. Id\u00e9al pour les amoureux de la culture andalouse.<\/p>\n","protected":false},"featured_media":9944,"template":"","meta":{"_acf_changed":false},"product_brand":[],"product_cat":[832],"product_tag":[585],"class_list":{"0":"post-36712","1":"product","2":"type-product","3":"status-publish","4":"has-post-thumbnail","6":"product_cat-emporte-pieces","7":"product_tag-ceramique","8":"pa_ciudad-sevilla","9":"pa_pais-espana","11":"first","12":"instock","13":"shipping-taxable","14":"product-type-simple"},"acf":[],"_links":{"self":[{"href":"https:\/\/olemosaic.orbitalia.org\/fr\/wp-json\/wp\/v2\/product\/36712","targetHints":{"allow":["GET"]}}],"collection":[{"href":"https:\/\/olemosaic.orbitalia.org\/fr\/wp-json\/wp\/v2\/product"}],"about":[{"href":"https:\/\/olemosaic.orbitalia.org\/fr\/wp-json\/wp\/v2\/types\/product"}],"wp:featuredmedia":[{"embeddable":true,"href":"https:\/\/olemosaic.orbitalia.org\/fr\/wp-json\/wp\/v2\/media\/9944"}],"wp:attachment":[{"href":"https:\/\/olemosaic.orbitalia.org\/fr\/wp-json\/wp\/v2\/media?parent=36712"}],"wp:term":[{"taxonomy":"product_brand","embeddable":true,"href":"https:\/\/olemosaic.orbitalia.org\/fr\/wp-json\/wp\/v2\/product_brand?post=36712"},{"taxonomy":"product_cat","embeddable":true,"href":"https:\/\/olemosaic.orbitalia.org\/fr\/wp-json\/wp\/v2\/product_cat?post=36712"},{"taxonomy":"product_tag","embeddable":true,"href":"https:\/\/olemosaic.orbitalia.org\/fr\/wp-json\/wp\/v2\/product_tag?post=36712"}],"curies":[{"name":"wp","href":"https:\/\/api.w.org\/{rel}","templated":true}]}}