{"id":36711,"date":"2025-02-20T23:27:50","date_gmt":"2025-02-20T22:27:50","guid":{"rendered":"https:\/\/olemosaic.orbitalia.org\/producto\/botella-inox-500-ml-panoramica-barcelona\/"},"modified":"2025-07-25T18:40:12","modified_gmt":"2025-07-25T16:40:12","slug":"bouteille-acier-inoxydable-500-ml-panoramique-barcelone","status":"publish","type":"product","link":"https:\/\/olemosaic.orbitalia.org\/fr\/produit\/bouteille-acier-inoxydable-500-ml-panoramique-barcelone\/","title":{"rendered":"Bouteille en acier inoxydable 500 ml. Panoramique. Tours de la Sagrada Familia. Barcelone."},"content":{"rendered":"<p>Bouteille en acier inoxydable 500 ml &#8211; Sagrada Familia de Barcelone<\/p>\n<p>D\u00e9couvrez la bouteille en acier inoxydable de 500 ml, orn\u00e9e d&rsquo;une vue panoramique \u00e9blouissante de l&#8217;embl\u00e9matique Sagrada Familia de Barcelone. Ce souvenir exceptionnel n&rsquo;est pas seulement fonctionnel, mais aussi une \u0153uvre d&rsquo;art qui capture l&rsquo;essence du modernisme catalan. La bouteille pr\u00e9sente un design vibrant, avec une explosion de couleurs vives illustrant les tours embl\u00e9matiques du monument, mettant en valeur ses d\u00f4mes caract\u00e9ristiques en forme de fleur. L&rsquo;habillage est d\u00e9cor\u00e9 de motifs de mosa\u00efque rappelant l&rsquo;\u0153uvre d&rsquo;Antoni Gaud\u00ed, l&rsquo;un des architectes les plus influents de l&rsquo;histoire.<\/p>\n<p>Avec une finition \u00e9l\u00e9gante et un bouchon en acier, cette bouteille est parfaite pour garder vos boissons froides, fusionnant fonctionnalit\u00e9 et art visuel captivant. La connexion culturelle de ce souvenir r\u00e9side dans sa repr\u00e9sentation de la Sagrada Familia, site class\u00e9 au patrimoine mondial et symbole incontestable de Barcelone. Id\u00e9ale pour les touristes \u00e0 la recherche de souvenirs authentiques, cette bouteille n&rsquo;est pas seulement un article pratique mais aussi une repr\u00e9sentation significative de l&rsquo;h\u00e9ritage architectural de la ville. Chez Ol\u00e9 Mosaic, nous proposons cette bouteille Sagrada Familia dans le cadre de notre gamme de souvenirs authentiques, parfaite pour les boutiques de souvenirs touristiques \u00e0 la recherche de produits de qualit\u00e9 refl\u00e9tant la richesse culturelle de l&rsquo;Espagne.<\/p>\n","protected":false},"excerpt":{"rendered":"<p>Bouteille en acier inoxydable de 500 ml, d\u00e9cor\u00e9e d&rsquo;une vue panoramique vibrante de la Sagrada Familia de Barcelone. Le design, aux couleurs vives et aux motifs de mosa\u00efque, met en valeur les tours embl\u00e9matiques du monument, avec leurs d\u00f4mes caract\u00e9ristiques en forme de fleur. Avec une finition \u00e9l\u00e9gante et un bouchon en acier, elle est id\u00e9ale pour garder vos boissons froides, fusionnant fonctionnalit\u00e9 et art inspir\u00e9 de l&rsquo;architecture moderniste d&rsquo;Antoni Gaud\u00ed.<\/p>\n","protected":false},"featured_media":9783,"template":"","meta":{"_acf_changed":false},"product_brand":[],"product_cat":[784],"product_tag":[],"class_list":{"0":"post-36711","1":"product","2":"type-product","3":"status-publish","4":"has-post-thumbnail","6":"product_cat-bouteilles-inox","7":"pa_ciudad-barcelona","8":"pa_motivo-panoramas","9":"pa_pais-espana","11":"first","12":"instock","13":"shipping-taxable","14":"product-type-simple"},"acf":[],"_links":{"self":[{"href":"https:\/\/olemosaic.orbitalia.org\/fr\/wp-json\/wp\/v2\/product\/36711","targetHints":{"allow":["GET"]}}],"collection":[{"href":"https:\/\/olemosaic.orbitalia.org\/fr\/wp-json\/wp\/v2\/product"}],"about":[{"href":"https:\/\/olemosaic.orbitalia.org\/fr\/wp-json\/wp\/v2\/types\/product"}],"wp:featuredmedia":[{"embeddable":true,"href":"https:\/\/olemosaic.orbitalia.org\/fr\/wp-json\/wp\/v2\/media\/9783"}],"wp:attachment":[{"href":"https:\/\/olemosaic.orbitalia.org\/fr\/wp-json\/wp\/v2\/media?parent=36711"}],"wp:term":[{"taxonomy":"product_brand","embeddable":true,"href":"https:\/\/olemosaic.orbitalia.org\/fr\/wp-json\/wp\/v2\/product_brand?post=36711"},{"taxonomy":"product_cat","embeddable":true,"href":"https:\/\/olemosaic.orbitalia.org\/fr\/wp-json\/wp\/v2\/product_cat?post=36711"},{"taxonomy":"product_tag","embeddable":true,"href":"https:\/\/olemosaic.orbitalia.org\/fr\/wp-json\/wp\/v2\/product_tag?post=36711"}],"curies":[{"name":"wp","href":"https:\/\/api.w.org\/{rel}","templated":true}]}}