{"id":36709,"date":"2025-02-20T23:27:50","date_gmt":"2025-02-20T22:27:50","guid":{"rendered":"https:\/\/olemosaic.orbitalia.org\/producto\/botella-inox-500-ml-forjas-azul\/"},"modified":"2025-07-25T18:56:49","modified_gmt":"2025-07-25T16:56:49","slug":"bouteille-acier-inoxydable-500-ml-forges-bleu","status":"publish","type":"product","link":"https:\/\/olemosaic.orbitalia.org\/fr\/produit\/bouteille-acier-inoxydable-500-ml-forges-bleu\/","title":{"rendered":"Bouteille en acier inoxydable 500 ml. Forges. Bleu"},"content":{"rendered":"<p>Bouteille en acier inoxydable avec design de forge en bleu<\/p>\n<p>Cette \u00e9l\u00e9gante bouteille en acier inoxydable de 500 ml est le cadeau parfait pour ceux qui appr\u00e9cient le style et la fonctionnalit\u00e9, \u00e9voquant le riche patrimoine culturel de l&rsquo;Espagne avec son design bleu captivant. Sa finition mate, en plus d&rsquo;apporter une touche moderne, garantit la r\u00e9sistance et facilite le nettoyage, ce qui en fait un choix id\u00e9al pour un usage quotidien ou pour vos aventures dans la nature. La bouteille est d\u00e9cor\u00e9e d&rsquo;un motif de forge blanc complexe au bas, un hommage \u00e0 la magnifique tradition de la ferronnerie dans diverses r\u00e9gions d&rsquo;Espagne. Ce d\u00e9tail artistique, rappelant les grilles et balcons orn\u00e9s des villes espagnoles, se distingue visuellement et apporte un caract\u00e8re distinctif au produit. Capable de garder vos boissons froides ou chaudes, cette bouteille est l&rsquo;\u00e9quilibre parfait entre style et praticit\u00e9. C&rsquo;est un souvenir qui non seulement remplit une fonction utilitaire mais repr\u00e9sente \u00e9galement la fiert\u00e9 culturelle des traditions espagnoles. Chez Ol\u00e9 Mosaic, nous proposons cette bouteille comme l&rsquo;une de nos options de souvenirs exclusifs, id\u00e9ale pour les entreprises \u00e0 la recherche de produits authentiques et repr\u00e9sentatifs de l&rsquo;Espagne. En tant que grossistes de bouteilles, nous garantissons la qualit\u00e9 et une connexion culturelle dans chaque pi\u00e8ce.<\/p>\n","protected":false},"excerpt":{"rendered":"<p>Bouteille en acier inoxydable de 500 ml au design bleu \u00e9l\u00e9gant, d\u00e9cor\u00e9e d&rsquo;un motif de forge blanc complexe. Sa finition mate, en plus d&rsquo;\u00eatre moderne, est r\u00e9sistante et facile \u00e0 nettoyer. Id\u00e9ale pour garder vos boissons froides ou chaudes, cette bouteille allie fonctionnalit\u00e9 et style distinctif \u00e9voquant le riche patrimoine culturel de l&rsquo;Espagne, parfaite pour vous accompagner dans toutes vos aventures.<\/p>\n","protected":false},"featured_media":13015,"template":"","meta":{"_acf_changed":false},"product_brand":[],"product_cat":[784],"product_tag":[],"class_list":{"0":"post-36709","1":"product","2":"type-product","3":"status-publish","4":"has-post-thumbnail","6":"product_cat-bouteilles-inox","7":"pa_motivo-forges","9":"first","10":"instock","11":"shipping-taxable","12":"product-type-simple"},"acf":[],"_links":{"self":[{"href":"https:\/\/olemosaic.orbitalia.org\/fr\/wp-json\/wp\/v2\/product\/36709","targetHints":{"allow":["GET"]}}],"collection":[{"href":"https:\/\/olemosaic.orbitalia.org\/fr\/wp-json\/wp\/v2\/product"}],"about":[{"href":"https:\/\/olemosaic.orbitalia.org\/fr\/wp-json\/wp\/v2\/types\/product"}],"wp:featuredmedia":[{"embeddable":true,"href":"https:\/\/olemosaic.orbitalia.org\/fr\/wp-json\/wp\/v2\/media\/13015"}],"wp:attachment":[{"href":"https:\/\/olemosaic.orbitalia.org\/fr\/wp-json\/wp\/v2\/media?parent=36709"}],"wp:term":[{"taxonomy":"product_brand","embeddable":true,"href":"https:\/\/olemosaic.orbitalia.org\/fr\/wp-json\/wp\/v2\/product_brand?post=36709"},{"taxonomy":"product_cat","embeddable":true,"href":"https:\/\/olemosaic.orbitalia.org\/fr\/wp-json\/wp\/v2\/product_cat?post=36709"},{"taxonomy":"product_tag","embeddable":true,"href":"https:\/\/olemosaic.orbitalia.org\/fr\/wp-json\/wp\/v2\/product_tag?post=36709"}],"curies":[{"name":"wp","href":"https:\/\/api.w.org\/{rel}","templated":true}]}}