{"id":36702,"date":"2025-02-20T22:27:48","date_gmt":"2025-02-20T22:27:48","guid":{"rendered":"https:\/\/olemosaic.orbitalia.org\/producto\/taza-de-ceramica-gato-mallorca-beige\/"},"modified":"2025-07-25T18:43:24","modified_gmt":"2025-07-25T16:43:24","slug":"mug-ceramique-chat-majorque-beige","status":"publish","type":"product","link":"https:\/\/olemosaic.orbitalia.org\/fr\/produit\/mug-ceramique-chat-majorque-beige\/","title":{"rendered":"Mug en c\u00e9ramique. Chat. Majorque. Beige."},"content":{"rendered":"<p>D\u00e9couvrez notre charmant mug en c\u00e9ramique, un souvenir authentique de Majorque ! Ce design original, en plus d&rsquo;\u00eatre fonctionnel, s&rsquo;inspire de la merveilleuse faune de l&rsquo;\u00eele. Le mug pr\u00e9sente un chat stylis\u00e9 vibrant, peint avec une finition en mosa\u00efque qui capture l&rsquo;essence color\u00e9e de la M\u00e9diterran\u00e9e. Des papillons dansants ornent le f\u00e9lin, infusant une touche de vie et de joie au design. \u00c0 l&rsquo;int\u00e9rieur, le ton beige doux contraste \u00e9l\u00e9gamment avec l&rsquo;ext\u00e9rieur vibrant, et l&rsquo;anse est intelligemment con\u00e7ue pour incorporer une cuill\u00e8re rouge, parfaite pour d\u00e9guster vos boissons pr\u00e9f\u00e9r\u00e9es. Cet objet n&rsquo;est pas seulement utile pour la maison mais est aussi un souvenir pr\u00e9cieux qui \u00e9voque la chaleur et la beaut\u00e9 de Majorque.<\/p>\n<p>Avec son esth\u00e9tique unique, ce mug en c\u00e9ramique est un excellent souvenir repr\u00e9sentant la riche culture et l&rsquo;atmosph\u00e8re m\u00e9diterran\u00e9enne de la r\u00e9gion. C&rsquo;est un cadeau id\u00e9al pour les touristes et les amateurs de c\u00e9ramique \u00e0 la recherche d&rsquo;un petit morceau de Majorque \u00e0 ramener chez eux. Chez Ol\u00e9 Mosaic, en tant que sp\u00e9cialistes de la distribution de souvenirs en gros, nous proposons des produits qui se distinguent par leur authenticit\u00e9 et leur design, faisant de ce mug une pi\u00e8ce essentielle pour toute boutique de cadeaux touristiques. Un cadeau attrayant pour ceux qui appr\u00e9cient l&rsquo;artisanat et le folklore de l&rsquo;\u00eele.<\/p>\n","protected":false},"excerpt":{"rendered":"<p>Mug en c\u00e9ramique au design original, inspir\u00e9 de la faune de Majorque. Cette pi\u00e8ce color\u00e9e pr\u00e9sente un chat stylis\u00e9 avec une finition en mosa\u00efque, orn\u00e9 de papillons qui lui donnent une touche de vie. L&rsquo;int\u00e9rieur, dans un ton beige, contraste avec le design ext\u00e9rieur vibrant, et l&rsquo;anse incorpore une cuill\u00e8re rouge. Id\u00e9al pour d\u00e9guster vos boissons pr\u00e9f\u00e9r\u00e9es, ce mug est un charmant souvenir de l&rsquo;\u00eele m\u00e9diterran\u00e9enne.<\/p>\n","protected":false},"featured_media":9521,"template":"","meta":{"_acf_changed":false},"product_brand":[],"product_cat":[822],"product_tag":[530,585],"class_list":{"0":"post-36702","1":"product","2":"type-product","3":"status-publish","4":"has-post-thumbnail","6":"product_cat-mugs-fr","7":"product_tag-animaux","8":"product_tag-ceramique","9":"pa_ciudad-mallorca","10":"pa_motivo-chats","11":"pa_pais-espana","13":"first","14":"instock","15":"shipping-taxable","16":"product-type-simple"},"acf":[],"_links":{"self":[{"href":"https:\/\/olemosaic.orbitalia.org\/fr\/wp-json\/wp\/v2\/product\/36702","targetHints":{"allow":["GET"]}}],"collection":[{"href":"https:\/\/olemosaic.orbitalia.org\/fr\/wp-json\/wp\/v2\/product"}],"about":[{"href":"https:\/\/olemosaic.orbitalia.org\/fr\/wp-json\/wp\/v2\/types\/product"}],"wp:featuredmedia":[{"embeddable":true,"href":"https:\/\/olemosaic.orbitalia.org\/fr\/wp-json\/wp\/v2\/media\/9521"}],"wp:attachment":[{"href":"https:\/\/olemosaic.orbitalia.org\/fr\/wp-json\/wp\/v2\/media?parent=36702"}],"wp:term":[{"taxonomy":"product_brand","embeddable":true,"href":"https:\/\/olemosaic.orbitalia.org\/fr\/wp-json\/wp\/v2\/product_brand?post=36702"},{"taxonomy":"product_cat","embeddable":true,"href":"https:\/\/olemosaic.orbitalia.org\/fr\/wp-json\/wp\/v2\/product_cat?post=36702"},{"taxonomy":"product_tag","embeddable":true,"href":"https:\/\/olemosaic.orbitalia.org\/fr\/wp-json\/wp\/v2\/product_tag?post=36702"}],"curies":[{"name":"wp","href":"https:\/\/api.w.org\/{rel}","templated":true}]}}