{"id":36698,"date":"2025-02-20T23:27:47","date_gmt":"2025-02-20T22:27:47","guid":{"rendered":"https:\/\/olemosaic.orbitalia.org\/producto\/elefante-figura-de-resina-de-11-cm-pintada-a-mano\/"},"modified":"2025-07-25T18:33:58","modified_gmt":"2025-07-25T16:33:58","slug":"elephant-figurine-mosaique-11-cm-peinte-a-la-main","status":"publish","type":"product","link":"https:\/\/olemosaic.orbitalia.org\/fr\/produit\/elephant-figurine-mosaique-11-cm-peinte-a-la-main\/","title":{"rendered":"\u00c9l\u00e9phant. Figurine Mosa\u00efque de 11 cm."},"content":{"rendered":"<p>D\u00e9couvrez cette magnifique figurine d&rsquo;\u00e9l\u00e9phant en r\u00e9sine, qui se distingue par son design en mosa\u00efque vibrante et son symbolisme culturel. D&rsquo;une hauteur de 11 cm, cette pi\u00e8ce semble \u00eatre peinte \u00e0 la main avec une large gamme de couleurs, incluant des nuances vives de bleu, rouge, vert et jaune, cr\u00e9ant un contraste visuel captivant. L&rsquo;\u00e9l\u00e9phant, avec sa trompe lev\u00e9e, repr\u00e9sente la chance et la joie, \u00e9tant un symbole international de prosp\u00e9rit\u00e9.<\/p>\n<p>Les d\u00e9tails m\u00e9ticuleusement peints sur la figurine ajoutent une touche d&rsquo;authenticit\u00e9 et de pertinence culturelle, refl\u00e9tant la richesse de l&rsquo;art populaire qui caract\u00e9rise de nombreuses r\u00e9gions d&rsquo;Espagne et du Portugal. Chaque \u00e9l\u00e9phant devient un souvenir id\u00e9al et attrayant, parfait pour les touristes \u00e0 la recherche d&rsquo;un souvenir authentique et significatif de leur voyage.<\/p>\n<p>Chez Ol\u00e9 Mosaic, en tant que distributeurs de souvenirs en gros, nous proposons cette belle figurine d&rsquo;\u00e9l\u00e9phant, qui n&rsquo;est pas seulement un bel objet d\u00e9coratif mais aussi un rappel \u00e9vocateur de la diversit\u00e9 et de la beaut\u00e9 du patrimoine culturel. Cet \u00e9l\u00e9phant en mosa\u00efque est un excellent choix pour les boutiques de cadeaux touristiques souhaitant offrir des produits qui cr\u00e9ent un lien \u00e9motionnel avec les visiteurs. Il apporte une touche de joie et de couleur \u00e0 n&rsquo;importe quel espace, ce qui en fait un cadeau adorable et significatif.<\/p>\n","protected":false},"excerpt":{"rendered":"<p>Figurine d&rsquo;\u00e9l\u00e9phant, 11 cm, design artisanal, peinte \u00e0 la main, avec un design en mosa\u00efque vibrante. Cette pi\u00e8ce artistique pr\u00e9sente une large gamme de couleurs, avec des tons bleus, rouges, verts et jaunes cr\u00e9ant un contraste tr\u00e8s attrayant. L&rsquo;\u00e9l\u00e9phant, avec sa trompe lev\u00e9e, symbolise la chance et la joie. Sa finition brillante et ses d\u00e9tails m\u00e9ticuleusement peints en font un souvenir id\u00e9al qui capture l&rsquo;essence de l&rsquo;art populaire.<\/p>\n","protected":false},"featured_media":13784,"template":"","meta":{"_acf_changed":false},"product_brand":[],"product_cat":[540],"product_tag":[530],"class_list":{"0":"post-36698","1":"product","2":"type-product","3":"status-publish","4":"has-post-thumbnail","6":"product_cat-chiffres","7":"product_tag-animaux","8":"pa_motivo-elephants","10":"first","11":"instock","12":"shipping-taxable","13":"product-type-simple"},"acf":[],"_links":{"self":[{"href":"https:\/\/olemosaic.orbitalia.org\/fr\/wp-json\/wp\/v2\/product\/36698","targetHints":{"allow":["GET"]}}],"collection":[{"href":"https:\/\/olemosaic.orbitalia.org\/fr\/wp-json\/wp\/v2\/product"}],"about":[{"href":"https:\/\/olemosaic.orbitalia.org\/fr\/wp-json\/wp\/v2\/types\/product"}],"wp:featuredmedia":[{"embeddable":true,"href":"https:\/\/olemosaic.orbitalia.org\/fr\/wp-json\/wp\/v2\/media\/13784"}],"wp:attachment":[{"href":"https:\/\/olemosaic.orbitalia.org\/fr\/wp-json\/wp\/v2\/media?parent=36698"}],"wp:term":[{"taxonomy":"product_brand","embeddable":true,"href":"https:\/\/olemosaic.orbitalia.org\/fr\/wp-json\/wp\/v2\/product_brand?post=36698"},{"taxonomy":"product_cat","embeddable":true,"href":"https:\/\/olemosaic.orbitalia.org\/fr\/wp-json\/wp\/v2\/product_cat?post=36698"},{"taxonomy":"product_tag","embeddable":true,"href":"https:\/\/olemosaic.orbitalia.org\/fr\/wp-json\/wp\/v2\/product_tag?post=36698"}],"curies":[{"name":"wp","href":"https:\/\/api.w.org\/{rel}","templated":true}]}}