{"id":36663,"date":"2025-02-20T23:27:47","date_gmt":"2025-02-20T22:27:47","guid":{"rendered":"https:\/\/olemosaic.orbitalia.org\/producto\/bailaora-figura-de-resina-de-5-cm-pintada-a-mano\/"},"modified":"2025-07-25T19:23:46","modified_gmt":"2025-07-25T17:23:46","slug":"danseuse-flamenco-figurine-resine-5-cm-peinte-a-la-main","status":"publish","type":"product","link":"https:\/\/olemosaic.orbitalia.org\/fr\/produit\/danseuse-flamenco-figurine-resine-5-cm-peinte-a-la-main\/","title":{"rendered":"Danseuse de Flamenco. Figurine mosa\u00efque de 5 cm."},"content":{"rendered":"<p>D\u00e9couvrez notre charmante figurine en r\u00e9sine d&rsquo;une danseuse de flamenco espagnole ! Mesurant 5 cm de haut, cette pi\u00e8ce spectaculaire semble \u00eatre peinte \u00e0 la main, capturant l&rsquo;essence du folklore andalou vibrant dans chaque d\u00e9tail. La figurine montre la danseuse dans une robe \u00e0 volants aux couleurs vives symbolisant la joie de la culture flamenco, orn\u00e9e d&rsquo;une coiffure traditionnelle qui rehausse son \u00e9l\u00e9gance et sa gr\u00e2ce. La pose dynamique de la danseuse \u00e9voque la passion de la danse flamenco, rendant chaque pi\u00e8ce unique.<\/p>\n<p>Les d\u00e9tails artisanaux color\u00e9s et fins de cette figurine d\u00e9corent non seulement n&rsquo;importe quel espace, mais agissent \u00e9galement comme un rappel chaleureux de la riche tradition culturelle de l&rsquo;Espagne. C&rsquo;est le souvenir parfait, capturant l&rsquo;esprit festif du pays, id\u00e9al pour ceux qui recherchent une repr\u00e9sentation authentique de l&rsquo;h\u00e9ritage andalou.<\/p>\n<p>Chez Ol\u00e9 Mosaic, en tant que grossistes de souvenirs, nous proposons des produits de haute qualit\u00e9 et diversifi\u00e9s qui c\u00e9l\u00e8brent la culture espagnole. Ce souvenir est un excellent choix pour les boutiques de cadeaux touristiques, offrant une connexion \u00e9motionnelle avec la culture de l&rsquo;Andalousie et \u00e9tant un choix populaire parmi les touristes qui souhaitent emporter un morceau d&rsquo;art et de tradition espagnole chez eux.<\/p>\n","protected":false},"excerpt":{"rendered":"<p>Figurine de 5 cm, design artisanal, peinte \u00e0 la main, repr\u00e9sentant une danseuse de flamenco espagnole. Ce charmant souvenir capture l&rsquo;essence du folklore andalou avec ses couleurs vibrantes et ses d\u00e9tails artisanaux. La figurine montre la danseuse dans une robe \u00e0 volants, compl\u00e9t\u00e9e par une coiffure traditionnelle et des ornements qui soulignent son \u00e9l\u00e9gance. Id\u00e9al pour d\u00e9corer et se souvenir de la culture espagnole avec une touche d&rsquo;authenticit\u00e9.<\/p>\n","protected":false},"featured_media":6878,"template":"","meta":{"_acf_changed":false},"product_brand":[],"product_cat":[540],"product_tag":[],"class_list":{"0":"post-36663","1":"product","2":"type-product","3":"status-publish","4":"has-post-thumbnail","6":"product_cat-chiffres","7":"pa_motivo-danseurs","9":"first","10":"instock","11":"shipping-taxable","12":"product-type-simple"},"acf":[],"_links":{"self":[{"href":"https:\/\/olemosaic.orbitalia.org\/fr\/wp-json\/wp\/v2\/product\/36663","targetHints":{"allow":["GET"]}}],"collection":[{"href":"https:\/\/olemosaic.orbitalia.org\/fr\/wp-json\/wp\/v2\/product"}],"about":[{"href":"https:\/\/olemosaic.orbitalia.org\/fr\/wp-json\/wp\/v2\/types\/product"}],"wp:featuredmedia":[{"embeddable":true,"href":"https:\/\/olemosaic.orbitalia.org\/fr\/wp-json\/wp\/v2\/media\/6878"}],"wp:attachment":[{"href":"https:\/\/olemosaic.orbitalia.org\/fr\/wp-json\/wp\/v2\/media?parent=36663"}],"wp:term":[{"taxonomy":"product_brand","embeddable":true,"href":"https:\/\/olemosaic.orbitalia.org\/fr\/wp-json\/wp\/v2\/product_brand?post=36663"},{"taxonomy":"product_cat","embeddable":true,"href":"https:\/\/olemosaic.orbitalia.org\/fr\/wp-json\/wp\/v2\/product_cat?post=36663"},{"taxonomy":"product_tag","embeddable":true,"href":"https:\/\/olemosaic.orbitalia.org\/fr\/wp-json\/wp\/v2\/product_tag?post=36663"}],"curies":[{"name":"wp","href":"https:\/\/api.w.org\/{rel}","templated":true}]}}