{"id":36660,"date":"2025-02-20T23:27:49","date_gmt":"2025-02-20T22:27:49","guid":{"rendered":"https:\/\/olemosaic.orbitalia.org\/producto\/aceitera-de-ceramica-santiago-calca-blanco\/"},"modified":"2025-07-25T18:38:03","modified_gmt":"2025-07-25T16:38:03","slug":"huilier-ceramique-santiago-decalcomanie-blanc","status":"publish","type":"product","link":"https:\/\/olemosaic.orbitalia.org\/fr\/produit\/huilier-ceramique-santiago-decalcomanie-blanc\/","title":{"rendered":"Huilier en c\u00e9ramique. Santiago. D\u00e9calcomanie. Blanc"},"content":{"rendered":"<p>Huilier en c\u00e9ramique du Chemin de Saint-Jacques<\/p>\n<p>D\u00e9couvrez cet exquis huilier en c\u00e9ramique \u00e0 effet peint \u00e0 la main, un hommage authentique au l\u00e9gendaire Chemin de Saint-Jacques. Cet \u00e9l\u00e9gant r\u00e9cipient, avec une finition blanche \u00e9clatante, se distingue par ses motifs iconographiques vibrants, notamment la c\u00e9l\u00e8bre coquille de Saint-Jacques, des personnages v\u00eatus de costumes traditionnels et l&rsquo;imposante cath\u00e9drale de Saint-Jacques-de-Compostelle. Les tons orange, rouge et jaune vifs illuminent non seulement son apparence mais symbolisent \u00e9galement la richesse culturelle et la d\u00e9votion qui impr\u00e8gnent cet ancien p\u00e8lerinage.<\/p>\n<p>L&rsquo;huilier pr\u00e9sente un design fonctionnel qui comprend un distributeur pratique, parfait pour servir de l&rsquo;huile d&rsquo;olive \u00e0 n&rsquo;importe quelle table, que ce soit lors d&rsquo;une c\u00e9l\u00e9bration sp\u00e9ciale ou d&rsquo;une r\u00e9union de famille. La finition craquel\u00e9e offre une texture unique qui am\u00e9liore son esth\u00e9tique et en fait un objet d\u00e9coratif aussi impressionnant qu&rsquo;utile.<\/p>\n<p>Ce souvenir repr\u00e9sente non seulement un \u00e9l\u00e9ment distinctif du folklore galicien, mais constitue \u00e9galement un excellent rappel de l&rsquo;exp\u00e9rience spirituelle et culturelle que repr\u00e9sente le Chemin de Saint-Jacques. \u00c0 chaque utilisation, cet huilier \u00e9voque les paysages et les traditions de la Galice, ce qui en fait le cadeau parfait pour les touristes qui souhaitent emporter chez eux un morceau de la culture espagnole. Chez Ol\u00e9 Mosaic, en tant que distributeurs de souvenirs en gros, nous proposons des produits qui capturent l&rsquo;essence des destinations les plus embl\u00e9matiques d&rsquo;Espagne, garantissant authenticit\u00e9 et qualit\u00e9 dans chacune de nos pi\u00e8ces.<\/p>\n","protected":false},"excerpt":{"rendered":"<p>Huilier en c\u00e9ramique au design artisanal, peint \u00e0 la main, inspir\u00e9 du c\u00e9l\u00e8bre Chemin de Saint-Jacques. Cet \u00e9l\u00e9gant r\u00e9cipient blanc pr\u00e9sente un design vibrant avec des motifs iconiques tels que la coquille, symbole du chemin, des figures v\u00eatues de costumes traditionnels et la cath\u00e9drale de Saint-Jacques-de-Compostelle, le tout dans des tons vifs d&rsquo;orange, de rouge et de jaune. Avec une finition craquel\u00e9e qui rehausse son esth\u00e9tique, c&rsquo;est un ajout id\u00e9al \u00e0 toute table et apporte une touche de culture et de tradition \u00e0 votre cuisine.<\/p>\n","protected":false},"featured_media":9931,"template":"","meta":{"_acf_changed":false},"product_brand":[],"product_cat":[782],"product_tag":[585],"class_list":{"0":"post-36660","1":"product","2":"type-product","3":"status-publish","4":"has-post-thumbnail","6":"product_cat-huiliers","7":"product_tag-ceramique","8":"pa_ciudad-santiago-de-compostela","9":"pa_pais-espana","11":"first","12":"instock","13":"shipping-taxable","14":"product-type-simple"},"acf":[],"_links":{"self":[{"href":"https:\/\/olemosaic.orbitalia.org\/fr\/wp-json\/wp\/v2\/product\/36660","targetHints":{"allow":["GET"]}}],"collection":[{"href":"https:\/\/olemosaic.orbitalia.org\/fr\/wp-json\/wp\/v2\/product"}],"about":[{"href":"https:\/\/olemosaic.orbitalia.org\/fr\/wp-json\/wp\/v2\/types\/product"}],"wp:featuredmedia":[{"embeddable":true,"href":"https:\/\/olemosaic.orbitalia.org\/fr\/wp-json\/wp\/v2\/media\/9931"}],"wp:attachment":[{"href":"https:\/\/olemosaic.orbitalia.org\/fr\/wp-json\/wp\/v2\/media?parent=36660"}],"wp:term":[{"taxonomy":"product_brand","embeddable":true,"href":"https:\/\/olemosaic.orbitalia.org\/fr\/wp-json\/wp\/v2\/product_brand?post=36660"},{"taxonomy":"product_cat","embeddable":true,"href":"https:\/\/olemosaic.orbitalia.org\/fr\/wp-json\/wp\/v2\/product_cat?post=36660"},{"taxonomy":"product_tag","embeddable":true,"href":"https:\/\/olemosaic.orbitalia.org\/fr\/wp-json\/wp\/v2\/product_tag?post=36660"}],"curies":[{"name":"wp","href":"https:\/\/api.w.org\/{rel}","templated":true}]}}