{"id":36648,"date":"2025-02-20T23:27:47","date_gmt":"2025-02-20T22:27:47","guid":{"rendered":"https:\/\/olemosaic.orbitalia.org\/producto\/mug-de-ceramica-panoramica-barcelona-beige\/"},"modified":"2025-07-25T18:42:39","modified_gmt":"2025-07-25T16:42:39","slug":"mug-ceramique-panoramique-barcelone-beige-fr","status":"publish","type":"product","link":"https:\/\/olemosaic.orbitalia.org\/fr\/produit\/mug-ceramique-panoramique-barcelone-beige-fr\/","title":{"rendered":"Mug en c\u00e9ramique. Panoramique. Barcelone. Sagrada Familia et Parc G\u00fcell. Beige."},"content":{"rendered":"<p>D\u00e9couvrez la magie de Barcelone avec notre mug exclusif en c\u00e9ramique ! Ce mug \u00e9l\u00e9gant, dans un ton beige sophistiqu\u00e9, pr\u00e9sente un design panoramique vibrant mettant en valeur l&#8217;embl\u00e9matique Sagrada Familia et les mosa\u00efques color\u00e9es du c\u00e9l\u00e8bre Park G\u00fcell. La c\u00e9ramique de haute qualit\u00e9, en plus d&rsquo;\u00eatre durable, offre une exp\u00e9rience visuelle unique gr\u00e2ce \u00e0 son illustration d\u00e9taill\u00e9e, qui capture l&rsquo;essence culturelle de la ville. Sur le mug, le texte distinctif \u00ab\u00a0Barcelona\u00a0\u00bb est visible dans un style amusant, compl\u00e9tant la riche palette de couleurs du design, \u00e9voquant la cr\u00e9ativit\u00e9 et l&rsquo;\u00e9nergie de la m\u00e9tropole catalane.<\/p>\n<p>L&rsquo;int\u00e9rieur rouge ajoute une touche de joie, tandis que la cuill\u00e8re incluse, dans un ton rouge d\u00e9licat assorti, est non seulement pratique mais am\u00e9liore \u00e9galement le design global. Ce mug est parfait pour savourer votre caf\u00e9, th\u00e9 ou toute boisson chaude, ce qui en fait un souvenir id\u00e9al pour ceux qui cherchent \u00e0 ramener chez eux un morceau de la culture vibrante de Barcelone. Chez Ol\u00e9 Mosaic, nous nous sp\u00e9cialisons dans la distribution de souvenirs en gros, et ce mug en c\u00e9ramique est un excellent choix pour les boutiques de cadeaux touristiques cherchant \u00e0 offrir des produits authentiques et repr\u00e9sentatifs. Offrez ou recevez un morceau de l&rsquo;histoire et de l&rsquo;art de Barcelone avec ce charmant mug qui laissera sans aucun doute une impression durable.<\/p>\n","protected":false},"excerpt":{"rendered":"<p>Mug en c\u00e9ramique avec un design panoramique de Barcelone, mettant en valeur la beaut\u00e9 de la Sagrada Familia et des \u00e9l\u00e9ments du Park G\u00fcell. Le mug, dans un ton beige \u00e9l\u00e9gant, pr\u00e9sente une mosa\u00efque de couleurs vibrantes capturant l&rsquo;essence de la ville. Avec le mot \u00ab\u00a0Barcelona\u00a0\u00bb imprim\u00e9 dans un style amusant, cet article comprend un int\u00e9rieur rouge et une cuill\u00e8re assortie. Parfait pour savourer vos boissons tout en \u00e9voquant l&rsquo;art et l&rsquo;architecture de cette ville embl\u00e9matique.<\/p>\n","protected":false},"featured_media":6929,"template":"","meta":{"_acf_changed":false},"product_brand":[],"product_cat":[728],"product_tag":[585],"class_list":{"0":"post-36648","1":"product","2":"type-product","3":"status-publish","4":"has-post-thumbnail","6":"product_cat-mugs","7":"product_tag-ceramique","8":"pa_ciudad-barcelona","9":"pa_motivo-panoramas","10":"pa_pais-espana","12":"first","13":"instock","14":"shipping-taxable","15":"product-type-simple"},"acf":[],"_links":{"self":[{"href":"https:\/\/olemosaic.orbitalia.org\/fr\/wp-json\/wp\/v2\/product\/36648","targetHints":{"allow":["GET"]}}],"collection":[{"href":"https:\/\/olemosaic.orbitalia.org\/fr\/wp-json\/wp\/v2\/product"}],"about":[{"href":"https:\/\/olemosaic.orbitalia.org\/fr\/wp-json\/wp\/v2\/types\/product"}],"wp:featuredmedia":[{"embeddable":true,"href":"https:\/\/olemosaic.orbitalia.org\/fr\/wp-json\/wp\/v2\/media\/6929"}],"wp:attachment":[{"href":"https:\/\/olemosaic.orbitalia.org\/fr\/wp-json\/wp\/v2\/media?parent=36648"}],"wp:term":[{"taxonomy":"product_brand","embeddable":true,"href":"https:\/\/olemosaic.orbitalia.org\/fr\/wp-json\/wp\/v2\/product_brand?post=36648"},{"taxonomy":"product_cat","embeddable":true,"href":"https:\/\/olemosaic.orbitalia.org\/fr\/wp-json\/wp\/v2\/product_cat?post=36648"},{"taxonomy":"product_tag","embeddable":true,"href":"https:\/\/olemosaic.orbitalia.org\/fr\/wp-json\/wp\/v2\/product_tag?post=36648"}],"curies":[{"name":"wp","href":"https:\/\/api.w.org\/{rel}","templated":true}]}}