{"id":36645,"date":"2025-02-20T23:27:49","date_gmt":"2025-02-20T22:27:49","guid":{"rendered":"https:\/\/olemosaic.orbitalia.org\/producto\/toro-figura-de-resina-de-24-cm-pintada-a-mano\/"},"modified":"2025-07-25T19:58:37","modified_gmt":"2025-07-25T17:58:37","slug":"figurine-taureau-mosaique-24-cm","status":"publish","type":"product","link":"https:\/\/olemosaic.orbitalia.org\/fr\/produit\/figurine-taureau-mosaique-24-cm\/","title":{"rendered":"Taureau. Figurine mosa\u00efque de 24 cm. Mosa\u00efque."},"content":{"rendered":"<p>Nous pr\u00e9sentons la figurine de taureau en r\u00e9sine \u00e0 effet peint \u00e0 la main de 24 cm ! Ce souvenir captivant saisit l&rsquo;essence vibrante du folklore espagnol, symbolisant la force et la tradition qui d\u00e9finissent la culture de l&rsquo;Espagne. Chaque figurine est fabriqu\u00e9e \u00e0 la main, mettant en avant un design en mosa\u00efque impressionnant qui affiche une palette de couleurs intenses telles que le rouge, le jaune et le noir. Ces tons ajoutent non seulement un air joyeux et frappant, mais refl\u00e8tent \u00e9galement l&rsquo;esprit festif caract\u00e9ristique des c\u00e9l\u00e9brations espagnoles.<\/p>\n<p>L&rsquo;attention port\u00e9e aux d\u00e9tails dans chaque fragment de couleur fait de cette figurine de taureau un objet de d\u00e9coration exceptionnel, id\u00e9al pour ceux qui recherchent un souvenir authentique de leur visite en Espagne. Ce taureau n&rsquo;est pas seulement un objet d\u00e9coratif, mais un symbole qui \u00e9voque la tradition de la tauromachie, profond\u00e9ment enracin\u00e9e dans l&rsquo;histoire culturelle espagnole. Le riche h\u00e9ritage des corridas, qui font partie du patrimoine espagnol, se refl\u00e8te dans cette repr\u00e9sentation artistique ing\u00e9nieuse.<\/p>\n<p>Chez Ol\u00e9 Mosaic, nous sommes votre meilleur choix en tant que distributeur de souvenirs typiques, offrant des articles uniques qui c\u00e9l\u00e8brent la culture espagnole. Ce taureau en r\u00e9sine, avec son design color\u00e9 et son savoir-faire exceptionnel, est un excellent choix pour les boutiques de cadeaux touristiques qui ont besoin de souvenirs authentiques mettant en valeur le riche patrimoine de l&rsquo;Espagne.<\/p>\n","protected":false},"excerpt":{"rendered":"<p>Figurine de taureau de 24 cm, design artisanal, peinte \u00e0 la main, avec un design en mosa\u00efque vibrant qui capture l&rsquo;essence du folklore espagnol. Cette pi\u00e8ce repr\u00e9sente un symbole de force et de tradition, avec des couleurs intenses telles que le rouge, le jaune et le noir, lui donnant un aspect frappant et joyeux. Id\u00e9ale comme d\u00e9coration ou souvenir, cette figurine se distingue par son savoir-faire unique et le soin apport\u00e9 aux d\u00e9tails dans chaque fragment de couleur.<\/p>\n","protected":false},"featured_media":6147,"template":"","meta":{"_acf_changed":false},"product_brand":[],"product_cat":[540],"product_tag":[530],"class_list":{"0":"post-36645","1":"product","2":"type-product","3":"status-publish","4":"has-post-thumbnail","6":"product_cat-chiffres","7":"product_tag-animaux","8":"pa_motivo-taureaux","10":"first","11":"instock","12":"shipping-taxable","13":"product-type-simple"},"acf":[],"_links":{"self":[{"href":"https:\/\/olemosaic.orbitalia.org\/fr\/wp-json\/wp\/v2\/product\/36645","targetHints":{"allow":["GET"]}}],"collection":[{"href":"https:\/\/olemosaic.orbitalia.org\/fr\/wp-json\/wp\/v2\/product"}],"about":[{"href":"https:\/\/olemosaic.orbitalia.org\/fr\/wp-json\/wp\/v2\/types\/product"}],"wp:featuredmedia":[{"embeddable":true,"href":"https:\/\/olemosaic.orbitalia.org\/fr\/wp-json\/wp\/v2\/media\/6147"}],"wp:attachment":[{"href":"https:\/\/olemosaic.orbitalia.org\/fr\/wp-json\/wp\/v2\/media?parent=36645"}],"wp:term":[{"taxonomy":"product_brand","embeddable":true,"href":"https:\/\/olemosaic.orbitalia.org\/fr\/wp-json\/wp\/v2\/product_brand?post=36645"},{"taxonomy":"product_cat","embeddable":true,"href":"https:\/\/olemosaic.orbitalia.org\/fr\/wp-json\/wp\/v2\/product_cat?post=36645"},{"taxonomy":"product_tag","embeddable":true,"href":"https:\/\/olemosaic.orbitalia.org\/fr\/wp-json\/wp\/v2\/product_tag?post=36645"}],"curies":[{"name":"wp","href":"https:\/\/api.w.org\/{rel}","templated":true}]}}