{"id":36635,"date":"2025-02-20T23:31:54","date_gmt":"2025-02-20T22:31:54","guid":{"rendered":"https:\/\/olemosaic.orbitalia.org\/producto\/ceramic-ladle-panoramic-barcelona-beige\/"},"modified":"2025-11-21T13:18:39","modified_gmt":"2025-11-21T12:18:39","slug":"louche-en-ceramique-panoramique-barcelone-beige","status":"publish","type":"product","link":"https:\/\/olemosaic.orbitalia.org\/fr\/produit\/louche-en-ceramique-panoramique-barcelone-beige\/","title":{"rendered":"Louche en c\u00e9ramique. Panoramique. Barcelone. Beige"},"content":{"rendered":"<p>Cette louche unique en c\u00e9ramique pr\u00e9sente un magnifique panorama de Barcelone, id\u00e9al pour les amateurs de cuisine et de culture. Avec une base blanche qui rehausse son design peint \u00e0 la main, la louche rend hommage \u00e0 l&#8217;embl\u00e9matique Sagrada Familia, montrant sa majest\u00e9 dans des tons vibrants de beige et de rouge. L&rsquo;illustration capture la splendeur du monument moderniste, entour\u00e9 de mosa\u00efques color\u00e9es qui \u00e9voquent le style signature de l&rsquo;architecte Antoni Gaud\u00ed, c\u00e9l\u00e8bre pour sa contribution unique au paysage architectural de la ville.  <\/p>\n<p>Le bord rouge de la louche ajoute non seulement une touche distinctive, mais compl\u00e8te \u00e9galement les couleurs vibrantes de l&rsquo;illustration, transformant cet ustensile en une pi\u00e8ce d&rsquo;art culinaire. Id\u00e9ale \u00e0 la fois pour une utilisation en cuisine et pour embellir n&rsquo;importe quel coin de votre maison, cette louche devient un souvenir repr\u00e9sentatif de Barcelone dont vous vous souviendrez \u00e0 chaque utilisation. <\/p>\n<p>Chez Ol\u00e9 Mosaic, nous proposons cette louche dans le cadre de notre s\u00e9lection de souvenirs authentiques qui refl\u00e8tent la richesse culturelle et artistique de Barcelone. C&rsquo;est un choix parfait pour les boutiques de cadeaux touristiques \u00e0 la recherche de produits distinctifs et de qualit\u00e9, offrant aux touristes un petit morceau de la ville \u00e0 emporter chez eux. <\/p>\n","protected":false},"excerpt":{"rendered":"<p>Louche en c\u00e9ramique avec un magnifique panorama de Barcelone dans les tons beige et rouge. Cette louche \u00e9l\u00e9gante pr\u00e9sente une illustration d\u00e9taill\u00e9e de l&#8217;embl\u00e9matique Sagrada Familia, entour\u00e9e de mosa\u00efques color\u00e9es qui \u00e9voquent le style moderniste de la ville. Le bord rouge ajoute une touche distinctive, tandis que la base blanche souligne les couleurs vibrantes du design artisanal peint \u00e0 la main. Id\u00e9ale pour une utilisation en cuisine ou pour d\u00e9corer n&rsquo;importe quel coin.   <\/p>\n","protected":false},"featured_media":7002,"template":"","meta":{"_acf_changed":false},"product_brand":[],"product_cat":[798],"product_tag":[585],"class_list":{"0":"post-36635","1":"product","2":"type-product","3":"status-publish","4":"has-post-thumbnail","6":"product_cat-louches","7":"product_tag-ceramique","8":"pa_ciudad-barcelona","9":"pa_motivo-panoramas","10":"pa_pais-espana","12":"first","13":"instock","14":"shipping-taxable","15":"product-type-simple"},"acf":[],"_links":{"self":[{"href":"https:\/\/olemosaic.orbitalia.org\/fr\/wp-json\/wp\/v2\/product\/36635","targetHints":{"allow":["GET"]}}],"collection":[{"href":"https:\/\/olemosaic.orbitalia.org\/fr\/wp-json\/wp\/v2\/product"}],"about":[{"href":"https:\/\/olemosaic.orbitalia.org\/fr\/wp-json\/wp\/v2\/types\/product"}],"wp:featuredmedia":[{"embeddable":true,"href":"https:\/\/olemosaic.orbitalia.org\/fr\/wp-json\/wp\/v2\/media\/7002"}],"wp:attachment":[{"href":"https:\/\/olemosaic.orbitalia.org\/fr\/wp-json\/wp\/v2\/media?parent=36635"}],"wp:term":[{"taxonomy":"product_brand","embeddable":true,"href":"https:\/\/olemosaic.orbitalia.org\/fr\/wp-json\/wp\/v2\/product_brand?post=36635"},{"taxonomy":"product_cat","embeddable":true,"href":"https:\/\/olemosaic.orbitalia.org\/fr\/wp-json\/wp\/v2\/product_cat?post=36635"},{"taxonomy":"product_tag","embeddable":true,"href":"https:\/\/olemosaic.orbitalia.org\/fr\/wp-json\/wp\/v2\/product_tag?post=36635"}],"curies":[{"name":"wp","href":"https:\/\/api.w.org\/{rel}","templated":true}]}}