{"id":36605,"date":"2025-02-20T23:31:47","date_gmt":"2025-02-20T22:31:47","guid":{"rendered":"https:\/\/olemosaic.orbitalia.org\/producto\/taca-de-ceramica-de-9-cm-salamandra-barcelona-bege\/"},"modified":"2025-02-20T23:31:47","modified_gmt":"2025-02-20T22:31:47","slug":"bol-en-ceramique-de-9-cm-salamandre-barcelone-beige-fr","status":"publish","type":"product","link":"https:\/\/olemosaic.orbitalia.org\/fr\/produit\/bol-en-ceramique-de-9-cm-salamandre-barcelone-beige-fr\/","title":{"rendered":"Bol en c\u00e9ramique de 9 cm. Salamandre. Barcelone. Beige"},"content":{"rendered":"<p>Ce charmant bol en c\u00e9ramique de 9 cm est un souvenir vibrant qui capture l&rsquo;essence de Barcelone. Avec un design attrayant, il pr\u00e9sente des salamandres dans des tons de rouge, vert et bleu entrelac\u00e9es avec des fleurs sur un fond beige, cr\u00e9ant une composition visuelle joyeuse et dynamique. Le texte \u00ab\u00a0Barcelona\u00a0\u00bb se distingue par une typographie color\u00e9e, ajoutant une touche personnelle et locale au design. L&rsquo;int\u00e9rieur du bol brille avec une finition rouge vibrante, qui non seulement rehausse son caract\u00e8re artistique, mais apporte \u00e9galement une touche contemporaine \u00e0 n&rsquo;importe quelle cuisine.<\/p>\n<p>Ce bol n&rsquo;est pas seulement un ustensile, mais un \u00e9l\u00e9ment d\u00e9coratif qui ajoute une touche m\u00e9diterran\u00e9enne, id\u00e9al pour ceux qui recherchent un souvenir authentique repr\u00e9sentatif de la culture catalane. La salamandre, symbole de chance et de transformation dans de nombreuses traditions m\u00e9diterran\u00e9ennes, occupe la place centrale dans ce design, faisant de chaque utilisation non seulement un moment pratique, mais aussi un hommage \u00e0 la riche histoire de la r\u00e9gion.<\/p>\n<p>Chez Ol\u00e9 MOSAIC, nous sommes sp\u00e9cialistes de la distribution de souvenirs de qualit\u00e9 en gros, comme cette salamandre en c\u00e9ramique, qui est une excellente option pour les boutiques de souvenirs touristiques. Avec un \u00e9quilibre parfait entre fonctionnalit\u00e9 et esth\u00e9tique, ce produit est un magnifique souvenir de l&rsquo;\u00e9clat culturel de Barcelone, transformant chaque moment \u00e0 table en un instant plein de couleur et de tradition.<\/p>\n","protected":false},"excerpt":{"rendered":"<p>Bol en c\u00e9ramique de 9 cm, d\u00e9cor\u00e9 de salamandres attrayantes et du texte \u00ab\u00a0Barcelona\u00a0\u00bb. Ce bol s\u00e9duisant pr\u00e9sente un design color\u00e9, avec des salamandres dans des tons de rouge, vert et bleu entrelac\u00e9es parmi des fleurs sur un fond beige. L&rsquo;int\u00e9rieur pr\u00e9sente une finition rouge vibrante, qui rehausse son caract\u00e8re artistique et joyeux. Id\u00e9al comme souvenir ou pour donner une touche originale \u00e0 n&rsquo;importe quelle cuisine.<\/p>\n","protected":false},"featured_media":7374,"template":"","meta":{"_acf_changed":false},"product_brand":[],"product_cat":[521],"product_tag":[530,585],"class_list":{"0":"post-36605","1":"product","2":"type-product","3":"status-publish","4":"has-post-thumbnail","6":"product_cat-bols","7":"product_tag-animaux","8":"product_tag-ceramique","9":"pa_ciudad-barcelona","10":"pa_motivo-salamandres","11":"pa_pais-espana","13":"first","14":"instock","15":"shipping-taxable","16":"product-type-simple"},"acf":[],"_links":{"self":[{"href":"https:\/\/olemosaic.orbitalia.org\/fr\/wp-json\/wp\/v2\/product\/36605","targetHints":{"allow":["GET"]}}],"collection":[{"href":"https:\/\/olemosaic.orbitalia.org\/fr\/wp-json\/wp\/v2\/product"}],"about":[{"href":"https:\/\/olemosaic.orbitalia.org\/fr\/wp-json\/wp\/v2\/types\/product"}],"wp:featuredmedia":[{"embeddable":true,"href":"https:\/\/olemosaic.orbitalia.org\/fr\/wp-json\/wp\/v2\/media\/7374"}],"wp:attachment":[{"href":"https:\/\/olemosaic.orbitalia.org\/fr\/wp-json\/wp\/v2\/media?parent=36605"}],"wp:term":[{"taxonomy":"product_brand","embeddable":true,"href":"https:\/\/olemosaic.orbitalia.org\/fr\/wp-json\/wp\/v2\/product_brand?post=36605"},{"taxonomy":"product_cat","embeddable":true,"href":"https:\/\/olemosaic.orbitalia.org\/fr\/wp-json\/wp\/v2\/product_cat?post=36605"},{"taxonomy":"product_tag","embeddable":true,"href":"https:\/\/olemosaic.orbitalia.org\/fr\/wp-json\/wp\/v2\/product_tag?post=36605"}],"curies":[{"name":"wp","href":"https:\/\/api.w.org\/{rel}","templated":true}]}}