{"id":36604,"date":"2025-02-20T23:38:36","date_gmt":"2025-02-20T22:38:36","guid":{"rendered":"https:\/\/olemosaic.orbitalia.org\/producto\/bol-de-coco-azul-camino-de-santiago-3\/"},"modified":"2025-07-25T20:15:50","modified_gmt":"2025-07-25T18:15:50","slug":"bol-en-noix-de-coco-bleu-chemin-de-compostelle-3","status":"publish","type":"product","link":"https:\/\/olemosaic.orbitalia.org\/fr\/produit\/bol-en-noix-de-coco-bleu-chemin-de-compostelle-3\/","title":{"rendered":"Bol en noix de coco bleu. Chemin de Compostelle. D\u00e9tails en blanc."},"content":{"rendered":"<p>Ce bol en noix de coco bleu, d\u00e9cor\u00e9 de magnifiques motifs du Chemin de Compostelle, est un article artisanal unique qui capture l&rsquo;essence de cette route de p\u00e8lerinage embl\u00e9matique. Fabriqu\u00e9 en noix de coco, il pr\u00e9sente un design peint \u00e0 la main avec des c\u0153urs color\u00e9s autour de l&rsquo;iconique coquille Saint-Jacques, symbole qui guide les p\u00e8lerins depuis des si\u00e8cles. La base du bol est \u00e9l\u00e9gamment finie en blanc et bleu, cr\u00e9ant un contraste vibrant qui rehausse la riche d\u00e9coration et l&rsquo;artisanat du produit.<\/p>\n<p>La coquille, situ\u00e9e au centre du bol avec l&rsquo;inscription \u00ab\u00a0CAMINO DE SANTIAGO\u00a0\u00bb, n&rsquo;est pas seulement un attrait visuel, mais \u00e9voque \u00e9galement la profonde signification spirituelle de cette travers\u00e9e historique, o\u00f9 chaque chemin raconte une histoire de foi et de qu\u00eate personnelle. De plus, les c\u0153urs de diff\u00e9rentes couleurs qui bordent le bol symbolisent la joie et la diversit\u00e9 de ceux qui entreprennent ce voyage.<\/p>\n<p>Ce bol est une excellente option pour ceux qui recherchent des souvenirs authentiques et repr\u00e9sentatifs de la culture espagnole. Chez Ol\u00e9 Mosaic, en tant que distributeurs de souvenirs en gros, nous proposons des produits qui c\u00e9l\u00e8brent les traditions culturelles \u00e0 travers des articles comme ce bol en noix de coco, id\u00e9al pour les boutiques de cadeaux touristiques souhaitant offrir \u00e0 leurs clients un souvenir significatif de leur visite au Chemin de Compostelle. C&rsquo;est sans aucun doute un cadeau parfait qui allie la beaut\u00e9 du design \u00e0 la richesse de la tradition.<\/p>\n","protected":false},"excerpt":{"rendered":"<p>Bol en noix de coco bleu d\u00e9cor\u00e9 de magnifiques motifs du Chemin de Compostelle. Ce bol attrayant, \u00e9labor\u00e9 en noix de coco, pr\u00e9sente un design artisanal, peint \u00e0 la main, avec des c\u0153urs color\u00e9s et le symbole distinctif de la coquille, \u00e9voquant la tradition des p\u00e8lerins. La base de la pi\u00e8ce se distingue par une finition blanche et bleue qui contraste avec la d\u00e9coration vibrante, en faisant un souvenir \u00e9l\u00e9gant qui capture l&rsquo;essence du voyage spirituel.<\/p>\n","protected":false},"featured_media":10319,"template":"","meta":{"_acf_changed":false},"product_brand":[],"product_cat":[521],"product_tag":[],"class_list":{"0":"post-36604","1":"product","2":"type-product","3":"status-publish","4":"has-post-thumbnail","6":"product_cat-bols","7":"pa_ciudad-santiago-de-compostela","8":"pa_motivo-chemin-saint-jacques","9":"pa_pais-espana","11":"first","12":"instock","13":"shipping-taxable","14":"product-type-simple"},"acf":[],"_links":{"self":[{"href":"https:\/\/olemosaic.orbitalia.org\/fr\/wp-json\/wp\/v2\/product\/36604","targetHints":{"allow":["GET"]}}],"collection":[{"href":"https:\/\/olemosaic.orbitalia.org\/fr\/wp-json\/wp\/v2\/product"}],"about":[{"href":"https:\/\/olemosaic.orbitalia.org\/fr\/wp-json\/wp\/v2\/types\/product"}],"wp:featuredmedia":[{"embeddable":true,"href":"https:\/\/olemosaic.orbitalia.org\/fr\/wp-json\/wp\/v2\/media\/10319"}],"wp:attachment":[{"href":"https:\/\/olemosaic.orbitalia.org\/fr\/wp-json\/wp\/v2\/media?parent=36604"}],"wp:term":[{"taxonomy":"product_brand","embeddable":true,"href":"https:\/\/olemosaic.orbitalia.org\/fr\/wp-json\/wp\/v2\/product_brand?post=36604"},{"taxonomy":"product_cat","embeddable":true,"href":"https:\/\/olemosaic.orbitalia.org\/fr\/wp-json\/wp\/v2\/product_cat?post=36604"},{"taxonomy":"product_tag","embeddable":true,"href":"https:\/\/olemosaic.orbitalia.org\/fr\/wp-json\/wp\/v2\/product_tag?post=36604"}],"curies":[{"name":"wp","href":"https:\/\/api.w.org\/{rel}","templated":true}]}}