{"id":36575,"date":"2025-02-20T23:38:35","date_gmt":"2025-02-20T22:38:35","guid":{"rendered":"https:\/\/olemosaic.orbitalia.org\/producto\/vaso-de-chupito-de-vidrio-toro-2\/"},"modified":"2025-07-25T18:57:00","modified_gmt":"2025-07-25T16:57:00","slug":"verre-a-shot-en-verre-taureau-2","status":"publish","type":"product","link":"https:\/\/olemosaic.orbitalia.org\/fr\/produit\/verre-a-shot-en-verre-taureau-2\/","title":{"rendered":"Verre \u00e0 shot en verre. Taureau. D\u00e9tails floraux"},"content":{"rendered":"<p>Ce verre \u00e0 shot en verre, d\u00e9cor\u00e9 de motifs taurins, est une expression vibrante de la riche tradition culturelle espagnole. Chaque pi\u00e8ce pr\u00e9sente un design unique, o\u00f9 des taureaux stylis\u00e9s, dans des couleurs vives comme le vert, le rouge et le bleu, s&rsquo;int\u00e8grent artistiquement \u00e0 d&rsquo;\u00e9l\u00e9gants d\u00e9tails floraux. Les illustrations des taureaux sont inspir\u00e9es de la repr\u00e9sentation embl\u00e9matique de la tauromachie, un art qui suscite la passion dans de nombreuses r\u00e9gions d&rsquo;Espagne. La base du verre met en valeur un motif de fragments rouges, \u00e9voquant l&rsquo;intensit\u00e9 des festivit\u00e9s et des c\u00e9l\u00e9brations typiques.<\/p>\n<p>Ce verre n&rsquo;est pas seulement un accessoire fonctionnel pour savourer des boissons typiques, mais aussi un souvenir qui symbolise le caract\u00e8re festif et l&rsquo;identit\u00e9 culturelle de l&rsquo;Espagne. Id\u00e9al pour c\u00e9l\u00e9brer lors de tout \u00e9v\u00e9nement, son design color\u00e9 et joyeux apporte une touche d&rsquo;authenticit\u00e9 et de folklore, en faisant un souvenir parfait pour les touristes cherchant \u00e0 emporter une partie de la culture espagnole.<\/p>\n<p>Chez Ol\u00e9 Mosaic, en tant que grossiste de souvenirs, nous proposons ce verre \u00e0 shot comme une excellente option pour les boutiques de cadeaux touristiques. Les souvenirs taurins, comme ce verre, capturent l&rsquo;essence des traditions locales et sont un reflet authentique des f\u00eates espagnoles, garantissant une exp\u00e9rience culturelle riche et significative pour ceux qui les acqui\u00e8rent.<\/p>\n","protected":false},"excerpt":{"rendered":"<p>Verre \u00e0 shot en verre d\u00e9cor\u00e9 de motifs vibrants de taureaux, repr\u00e9sentant la riche tradition culturelle espagnole. Chaque verre pr\u00e9sente un design unique, avec des taureaux aux couleurs vives comme le vert, le rouge et le bleu, entour\u00e9s d&rsquo;\u00e9l\u00e9gants d\u00e9tails floraux. La base montre un motif de fragments rouges qui \u00e9voque la passion des festivit\u00e9s. Ce verre est id\u00e9al pour savourer des boissons typiques lors de f\u00eates et c\u00e9l\u00e9brations, avec une touche artistique et folklorique.<\/p>\n","protected":false},"featured_media":8805,"template":"","meta":{"_acf_changed":false},"product_brand":[],"product_cat":[814],"product_tag":[530],"class_list":{"0":"post-36575","1":"product","2":"type-product","3":"status-publish","4":"has-post-thumbnail","6":"product_cat-verres-a-shot","7":"product_tag-animaux","8":"pa_motivo-taureaux","10":"first","11":"instock","12":"shipping-taxable","13":"product-type-simple"},"acf":[],"_links":{"self":[{"href":"https:\/\/olemosaic.orbitalia.org\/fr\/wp-json\/wp\/v2\/product\/36575","targetHints":{"allow":["GET"]}}],"collection":[{"href":"https:\/\/olemosaic.orbitalia.org\/fr\/wp-json\/wp\/v2\/product"}],"about":[{"href":"https:\/\/olemosaic.orbitalia.org\/fr\/wp-json\/wp\/v2\/types\/product"}],"wp:featuredmedia":[{"embeddable":true,"href":"https:\/\/olemosaic.orbitalia.org\/fr\/wp-json\/wp\/v2\/media\/8805"}],"wp:attachment":[{"href":"https:\/\/olemosaic.orbitalia.org\/fr\/wp-json\/wp\/v2\/media?parent=36575"}],"wp:term":[{"taxonomy":"product_brand","embeddable":true,"href":"https:\/\/olemosaic.orbitalia.org\/fr\/wp-json\/wp\/v2\/product_brand?post=36575"},{"taxonomy":"product_cat","embeddable":true,"href":"https:\/\/olemosaic.orbitalia.org\/fr\/wp-json\/wp\/v2\/product_cat?post=36575"},{"taxonomy":"product_tag","embeddable":true,"href":"https:\/\/olemosaic.orbitalia.org\/fr\/wp-json\/wp\/v2\/product_tag?post=36575"}],"curies":[{"name":"wp","href":"https:\/\/api.w.org\/{rel}","templated":true}]}}