{"id":36574,"date":"2025-02-20T23:38:34","date_gmt":"2025-02-20T22:38:34","guid":{"rendered":"https:\/\/olemosaic.orbitalia.org\/producto\/vaso-de-chupito-de-ceramica-sardinas-blanco\/"},"modified":"2025-07-25T19:51:51","modified_gmt":"2025-07-25T17:51:51","slug":"verre-a-shot-en-ceramique-sardines-blanc","status":"publish","type":"product","link":"https:\/\/olemosaic.orbitalia.org\/fr\/produit\/verre-a-shot-en-ceramique-sardines-blanc\/","title":{"rendered":"Verre \u00e0 shot en c\u00e9ramique. Sardines. Blanc."},"content":{"rendered":"<p>Ce verre \u00e0 shot en c\u00e9ramique peint \u00e0 la main est un souvenir vibrant et color\u00e9 qui capture l&rsquo;essence du style m\u00e9diterran\u00e9en. D\u00e9cor\u00e9 d&rsquo;un joyeux motif de sardines dans des tons rouge, vert, jaune et bleu, le verre pr\u00e9sente un fond blanc orn\u00e9 de motifs bleut\u00e9s \u00e9voquant les azulejos traditionnels espagnols, apportant une touche authentique et festive \u00e0 toute occasion. Chaque sardine semble nager joyeusement autour du verre, cr\u00e9ant une image dynamique et pleine de vie qui refl\u00e8te la riche culture c\u00f4ti\u00e8re de la r\u00e9gion. De plus, son int\u00e9rieur orange vibrant ajoute un contraste spectaculaire, en faisant un objet attrayant tant pour l&rsquo;usage quotidien que pour l&rsquo;exposition d\u00e9corative.<\/p>\n<p>Ce verre n&rsquo;est pas seulement un ustensile pour savourer vos boissons pr\u00e9f\u00e9r\u00e9es, mais il symbolise \u00e9galement le lien avec la mer et la gastronomie qui d\u00e9finit la vie dans les localit\u00e9s c\u00f4ti\u00e8res. En tant qu&rsquo;authentique souvenir culturel d&rsquo;Espagne, ce verre \u00e0 shot est parfait pour les touristes cherchant \u00e0 emporter un morceau de la joie et de la tradition m\u00e9diterran\u00e9enne. Chez Ol\u00e9 Mosaic, nous sommes distributeurs de souvenirs en c\u00e9ramique en gros, offrant des produits qui rehaussent l&rsquo;identit\u00e9 culturelle et la saveur locale. Ce verre de sardines est une excellente option pour les boutiques de cadeaux touristiques \u00e0 la recherche d&rsquo;articles uniques et repr\u00e9sentatifs de la r\u00e9gion.<\/p>\n","protected":false},"excerpt":{"rendered":"<p>Verre \u00e0 shot en c\u00e9ramique au design artisanal, peint \u00e0 la main, d\u00e9cor\u00e9 de sardines color\u00e9es dans un style m\u00e9diterran\u00e9en vibrant. Ce verre original, au fond blanc orn\u00e9 de motifs bleut\u00e9s rappelant les azulejos traditionnels, pr\u00e9sente des sardines dans des tons rouge, vert, jaune et bleu, nageant joyeusement tout autour. Son int\u00e9rieur, d&rsquo;un orange vibrant, en fait un souvenir attrayant qui capture l&rsquo;essence de la mer et de la culture c\u00f4ti\u00e8re. Id\u00e9al pour savourer vos boissons avec une touche authentique.<\/p>\n","protected":false},"featured_media":8926,"template":"","meta":{"_acf_changed":false},"product_brand":[],"product_cat":[814],"product_tag":[530,585],"class_list":{"0":"post-36574","1":"product","2":"type-product","3":"status-publish","4":"has-post-thumbnail","6":"product_cat-verres-a-shot","7":"product_tag-animaux","8":"product_tag-ceramique","9":"pa_motivo-sardines","11":"first","12":"instock","13":"shipping-taxable","14":"product-type-simple"},"acf":[],"_links":{"self":[{"href":"https:\/\/olemosaic.orbitalia.org\/fr\/wp-json\/wp\/v2\/product\/36574","targetHints":{"allow":["GET"]}}],"collection":[{"href":"https:\/\/olemosaic.orbitalia.org\/fr\/wp-json\/wp\/v2\/product"}],"about":[{"href":"https:\/\/olemosaic.orbitalia.org\/fr\/wp-json\/wp\/v2\/types\/product"}],"wp:featuredmedia":[{"embeddable":true,"href":"https:\/\/olemosaic.orbitalia.org\/fr\/wp-json\/wp\/v2\/media\/8926"}],"wp:attachment":[{"href":"https:\/\/olemosaic.orbitalia.org\/fr\/wp-json\/wp\/v2\/media?parent=36574"}],"wp:term":[{"taxonomy":"product_brand","embeddable":true,"href":"https:\/\/olemosaic.orbitalia.org\/fr\/wp-json\/wp\/v2\/product_brand?post=36574"},{"taxonomy":"product_cat","embeddable":true,"href":"https:\/\/olemosaic.orbitalia.org\/fr\/wp-json\/wp\/v2\/product_cat?post=36574"},{"taxonomy":"product_tag","embeddable":true,"href":"https:\/\/olemosaic.orbitalia.org\/fr\/wp-json\/wp\/v2\/product_tag?post=36574"}],"curies":[{"name":"wp","href":"https:\/\/api.w.org\/{rel}","templated":true}]}}