{"id":36546,"date":"2025-02-20T22:38:34","date_gmt":"2025-02-20T22:38:34","guid":{"rendered":"https:\/\/olemosaic.orbitalia.org\/producto\/taza-de-ceramica-sardinas-blanco\/"},"modified":"2025-07-25T19:52:06","modified_gmt":"2025-07-25T17:52:06","slug":"tasse-en-ceramique-sardines-blanc","status":"publish","type":"product","link":"https:\/\/olemosaic.orbitalia.org\/fr\/produit\/tasse-en-ceramique-sardines-blanc\/","title":{"rendered":"Tasse en c\u00e9ramique. Sardines. Blanc."},"content":{"rendered":"<p>Tasse en c\u00e9ramique d\u00e9cor\u00e9e d&rsquo;un motif vibrant de sardines, \u00e9voquant la riche tradition de p\u00eache de la c\u00f4te espagnole. Cette tasse originale, fabriqu\u00e9e en c\u00e9ramique de haute qualit\u00e9, pr\u00e9sente un fond orn\u00e9 d&rsquo;azulejos complexes dans les tons bleus, symbolisant la connexion avec la mer et la culture m\u00e9diterran\u00e9enne. L&rsquo;int\u00e9rieur de la tasse, d&rsquo;une couleur orange fra\u00eeche et vibrante, ajoute une touche de gaiet\u00e9, la rendant \u00e0 la fois fonctionnelle et un \u00e9l\u00e9ment d\u00e9coratif attrayant.<\/p>\n<p>Les sardines, illustr\u00e9es dans diverses couleurs comme le rouge, le jaune et le vert, nagent dans un design coh\u00e9rent et anim\u00e9, cr\u00e9ant une pi\u00e8ce visuellement captivante qui se d\u00e9marque dans n&rsquo;importe quelle cuisine ou collection. L&rsquo;anse de la tasse, m\u00e9ticuleusement model\u00e9e en forme de poisson, offre non seulement une prise en main confortable, mais renforce \u00e9galement sa singularit\u00e9, en faisant le souvenir parfait pour les amoureux de la mer et de la gastronomie.<\/p>\n<p>Cette tasse ne repr\u00e9sente pas seulement un magnifique souvenir des coutumes maritimes de l&rsquo;Espagne, elle capture \u00e9galement l&rsquo;essence des traditions locales li\u00e9es \u00e0 la p\u00eache et \u00e0 la gastronomie m\u00e9diterran\u00e9enne. Chez Ol\u00e9 Mosaic, en tant que sp\u00e9cialistes des souvenirs artisanaux, nous offrons \u00e0 nos clients l&rsquo;opportunit\u00e9 d&rsquo;acqu\u00e9rir des souvenirs authentiques qui encapsulent le riche h\u00e9ritage culturel espagnol. Cette tasse de sardines est un choix id\u00e9al pour les boutiques de cadeaux touristiques \u00e0 la recherche de produits alliant cr\u00e9ativit\u00e9, fonctionnalit\u00e9 et signification culturelle.<\/p>\n","protected":false},"excerpt":{"rendered":"<p>Tasse en c\u00e9ramique d\u00e9cor\u00e9e d&rsquo;un motif color\u00e9 de sardines, inspir\u00e9e de la tradition de p\u00eache de la c\u00f4te espagnole. Ce r\u00e9cipient original pr\u00e9sente un fond d&rsquo;azulejos dans les tons bleus et un bord int\u00e9rieur de couleur orange vibrante. Les sardines sont illustr\u00e9es dans diverses teintes, comme le rouge, le jaune et le vert, ce qui lui donne une touche fra\u00eeche et joyeuse. L&rsquo;anse de la tasse a la forme d&rsquo;un poisson, faisant de ce produit une pi\u00e8ce unique et fonctionnelle pour les amoureux de la mer.<\/p>\n","protected":false},"featured_media":8922,"template":"","meta":{"_acf_changed":false},"product_brand":[],"product_cat":[822],"product_tag":[530,585],"class_list":{"0":"post-36546","1":"product","2":"type-product","3":"status-publish","4":"has-post-thumbnail","6":"product_cat-mugs-fr","7":"product_tag-animaux","8":"product_tag-ceramique","9":"pa_motivo-sardines","11":"first","12":"instock","13":"shipping-taxable","14":"product-type-simple"},"acf":[],"_links":{"self":[{"href":"https:\/\/olemosaic.orbitalia.org\/fr\/wp-json\/wp\/v2\/product\/36546","targetHints":{"allow":["GET"]}}],"collection":[{"href":"https:\/\/olemosaic.orbitalia.org\/fr\/wp-json\/wp\/v2\/product"}],"about":[{"href":"https:\/\/olemosaic.orbitalia.org\/fr\/wp-json\/wp\/v2\/types\/product"}],"wp:featuredmedia":[{"embeddable":true,"href":"https:\/\/olemosaic.orbitalia.org\/fr\/wp-json\/wp\/v2\/media\/8922"}],"wp:attachment":[{"href":"https:\/\/olemosaic.orbitalia.org\/fr\/wp-json\/wp\/v2\/media?parent=36546"}],"wp:term":[{"taxonomy":"product_brand","embeddable":true,"href":"https:\/\/olemosaic.orbitalia.org\/fr\/wp-json\/wp\/v2\/product_brand?post=36546"},{"taxonomy":"product_cat","embeddable":true,"href":"https:\/\/olemosaic.orbitalia.org\/fr\/wp-json\/wp\/v2\/product_cat?post=36546"},{"taxonomy":"product_tag","embeddable":true,"href":"https:\/\/olemosaic.orbitalia.org\/fr\/wp-json\/wp\/v2\/product_tag?post=36546"}],"curies":[{"name":"wp","href":"https:\/\/api.w.org\/{rel}","templated":true}]}}