{"id":36544,"date":"2025-02-20T22:38:33","date_gmt":"2025-02-20T22:38:33","guid":{"rendered":"https:\/\/olemosaic.orbitalia.org\/producto\/tapon-de-ceramica-sardinas-blanco\/"},"modified":"2025-07-25T18:38:37","modified_gmt":"2025-07-25T16:38:37","slug":"bouchon-en-ceramique-sardines-blanc","status":"publish","type":"product","link":"https:\/\/olemosaic.orbitalia.org\/fr\/produit\/bouchon-en-ceramique-sardines-blanc\/","title":{"rendered":"Bouchon en c\u00e9ramique. Sardines. Blanc."},"content":{"rendered":"<p>Ce bouchon en c\u00e9ramique, d\u00e9cor\u00e9 d&rsquo;un motif vibrant de sardines, est un accessoire unique qui apportera une touche de style \u00e0 vos bouteilles. Il constitue un joint id\u00e9al et se distingue non seulement par son utilit\u00e9, mais aussi par son aspect artistique. Le couvercle en c\u00e9ramique blanche est orn\u00e9 de charmantes illustrations de sardines aux couleurs rouge, orange, jaune et vert, nageant joyeusement sur un fond d&rsquo;azulejos dans les tons bleus et blancs, \u00e9voquant la riche tradition c\u00e9ramique espagnole. Ce design symbolise la fra\u00eecheur et l&rsquo;abondance de la mer, et c\u00e9l\u00e8bre l&rsquo;h\u00e9ritage culturel des r\u00e9gions c\u00f4ti\u00e8res comme la Galice, o\u00f9 les sardines sont un symbole gastronomique et festif.<\/p>\n<p>Le bouchon dispose d&rsquo;une base en li\u00e8ge, qui assure une fermeture herm\u00e9tique pour pr\u00e9server les saveurs de vos vins et huiles. Avec son esth\u00e9tique vibrante et sa fonctionnalit\u00e9, ce bouchon en c\u00e9ramique devient un magnifique souvenir d&rsquo;Espagne, id\u00e9al pour ceux qui recherchent des souvenirs authentiques et repr\u00e9sentatifs de la culture locale. Chez Ol\u00e9 Mosaic, nous proposons ce souvenir et d&rsquo;autres articles authentiques en gros pour les boutiques de cadeaux touristiques qui appr\u00e9cient la fusion entre design artisanal et tradition culturelle. Ce bouchon est une excellente option pour ceux qui souhaitent ajouter un d\u00e9tail artistique et efficace \u00e0 leur collection d&rsquo;accessoires de cuisine.<\/p>\n","protected":false},"excerpt":{"rendered":"<p>Bouchon en c\u00e9ramique d\u00e9cor\u00e9 d&rsquo;un motif vibrant de sardines, parfait pour sceller vos bouteilles avec une touche de style. Inspir\u00e9 de la tradition espagnole, il pr\u00e9sente une base en li\u00e8ge et un couvercle en c\u00e9ramique blanche orn\u00e9 de sardines en rouge, orange, jaune et vert, sur un fond d&rsquo;azulejos bleu et blanc. Ce bouchon allie fonctionnalit\u00e9 et art, ajoutant un d\u00e9tail distinctif \u00e0 votre collection d&rsquo;accessoires de cuisine.<\/p>\n","protected":false},"featured_media":9058,"template":"","meta":{"_acf_changed":false},"product_brand":[],"product_cat":[825],"product_tag":[530,585],"class_list":{"0":"post-36544","1":"product","2":"type-product","3":"status-publish","4":"has-post-thumbnail","6":"product_cat-bouchons","7":"product_tag-animaux","8":"product_tag-ceramique","9":"pa_motivo-sardines","11":"first","12":"instock","13":"shipping-taxable","14":"product-type-simple"},"acf":[],"_links":{"self":[{"href":"https:\/\/olemosaic.orbitalia.org\/fr\/wp-json\/wp\/v2\/product\/36544","targetHints":{"allow":["GET"]}}],"collection":[{"href":"https:\/\/olemosaic.orbitalia.org\/fr\/wp-json\/wp\/v2\/product"}],"about":[{"href":"https:\/\/olemosaic.orbitalia.org\/fr\/wp-json\/wp\/v2\/types\/product"}],"wp:featuredmedia":[{"embeddable":true,"href":"https:\/\/olemosaic.orbitalia.org\/fr\/wp-json\/wp\/v2\/media\/9058"}],"wp:attachment":[{"href":"https:\/\/olemosaic.orbitalia.org\/fr\/wp-json\/wp\/v2\/media?parent=36544"}],"wp:term":[{"taxonomy":"product_brand","embeddable":true,"href":"https:\/\/olemosaic.orbitalia.org\/fr\/wp-json\/wp\/v2\/product_brand?post=36544"},{"taxonomy":"product_cat","embeddable":true,"href":"https:\/\/olemosaic.orbitalia.org\/fr\/wp-json\/wp\/v2\/product_cat?post=36544"},{"taxonomy":"product_tag","embeddable":true,"href":"https:\/\/olemosaic.orbitalia.org\/fr\/wp-json\/wp\/v2\/product_tag?post=36544"}],"curies":[{"name":"wp","href":"https:\/\/api.w.org\/{rel}","templated":true}]}}