{"id":36533,"date":"2025-02-20T23:38:33","date_gmt":"2025-02-20T22:38:33","guid":{"rendered":"https:\/\/olemosaic.orbitalia.org\/producto\/4-bols-de-coco-de-13-x-6-cm-mano-6\/"},"modified":"2025-07-25T21:10:34","modified_gmt":"2025-07-25T19:10:34","slug":"4-bols-en-noix-de-coco-de-13-x-6-cm-main-6","status":"publish","type":"product","link":"https:\/\/olemosaic.orbitalia.org\/fr\/produit\/4-bols-en-noix-de-coco-de-13-x-6-cm-main-6\/","title":{"rendered":"4 Bols en noix de coco de 13 x 6 cm. Main de Hamsa."},"content":{"rendered":"<p>Ce jeu de quatre bols en noix de coco de 13 x 6 cm est un exemple exceptionnel d&rsquo;artisanat traditionnel, fusionnant fonctionnalit\u00e9 et art dans chaque pi\u00e8ce. Fabriqu\u00e9 \u00e0 la main avec un design vibrant et color\u00e9, chaque bol pr\u00e9sente une magnifique mosa\u00efque de pi\u00e8ces dans les tons rose, bleu et jaune qui capturent la lumi\u00e8re et la couleur, entourant l&#8217;embl\u00e9matique main de Fatma, symbole de protection et de chance dans de nombreuses cultures m\u00e9diterran\u00e9ennes. Cette repr\u00e9sentation artistique ne seulement embellit la table, mais invite \u00e9galement \u00e0 la r\u00e9flexion sur le riche h\u00e9ritage culturel que ces objets repr\u00e9sentent.<\/p>\n<p>Les bols sont id\u00e9aux pour servir des ap\u00e9ritifs ou comme \u00e9l\u00e9ments d\u00e9coratifs, apportant une touche exotique et authentique \u00e0 n&rsquo;importe quel foyer. Leur finition artisanale assure une qualit\u00e9 unique, soulignant le d\u00e9vouement et le respect de la tradition qui caract\u00e9risent chaque cr\u00e9ation. Cet ensemble de bols ne sert pas seulement de simple accessoire, mais devient un souvenir pr\u00e9cieux de la culture m\u00e9diterran\u00e9enne, ce qui en fait un souvenir parfait pour ceux qui souhaitent ramener un morceau de cette riche tradition chez eux.<\/p>\n<p>Chez Ol\u00e9 Mosaic, nous nous sp\u00e9cialisons dans la distribution de souvenirs en gros, pr\u00e9sentant des produits authentiques qui capturent l&rsquo;essence culturelle de leur origine. Les souvenirs de ce jeu de bols en noix de coco sont une excellente option pour les boutiques de cadeaux touristiques, offrant \u00e0 leurs clients l&rsquo;opportunit\u00e9 d&rsquo;acqu\u00e9rir des pi\u00e8ces uniques qui c\u00e9l\u00e8brent la diversit\u00e9 et la beaut\u00e9 des traditions artisanales.<\/p>\n","protected":false},"excerpt":{"rendered":"<p>Lot de quatre bols en noix de coco de 13 x 6 cm, faits \u00e0 la main avec un design vibrant et color\u00e9. Chaque bol pr\u00e9sente une mosa\u00efque de pi\u00e8ces dans les tons rose, bleu et jaune qui encadre l&#8217;embl\u00e9matique main de Fatma au centre. Ces bols refl\u00e8tent un style culturel distinctif, parfaits pour servir des ap\u00e9ritifs ou comme \u00e9l\u00e9ment d\u00e9coratif. Leur finition artisanale garantit une qualit\u00e9 unique, apportant une touche exotique \u00e0 n&rsquo;importe quelle table.<\/p>\n","protected":false},"featured_media":14220,"template":"","meta":{"_acf_changed":false},"product_brand":[],"product_cat":[521],"product_tag":[],"class_list":{"0":"post-36533","1":"product","2":"type-product","3":"status-publish","4":"has-post-thumbnail","6":"product_cat-bols","7":"pa_motivo-mains","9":"first","10":"instock","11":"shipping-taxable","12":"product-type-simple"},"acf":[],"_links":{"self":[{"href":"https:\/\/olemosaic.orbitalia.org\/fr\/wp-json\/wp\/v2\/product\/36533","targetHints":{"allow":["GET"]}}],"collection":[{"href":"https:\/\/olemosaic.orbitalia.org\/fr\/wp-json\/wp\/v2\/product"}],"about":[{"href":"https:\/\/olemosaic.orbitalia.org\/fr\/wp-json\/wp\/v2\/types\/product"}],"wp:featuredmedia":[{"embeddable":true,"href":"https:\/\/olemosaic.orbitalia.org\/fr\/wp-json\/wp\/v2\/media\/14220"}],"wp:attachment":[{"href":"https:\/\/olemosaic.orbitalia.org\/fr\/wp-json\/wp\/v2\/media?parent=36533"}],"wp:term":[{"taxonomy":"product_brand","embeddable":true,"href":"https:\/\/olemosaic.orbitalia.org\/fr\/wp-json\/wp\/v2\/product_brand?post=36533"},{"taxonomy":"product_cat","embeddable":true,"href":"https:\/\/olemosaic.orbitalia.org\/fr\/wp-json\/wp\/v2\/product_cat?post=36533"},{"taxonomy":"product_tag","embeddable":true,"href":"https:\/\/olemosaic.orbitalia.org\/fr\/wp-json\/wp\/v2\/product_tag?post=36533"}],"curies":[{"name":"wp","href":"https:\/\/api.w.org\/{rel}","templated":true}]}}