{"id":36503,"date":"2025-02-20T23:38:32","date_gmt":"2025-02-20T22:38:32","guid":{"rendered":"https:\/\/olemosaic.orbitalia.org\/producto\/4-bols-de-coco-de-13-x-6-cm-sagrada-familia-barcelona-4\/"},"modified":"2025-07-25T20:00:55","modified_gmt":"2025-07-25T18:00:55","slug":"4-bols-en-coco-de-13-x-6-cm-sagrada-familia-barcelone-4","status":"publish","type":"product","link":"https:\/\/olemosaic.orbitalia.org\/fr\/produit\/4-bols-en-coco-de-13-x-6-cm-sagrada-familia-barcelone-4\/","title":{"rendered":"4 Bols en coco de 13 x 6 cm. Sagrada Familia. Barcelone. Espagne."},"content":{"rendered":"<p>Ensemble de 4 bols en coco d\u00e9cor\u00e9s de l&#8217;embl\u00e9matique Sagrada Familia de Barcelone. Chaque bol, mesurant 13 x 6 cm, se distingue par son design unique et vibrant, avec une palette de couleurs intenses comme les bleus, les oranges et les dor\u00e9s, qui rehaussent la texture naturelle du coco. Au centre de chaque pi\u00e8ce, le logo de Barcelone ajoute une touche authentique et distinctive, reliant chaque bol \u00e0 la culture vibrante de la ville. Cet ensemble n&rsquo;est pas seulement id\u00e9al pour servir des ap\u00e9ritifs, mais il fonctionne \u00e9galement comme un \u00e9l\u00e9ment d\u00e9coratif attrayant qui embellira n&rsquo;importe quel espace, apportant un air m\u00e9diterran\u00e9en.<\/p>\n<p>La Sagrada Familia, chef-d&rsquo;\u0153uvre d&rsquo;Antoni Gaud\u00ed, sert d&rsquo;inspiration pour ces bols, encapsulant l&rsquo;essence artistique et architecturale de Barcelone. Cela en fait un souvenir parfait pour ceux qui souhaitent emporter un petit morceau de cette ville iconique. Chez Ol\u00e9 Mosaic, nous vous offrons l&rsquo;opportunit\u00e9 d&rsquo;acqu\u00e9rir ces souvenirs de haute qualit\u00e9 en gros, garantissant l&rsquo;authenticit\u00e9 et le design caract\u00e9ristique de Barcelone. Cet ensemble de bols en coco est une excellente option pour les boutiques de cadeaux touristiques cherchant \u00e0 offrir des produits fonctionnels avec une valeur culturelle significative.<\/p>\n","protected":false},"excerpt":{"rendered":"<p>Ensemble de 4 bols en coco de 13 x 6 cm, d\u00e9cor\u00e9s de motifs \u00e9voquant l&#8217;embl\u00e9matique Sagrada Familia de Barcelone. Chaque bol pr\u00e9sente un design unique avec diff\u00e9rentes couleurs vibrantes, comme les bleus, les oranges et les dor\u00e9s, qui font ressortir sa texture naturelle. Avec le logo de Barcelone au centre, ces bols sont parfaits aussi bien comme objets d\u00e9coratifs que fonctionnels, id\u00e9aux pour servir des ap\u00e9ritifs ou comme \u00e9l\u00e9ment d\u00e9coratif dans votre maison.<\/p>\n","protected":false},"featured_media":14217,"template":"","meta":{"_acf_changed":false},"product_brand":[],"product_cat":[521],"product_tag":[],"class_list":{"0":"post-36503","1":"product","2":"type-product","3":"status-publish","4":"has-post-thumbnail","6":"product_cat-bols","7":"pa_ciudad-barcelona","8":"pa_motivo-sagrada-familia","9":"pa_pais-espana","11":"first","12":"instock","13":"shipping-taxable","14":"product-type-simple"},"acf":[],"_links":{"self":[{"href":"https:\/\/olemosaic.orbitalia.org\/fr\/wp-json\/wp\/v2\/product\/36503","targetHints":{"allow":["GET"]}}],"collection":[{"href":"https:\/\/olemosaic.orbitalia.org\/fr\/wp-json\/wp\/v2\/product"}],"about":[{"href":"https:\/\/olemosaic.orbitalia.org\/fr\/wp-json\/wp\/v2\/types\/product"}],"wp:featuredmedia":[{"embeddable":true,"href":"https:\/\/olemosaic.orbitalia.org\/fr\/wp-json\/wp\/v2\/media\/14217"}],"wp:attachment":[{"href":"https:\/\/olemosaic.orbitalia.org\/fr\/wp-json\/wp\/v2\/media?parent=36503"}],"wp:term":[{"taxonomy":"product_brand","embeddable":true,"href":"https:\/\/olemosaic.orbitalia.org\/fr\/wp-json\/wp\/v2\/product_brand?post=36503"},{"taxonomy":"product_cat","embeddable":true,"href":"https:\/\/olemosaic.orbitalia.org\/fr\/wp-json\/wp\/v2\/product_cat?post=36503"},{"taxonomy":"product_tag","embeddable":true,"href":"https:\/\/olemosaic.orbitalia.org\/fr\/wp-json\/wp\/v2\/product_tag?post=36503"}],"curies":[{"name":"wp","href":"https:\/\/api.w.org\/{rel}","templated":true}]}}