{"id":36502,"date":"2025-02-20T23:38:32","date_gmt":"2025-02-20T22:38:32","guid":{"rendered":"https:\/\/olemosaic.orbitalia.org\/producto\/4-bols-de-coco-de-13-x-6-cm-toro-5\/"},"modified":"2025-07-25T19:43:40","modified_gmt":"2025-07-25T17:43:40","slug":"4-bols-en-coco-de-13-x-6-cm-taureau-5","status":"publish","type":"product","link":"https:\/\/olemosaic.orbitalia.org\/fr\/produit\/4-bols-en-coco-de-13-x-6-cm-taureau-5\/","title":{"rendered":"4 Bols en coco de 13 x 6 cm. Taureau. Motif c\u0153urs."},"content":{"rendered":"<p>Ensemble de 4 bols en coco d\u00e9cor\u00e9s de l&rsquo;iconique taureau espagnol, id\u00e9al pour capturer l&rsquo;essence du folklore et de la culture espagnole dans n&rsquo;importe quel foyer. Chaque bol, aux dimensions compactes (13 x 6 cm), pr\u00e9sente une couleur vibrante : bleu, rouge, jaune et rose, ce qui donne une touche festive et joyeuse \u00e0 sa pr\u00e9sentation. \u00c0 l&rsquo;int\u00e9rieur de chaque bol, un design \u00e9l\u00e9gant de taureau se d\u00e9tache de mani\u00e8re audacieuse, transformant chaque pi\u00e8ce en un symbole de la riche tradition espagnole, particuli\u00e8rement dans sa connexion avec la tauromachie, un art qui a suscit\u00e9 admiration et d\u00e9bat au fil des ans dans le pays.<\/p>\n<p>La base des bols montre un charmant motif de c\u0153urs, qui compl\u00e8te la dynamique visuelle et apporte une finition d\u00e9licate et attrayante. Fabriqu\u00e9s \u00e0 partir de mat\u00e9riaux naturels, ces bols sont parfaits aussi bien pour servir des ap\u00e9ritifs que pour \u00eatre utilis\u00e9s comme \u00e9l\u00e9ments d\u00e9coratifs en toute occasion. L&rsquo;authenticit\u00e9 de ces bols en coco en fait un souvenir repr\u00e9sentatif, id\u00e9al pour les touristes \u00e0 la recherche de souvenirs de qualit\u00e9 et significatifs refl\u00e9tant leur exp\u00e9rience en Espagne. Chez Ol\u00e9 Mosaic, nous nous consacrons \u00e0 la distribution en gros de produits traditionnels, faisant de ces bols une excellente option pour les boutiques de cadeaux touristiques souhaitant offrir des articles uniques et culturellement significatifs.<\/p>\n","protected":false},"excerpt":{"rendered":"<p>Ensemble de 4 bols en coco de 13 x 6 cm, d\u00e9cor\u00e9s de l&rsquo;iconique taureau espagnol. Chaque bol pr\u00e9sente une couleur vibrante \u2014 bleu, rouge, jaune et rose \u2014, avec un design de taureau \u00e0 l&rsquo;int\u00e9rieur. La base de chaque bol montre un motif de c\u0153urs, ajoutant une touche festive. Fabriqu\u00e9s \u00e0 partir de mat\u00e9riaux naturels, ces bols sont parfaits pour servir des ap\u00e9ritifs ou comme \u00e9l\u00e9ments d\u00e9coratifs, capturant l&rsquo;essence du folklore espagnol.<\/p>\n","protected":false},"featured_media":14216,"template":"","meta":{"_acf_changed":false},"product_brand":[],"product_cat":[521],"product_tag":[530],"class_list":{"0":"post-36502","1":"product","2":"type-product","3":"status-publish","4":"has-post-thumbnail","6":"product_cat-bols","7":"product_tag-animaux","8":"pa_motivo-taureaux","10":"first","11":"instock","12":"shipping-taxable","13":"product-type-simple"},"acf":[],"_links":{"self":[{"href":"https:\/\/olemosaic.orbitalia.org\/fr\/wp-json\/wp\/v2\/product\/36502","targetHints":{"allow":["GET"]}}],"collection":[{"href":"https:\/\/olemosaic.orbitalia.org\/fr\/wp-json\/wp\/v2\/product"}],"about":[{"href":"https:\/\/olemosaic.orbitalia.org\/fr\/wp-json\/wp\/v2\/types\/product"}],"wp:featuredmedia":[{"embeddable":true,"href":"https:\/\/olemosaic.orbitalia.org\/fr\/wp-json\/wp\/v2\/media\/14216"}],"wp:attachment":[{"href":"https:\/\/olemosaic.orbitalia.org\/fr\/wp-json\/wp\/v2\/media?parent=36502"}],"wp:term":[{"taxonomy":"product_brand","embeddable":true,"href":"https:\/\/olemosaic.orbitalia.org\/fr\/wp-json\/wp\/v2\/product_brand?post=36502"},{"taxonomy":"product_cat","embeddable":true,"href":"https:\/\/olemosaic.orbitalia.org\/fr\/wp-json\/wp\/v2\/product_cat?post=36502"},{"taxonomy":"product_tag","embeddable":true,"href":"https:\/\/olemosaic.orbitalia.org\/fr\/wp-json\/wp\/v2\/product_tag?post=36502"}],"curies":[{"name":"wp","href":"https:\/\/api.w.org\/{rel}","templated":true}]}}