{"id":36500,"date":"2025-02-20T23:38:32","date_gmt":"2025-02-20T22:38:32","guid":{"rendered":"https:\/\/olemosaic.orbitalia.org\/producto\/4-bols-de-coco-de-13-x-6-cm-isla-salamandra-mallorca-2\/"},"modified":"2025-07-25T20:14:02","modified_gmt":"2025-07-25T18:14:02","slug":"4-bols-en-coco-de-13-x-6-cm-ile-salamandre-majorque-2","status":"publish","type":"product","link":"https:\/\/olemosaic.orbitalia.org\/fr\/produit\/4-bols-en-coco-de-13-x-6-cm-ile-salamandre-majorque-2\/","title":{"rendered":"4 Bols en coco de 13 x 6 cm. \u00cele + salamandre. Majorque."},"content":{"rendered":"<p>Ensemble de quatre bols en coco d\u00e9cor\u00e9s de mosa\u00efques color\u00e9es et de motifs de salamandres, \u00e9voquant l&rsquo;essence de Majorque. Cet ensemble charmant de bols, chacun d&rsquo;une taille de 13 x 6 cm, pr\u00e9sente un design attrayant peint \u00e0 la main qui combine des tons vibrants de rose, bleu et jaune sur un \u00e9l\u00e9gant fond blanc. Les inscriptions \u00ab\u00a0Mallorca\u00a0\u00bb et la repr\u00e9sentation de salamandres, symbolisant la faune locale, apportent une touche distinctive \u00e0 chaque bol.<\/p>\n<p>Parfaits aussi bien pour servir des ap\u00e9ritifs que pour d\u00e9corer la maison, ces bols se distinguent par leur authenticit\u00e9 et leur artisanat \u00e9labor\u00e9, refl\u00e9tant la riche culture de l&rsquo;\u00eele. La salamandre est un symbole populaire \u00e0 Majorque, connue pour son lien avec la nature et la chaleur du climat m\u00e9diterran\u00e9en, ce qui fait de ces bols plus qu&rsquo;un simple ustensile pratique : ce sont des souvenirs m\u00e9morables de la vie insulaire.<\/p>\n<p>Cet ensemble de souvenirs de Majorque est une excellente option pour les boutiques de cadeaux touristiques qui cherchent \u00e0 offrir des produits authentiques et fonctionnels. Chez Ol\u00e9 Mosaic, notre engagement est de fournir des articles de qualit\u00e9 et de pertinence culturelle, offrant aux touristes un moyen d&#8217;emporter un morceau de la beaut\u00e9 et de la tradition de Majorque. En tant que distributeurs de souvenirs, nous garantissons que chaque produit est une c\u00e9l\u00e9bration de l&rsquo;identit\u00e9 locale.<\/p>\n","protected":false},"excerpt":{"rendered":"<p>Ensemble de 4 bols en coco de 13 x 6 cm, d\u00e9cor\u00e9s de mosa\u00efques color\u00e9es et de motifs de salamandres, \u00e9voquant l&rsquo;essence de Majorque. Ces bols attrayants se distinguent par leur design artisanal, peint \u00e0 la main, combinant des tons vibrants comme le rose, le bleu et le jaune sur un \u00e9l\u00e9gant fond blanc. Chaque bol porte des inscriptions renfor\u00e7ant sa provenance, offrant une touche distinctive et fonctionnelle pour tout foyer ou collection de souvenirs. Parfaits pour servir des ap\u00e9ritifs ou comme \u00e9l\u00e9ments d\u00e9coratifs.<\/p>\n","protected":false},"featured_media":14212,"template":"","meta":{"_acf_changed":false},"product_brand":[],"product_cat":[521],"product_tag":[530],"class_list":{"0":"post-36500","1":"product","2":"type-product","3":"status-publish","4":"has-post-thumbnail","6":"product_cat-bols","7":"product_tag-animaux","8":"pa_ciudad-mallorca","9":"pa_motivo-iles","10":"pa_pais-espana","12":"first","13":"instock","14":"shipping-taxable","15":"product-type-simple"},"acf":[],"_links":{"self":[{"href":"https:\/\/olemosaic.orbitalia.org\/fr\/wp-json\/wp\/v2\/product\/36500","targetHints":{"allow":["GET"]}}],"collection":[{"href":"https:\/\/olemosaic.orbitalia.org\/fr\/wp-json\/wp\/v2\/product"}],"about":[{"href":"https:\/\/olemosaic.orbitalia.org\/fr\/wp-json\/wp\/v2\/types\/product"}],"wp:featuredmedia":[{"embeddable":true,"href":"https:\/\/olemosaic.orbitalia.org\/fr\/wp-json\/wp\/v2\/media\/14212"}],"wp:attachment":[{"href":"https:\/\/olemosaic.orbitalia.org\/fr\/wp-json\/wp\/v2\/media?parent=36500"}],"wp:term":[{"taxonomy":"product_brand","embeddable":true,"href":"https:\/\/olemosaic.orbitalia.org\/fr\/wp-json\/wp\/v2\/product_brand?post=36500"},{"taxonomy":"product_cat","embeddable":true,"href":"https:\/\/olemosaic.orbitalia.org\/fr\/wp-json\/wp\/v2\/product_cat?post=36500"},{"taxonomy":"product_tag","embeddable":true,"href":"https:\/\/olemosaic.orbitalia.org\/fr\/wp-json\/wp\/v2\/product_tag?post=36500"}],"curies":[{"name":"wp","href":"https:\/\/api.w.org\/{rel}","templated":true}]}}