{"id":36491,"date":"2025-02-20T23:38:30","date_gmt":"2025-02-20T22:38:30","guid":{"rendered":"https:\/\/olemosaic.orbitalia.org\/producto\/salvamanteles-de-ceramica-gato-lanzarote\/"},"modified":"2025-07-25T19:17:26","modified_gmt":"2025-07-25T17:17:26","slug":"dessous-de-plat-en-ceramique-chat-lanzarote","status":"publish","type":"product","link":"https:\/\/olemosaic.orbitalia.org\/fr\/produit\/dessous-de-plat-en-ceramique-chat-lanzarote\/","title":{"rendered":"Dessous de plat en c\u00e9ramique. Chat. Lanzarote."},"content":{"rendered":"<p>Ce dessous de plat en c\u00e9ramique pr\u00e9sente un design fascinant inspir\u00e9 par l&rsquo;ambiance vibrante de Lanzarote, capturant l&rsquo;essence de l&rsquo;\u00eele avec sa mosa\u00efque color\u00e9e de chats. Orn\u00e9 de papillons et de d\u00e9tails dans des tons brillants tels que le rouge, le bleu, le vert et le jaune, il est id\u00e9al pour ceux qui souhaitent ajouter une touche artistique et chaleureuse \u00e0 leur table. La technique de peinture \u00e0 la main souligne la cr\u00e9ativit\u00e9 et l&rsquo;art local, mettant en valeur le riche h\u00e9ritage culturel de Lanzarote, c\u00e9l\u00e8bre pour son paysage volcanique et sa communaut\u00e9 artistique vibrante. L&rsquo;inscription \u00ab\u00a0Lanzarote\u00a0\u00bb en haut ne signale pas seulement son origine, mais transforme \u00e9galement ce dessous de plat en un souvenir significatif et repr\u00e9sentatif de l&rsquo;\u00eele.<\/p>\n<p>\u00c0 travers son design, les chats stylis\u00e9s \u00e9voquent une sensation de joie et d&rsquo;insouciance, refl\u00e9tant la vie quotidienne sur l&rsquo;\u00eele et sa connexion avec la nature. Ce dessous de plat en c\u00e9ramique n&rsquo;est pas seulement fonctionnel, il agit \u00e9galement comme un \u00e9l\u00e9ment d\u00e9coratif impressionnant qui attirera l&rsquo;attention des invit\u00e9s. Chez Ol\u00e9 Mosaic, en tant que distributeurs de souvenirs en gros, nous proposons ce dessous de plat comme une excellente option pour les boutiques de cadeaux touristiques \u00e0 la recherche de produits authentiques et artistiques. Avec son attrait visuel et sa pertinence culturelle, ces souvenirs de Lanzarote sont parfaits pour que les touristes emportent un morceau de l&rsquo;\u00eele chez eux.<\/p>\n","protected":false},"excerpt":{"rendered":"<p>Dessous de plat en c\u00e9ramique inspir\u00e9 par l&rsquo;ambiance vibrante de Lanzarote. Ce dessous de plat color\u00e9 pr\u00e9sente un design de chats en mosa\u00efque, orn\u00e9 de papillons et de d\u00e9tails dans des tons vifs comme le rouge, le bleu, le vert et le jaune. La technique de design artisanal, peint \u00e0 la main, souligne la cr\u00e9ativit\u00e9 et l&rsquo;art local, tandis que l&rsquo;inscription \u00ab\u00a0Lanzarote\u00a0\u00bb ajoute une touche distinctive. Id\u00e9al pour donner une touche artistique et chaleureuse \u00e0 votre table.<\/p>\n","protected":false},"featured_media":14202,"template":"","meta":{"_acf_changed":false},"product_brand":[],"product_cat":[827],"product_tag":[530,585],"class_list":{"0":"post-36491","1":"product","2":"type-product","3":"status-publish","4":"has-post-thumbnail","6":"product_cat-dessous-de-plat","7":"product_tag-animaux","8":"product_tag-ceramique","9":"pa_ciudad-lanzarote","10":"pa_motivo-chats","11":"pa_pais-espana","13":"first","14":"instock","15":"shipping-taxable","16":"product-type-simple"},"acf":[],"_links":{"self":[{"href":"https:\/\/olemosaic.orbitalia.org\/fr\/wp-json\/wp\/v2\/product\/36491","targetHints":{"allow":["GET"]}}],"collection":[{"href":"https:\/\/olemosaic.orbitalia.org\/fr\/wp-json\/wp\/v2\/product"}],"about":[{"href":"https:\/\/olemosaic.orbitalia.org\/fr\/wp-json\/wp\/v2\/types\/product"}],"wp:featuredmedia":[{"embeddable":true,"href":"https:\/\/olemosaic.orbitalia.org\/fr\/wp-json\/wp\/v2\/media\/14202"}],"wp:attachment":[{"href":"https:\/\/olemosaic.orbitalia.org\/fr\/wp-json\/wp\/v2\/media?parent=36491"}],"wp:term":[{"taxonomy":"product_brand","embeddable":true,"href":"https:\/\/olemosaic.orbitalia.org\/fr\/wp-json\/wp\/v2\/product_brand?post=36491"},{"taxonomy":"product_cat","embeddable":true,"href":"https:\/\/olemosaic.orbitalia.org\/fr\/wp-json\/wp\/v2\/product_cat?post=36491"},{"taxonomy":"product_tag","embeddable":true,"href":"https:\/\/olemosaic.orbitalia.org\/fr\/wp-json\/wp\/v2\/product_tag?post=36491"}],"curies":[{"name":"wp","href":"https:\/\/api.w.org\/{rel}","templated":true}]}}