{"id":36472,"date":"2025-02-20T22:38:30","date_gmt":"2025-02-20T22:38:30","guid":{"rendered":"https:\/\/olemosaic.orbitalia.org\/producto\/salvamanteles-de-ceramica-gato-gran-canaria\/"},"modified":"2025-07-25T19:05:13","modified_gmt":"2025-07-25T17:05:13","slug":"dessous-de-plat-en-ceramique-chat-grande-canarie","status":"publish","type":"product","link":"https:\/\/olemosaic.orbitalia.org\/fr\/produit\/dessous-de-plat-en-ceramique-chat-grande-canarie\/","title":{"rendered":"Dessous de plat en c\u00e9ramique. Chat. Grande Canarie."},"content":{"rendered":"<p>Ce dessous de plat en c\u00e9ramique, d\u00e9cor\u00e9 de chats joyeux, est un authentique symbole de l&rsquo;esprit vibrant de Grande Canarie. Avec un design unique en forme de losange, chaque pi\u00e8ce est \u00e9labor\u00e9e avec une c\u00e9ramique de haute qualit\u00e9 qui met en valeur les chats dans des mosa\u00efques aux couleurs \u00e9clatantes, dansant parmi des papillons qui ajoutent une touche ludique et joyeuse. La palette chromatique comprend des tons intenses de bleu, rouge, vert et jaune, capturant l&rsquo;essence du paysage canarien et sa diversit\u00e9 culturelle. Ce dessous de plat dispose \u00e9galement d&rsquo;un cordon rouge pratique tout autour qui apporte non seulement un \u00e9l\u00e9ment esth\u00e9tique, mais garantit \u00e9galement une meilleure prise en main et une protection des surfaces.<\/p>\n<p>Le chat est un animal tr\u00e8s repr\u00e9sentatif des \u00eeles Canaries, o\u00f9 sa pr\u00e9sence est c\u00e9l\u00e9br\u00e9e comme animal de compagnie et comme symbole de bonne fortune. Ce souvenir est non seulement fonctionnel, mais il devient \u00e9galement une pi\u00e8ce d\u00e9corative qui embellit n&rsquo;importe quelle table, \u00e9tant id\u00e9al pour ceux qui recherchent un souvenir authentique de leur visite \u00e0 Grande Canarie. Chez Ol\u00e9 Mosaic, nous nous sp\u00e9cialisons dans la distribution de souvenirs en gros, et ce dessous de plat en c\u00e9ramique est une excellente option pour les boutiques de cadeaux touristiques qui souhaitent offrir des articles repr\u00e9sentatifs et de qualit\u00e9. Ajoutez une touche de tradition canarienne \u00e0 votre offre avec ce dessous de plat original et plein de caract\u00e8re.<\/p>\n","protected":false},"excerpt":{"rendered":"<p>Dessous de plat en c\u00e9ramique d\u00e9cor\u00e9 de chats color\u00e9s, \u00e9voquant l&rsquo;esprit vibrant de Grande Canarie. Ce dessous de plat pr\u00e9sente un design unique qui combine des mosa\u00efques aux couleurs \u00e9clatantes avec des papillons, apportant une touche ludique. La c\u00e9ramique est bord\u00e9e d&rsquo;un cordon rouge, qui ajoute un \u00e9l\u00e9ment pratique et esth\u00e9tique. Id\u00e9al pour prot\u00e9ger les surfaces tout en embellissant n&rsquo;importe quelle table avec un style canarien authentique.<\/p>\n","protected":false},"featured_media":14198,"template":"","meta":{"_acf_changed":false},"product_brand":[],"product_cat":[827],"product_tag":[530,585],"class_list":{"0":"post-36472","1":"product","2":"type-product","3":"status-publish","4":"has-post-thumbnail","6":"product_cat-dessous-de-plat","7":"product_tag-animaux","8":"product_tag-ceramique","9":"pa_ciudad-gran-canaria","10":"pa_motivo-chats","11":"pa_pais-espana","13":"first","14":"instock","15":"shipping-taxable","16":"product-type-simple"},"acf":[],"_links":{"self":[{"href":"https:\/\/olemosaic.orbitalia.org\/fr\/wp-json\/wp\/v2\/product\/36472","targetHints":{"allow":["GET"]}}],"collection":[{"href":"https:\/\/olemosaic.orbitalia.org\/fr\/wp-json\/wp\/v2\/product"}],"about":[{"href":"https:\/\/olemosaic.orbitalia.org\/fr\/wp-json\/wp\/v2\/types\/product"}],"wp:featuredmedia":[{"embeddable":true,"href":"https:\/\/olemosaic.orbitalia.org\/fr\/wp-json\/wp\/v2\/media\/14198"}],"wp:attachment":[{"href":"https:\/\/olemosaic.orbitalia.org\/fr\/wp-json\/wp\/v2\/media?parent=36472"}],"wp:term":[{"taxonomy":"product_brand","embeddable":true,"href":"https:\/\/olemosaic.orbitalia.org\/fr\/wp-json\/wp\/v2\/product_brand?post=36472"},{"taxonomy":"product_cat","embeddable":true,"href":"https:\/\/olemosaic.orbitalia.org\/fr\/wp-json\/wp\/v2\/product_cat?post=36472"},{"taxonomy":"product_tag","embeddable":true,"href":"https:\/\/olemosaic.orbitalia.org\/fr\/wp-json\/wp\/v2\/product_tag?post=36472"}],"curies":[{"name":"wp","href":"https:\/\/api.w.org\/{rel}","templated":true}]}}