{"id":36471,"date":"2025-02-20T22:38:29","date_gmt":"2025-02-20T22:38:29","guid":{"rendered":"https:\/\/olemosaic.orbitalia.org\/producto\/salvamanteles-de-ceramica-salamandra-y-flores-valencia\/"},"modified":"2025-07-25T20:11:12","modified_gmt":"2025-07-25T18:11:12","slug":"dessous-de-plat-en-ceramique-salamandre-et-fleurs-valence","status":"publish","type":"product","link":"https:\/\/olemosaic.orbitalia.org\/fr\/produit\/dessous-de-plat-en-ceramique-salamandre-et-fleurs-valence\/","title":{"rendered":"Dessous de plat en c\u00e9ramique. Salamandre et fleurs. Valence."},"content":{"rendered":"<p>Ce dessous de plat en c\u00e9ramique, avec son design vibrant, est une repr\u00e9sentation exceptionnelle de la culture valencienne, id\u00e9ale pour rehausser la pr\u00e9sentation de vos plats. D\u00e9cor\u00e9 de salamandres entrelac\u00e9es et de grandes fleurs aux tons rouges, jaunes, verts et bleus, cet accessoire attrayant est un reflet direct des mosa\u00efques color\u00e9es qui ornent la ville. Le fond aux motifs g\u00e9om\u00e9triques ajoute une touche moderne \u00e0 la pi\u00e8ce, tandis que l&rsquo;inscription \u00ab\u00a0Valencia\u00a0\u00bb renforce son lien avec cette r\u00e9gion riche en art et en tradition.<\/p>\n<p>Fabriqu\u00e9 en c\u00e9ramique de haute qualit\u00e9, ce dessous de plat est non seulement fonctionnel, prot\u00e9geant les surfaces de votre maison, mais il agit \u00e9galement comme un rappel de la splendeur culturelle valencienne. Les salamandres, symboles de transformation et de feu, associ\u00e9es aux fleurs joyeuses, transmettent une sensation d&rsquo;\u00e9nergie et de vie, en faisant un cadeau parfait pour ceux qui cherchent \u00e0 capturer l&rsquo;essence de Valence dans un objet unique.<\/p>\n<p>Ce dessous de plat est une excellente option pour ceux qui souhaitent emporter chez eux un morceau de l&rsquo;authenticit\u00e9 espagnole. Chez Ol\u00e9 Mosaic, nous nous sp\u00e9cialisons dans la distribution de souvenirs culturels en gros, offrant des produits qui soulignent la richesse du patrimoine valencien, ce qui le rend id\u00e9al pour les boutiques de cadeaux touristiques qui appr\u00e9cient la qualit\u00e9 et la tradition. Ce dessous de plat en c\u00e9ramique n&rsquo;est pas seulement un excellent souvenir de Valence, mais aussi une pi\u00e8ce qui \u00e9gayera n&rsquo;importe quelle table avec son design incroyable.<\/p>\n","protected":false},"excerpt":{"rendered":"<p>Dessous de plat en c\u00e9ramique d\u00e9cor\u00e9 d&rsquo;une repr\u00e9sentation vibrante de salamandres et de fleurs, inspir\u00e9 par les mosa\u00efques valenciennes. Ce dessous de plat attrayant, au design color\u00e9 dans des tons rouges, jaunes, verts et bleus, montre deux salamandres entrelac\u00e9es avec des fleurs joyeuses sur un fond de motifs g\u00e9om\u00e9triques. Le mot \u00ab\u00a0Valencia\u00a0\u00bb est imprim\u00e9, transformant ce produit en une pi\u00e8ce unique et pleine de culture qui rehaussera la pr\u00e9sentation de vos plats.<\/p>\n","protected":false},"featured_media":14197,"template":"","meta":{"_acf_changed":false},"product_brand":[],"product_cat":[827],"product_tag":[530,585],"class_list":{"0":"post-36471","1":"product","2":"type-product","3":"status-publish","4":"has-post-thumbnail","6":"product_cat-dessous-de-plat","7":"product_tag-animaux","8":"product_tag-ceramique","9":"pa_ciudad-valencia","10":"pa_motivo-salamandres","11":"pa_pais-espana","13":"first","14":"instock","15":"shipping-taxable","16":"product-type-simple"},"acf":[],"_links":{"self":[{"href":"https:\/\/olemosaic.orbitalia.org\/fr\/wp-json\/wp\/v2\/product\/36471","targetHints":{"allow":["GET"]}}],"collection":[{"href":"https:\/\/olemosaic.orbitalia.org\/fr\/wp-json\/wp\/v2\/product"}],"about":[{"href":"https:\/\/olemosaic.orbitalia.org\/fr\/wp-json\/wp\/v2\/types\/product"}],"wp:featuredmedia":[{"embeddable":true,"href":"https:\/\/olemosaic.orbitalia.org\/fr\/wp-json\/wp\/v2\/media\/14197"}],"wp:attachment":[{"href":"https:\/\/olemosaic.orbitalia.org\/fr\/wp-json\/wp\/v2\/media?parent=36471"}],"wp:term":[{"taxonomy":"product_brand","embeddable":true,"href":"https:\/\/olemosaic.orbitalia.org\/fr\/wp-json\/wp\/v2\/product_brand?post=36471"},{"taxonomy":"product_cat","embeddable":true,"href":"https:\/\/olemosaic.orbitalia.org\/fr\/wp-json\/wp\/v2\/product_cat?post=36471"},{"taxonomy":"product_tag","embeddable":true,"href":"https:\/\/olemosaic.orbitalia.org\/fr\/wp-json\/wp\/v2\/product_tag?post=36471"}],"curies":[{"name":"wp","href":"https:\/\/api.w.org\/{rel}","templated":true}]}}