{"id":36470,"date":"2025-02-20T22:38:29","date_gmt":"2025-02-20T22:38:29","guid":{"rendered":"https:\/\/olemosaic.orbitalia.org\/producto\/salvamanteles-de-ceramica-salamandra-y-flores-fuerteventura\/"},"modified":"2025-07-25T19:42:34","modified_gmt":"2025-07-25T17:42:34","slug":"dessous-de-plat-en-ceramique-salamandre-et-fleurs-fuerteventura","status":"publish","type":"product","link":"https:\/\/olemosaic.orbitalia.org\/fr\/produit\/dessous-de-plat-en-ceramique-salamandre-et-fleurs-fuerteventura\/","title":{"rendered":"Dessous de plat en c\u00e9ramique. Salamandre et fleurs. Fuerteventura."},"content":{"rendered":"<p>Ce dessous de plat en c\u00e9ramique d\u00e9cor\u00e9e est un hommage vibrant \u00e0 la beaut\u00e9 de Fuerteventura, capturant l&rsquo;essence de l&rsquo;archipel des Canaries dans un design captivant. Il pr\u00e9sente un motif de mosa\u00efque attrayant, o\u00f9 des salamandres aux tons rouges, bleus et verts s&rsquo;entrelacent avec des fleurs jaunes et rouges exub\u00e9rantes, le tout sur un fond blanc qui rehausse la luminosit\u00e9 des couleurs. Cet objet est non seulement fonctionnel, mais il sert \u00e9galement de pi\u00e8ce d\u00e9corative, transformant n&rsquo;importe quelle table en une vitrine de la culture canarienne. Au bas du dessous de plat, le texte \u00ab\u00a0FUERTEVENTURA\u00a0\u00bb ajoute une touche d&rsquo;authenticit\u00e9 \u00e0 ce charmant souvenir.<\/p>\n<p>La salamandre est un symbole pr\u00e9sent dans la tradition canarienne, et sa repr\u00e9sentation dans ce souvenir refl\u00e8te le lien profond entre la faune locale et l&rsquo;art populaire des \u00eeles. Ce dessous de plat est non seulement id\u00e9al pour prot\u00e9ger les surfaces, mais c&rsquo;est aussi un souvenir m\u00e9morable pour les touristes qui cherchent \u00e0 emporter un petit morceau de la culture canarienne. Chez Ol\u00e9 Mosaic, nous sommes sp\u00e9cialistes de la distribution de souvenirs en c\u00e9ramique, offrant des produits authentiques qui soulignent la richesse culturelle de leurs origines. Ce dessous de plat est une excellente option pour les boutiques de cadeaux touristiques qui cherchent \u00e0 offrir des articles authentiques et color\u00e9s qui s\u00e9duiront les visiteurs.<\/p>\n","protected":false},"excerpt":{"rendered":"<p>Dessous de plat en c\u00e9ramique d\u00e9cor\u00e9 d&rsquo;une repr\u00e9sentation vibrante de salamandres et de fleurs, inspir\u00e9 par la beaut\u00e9 de Fuerteventura. Cet article color\u00e9 pr\u00e9sente un design de mosa\u00efque o\u00f9 les salamandres se distinguent dans des tons rouges, bleus et verts, entour\u00e9es de fleurs jaunes et rouges sur un fond blanc. Sous l&rsquo;illustration, le texte \u00ab\u00a0FUERTEVENTURA\u00a0\u00bb ajoute une touche authentique \u00e0 ce charmant souvenir. Parfait pour rehausser n&rsquo;importe quelle table avec une touche canarienne.<\/p>\n","protected":false},"featured_media":14196,"template":"","meta":{"_acf_changed":false},"product_brand":[],"product_cat":[827],"product_tag":[530,585],"class_list":{"0":"post-36470","1":"product","2":"type-product","3":"status-publish","4":"has-post-thumbnail","6":"product_cat-dessous-de-plat","7":"product_tag-animaux","8":"product_tag-ceramique","9":"pa_ciudad-fuerteventura","10":"pa_motivo-salamandres","11":"pa_pais-espana","13":"first","14":"instock","15":"shipping-taxable","16":"product-type-simple"},"acf":[],"_links":{"self":[{"href":"https:\/\/olemosaic.orbitalia.org\/fr\/wp-json\/wp\/v2\/product\/36470","targetHints":{"allow":["GET"]}}],"collection":[{"href":"https:\/\/olemosaic.orbitalia.org\/fr\/wp-json\/wp\/v2\/product"}],"about":[{"href":"https:\/\/olemosaic.orbitalia.org\/fr\/wp-json\/wp\/v2\/types\/product"}],"wp:featuredmedia":[{"embeddable":true,"href":"https:\/\/olemosaic.orbitalia.org\/fr\/wp-json\/wp\/v2\/media\/14196"}],"wp:attachment":[{"href":"https:\/\/olemosaic.orbitalia.org\/fr\/wp-json\/wp\/v2\/media?parent=36470"}],"wp:term":[{"taxonomy":"product_brand","embeddable":true,"href":"https:\/\/olemosaic.orbitalia.org\/fr\/wp-json\/wp\/v2\/product_brand?post=36470"},{"taxonomy":"product_cat","embeddable":true,"href":"https:\/\/olemosaic.orbitalia.org\/fr\/wp-json\/wp\/v2\/product_cat?post=36470"},{"taxonomy":"product_tag","embeddable":true,"href":"https:\/\/olemosaic.orbitalia.org\/fr\/wp-json\/wp\/v2\/product_tag?post=36470"}],"curies":[{"name":"wp","href":"https:\/\/api.w.org\/{rel}","templated":true}]}}