{"id":36450,"date":"2025-02-20T23:38:28","date_gmt":"2025-02-20T22:38:28","guid":{"rendered":"https:\/\/olemosaic.orbitalia.org\/producto\/salvamanteles-de-ceramica-salamandra-tenerife-2\/"},"modified":"2025-07-25T20:15:40","modified_gmt":"2025-07-25T18:15:40","slug":"dessous-de-plat-en-ceramique-salamandre-tenerife-2","status":"publish","type":"product","link":"https:\/\/olemosaic.orbitalia.org\/fr\/produit\/dessous-de-plat-en-ceramique-salamandre-tenerife-2\/","title":{"rendered":"Dessous de plat en c\u00e9ramique. Salamandre. \u00cele de Tenerife."},"content":{"rendered":"<p>Ce dessous de plat en c\u00e9ramique, d\u00e9cor\u00e9 d&rsquo;un design vibrant de salamandres, est un v\u00e9ritable hommage \u00e0 la beaut\u00e9 naturelle de Tenerife. Il pr\u00e9sente plusieurs salamandres aux couleurs \u00e9clatantes, telles que le vert, le rouge et le bleu, qui se d\u00e9ploient sur un fond de fleurs d\u00e9licates aux tons joyeux, cr\u00e9ant une ambiance festive et color\u00e9e. La base du dessous de plat arbore un design attrayant de mosa\u00efque dans des tons gris et blancs, qui fait ressortir chaque figure et ajoute une touche contemporaine et artisanale. Au centre, l&rsquo;inscription \u00ab\u00a0Tenerife\u00a0\u00bb est pr\u00e9sent\u00e9e en lettres color\u00e9es, renfor\u00e7ant son lien avec cette magnifique \u00eele des Canaries.<\/p>\n<p>Cet article n&rsquo;est pas seulement fonctionnel, il repr\u00e9sente \u00e9galement la richesse culturelle de Tenerife, une r\u00e9gion connue pour sa diversit\u00e9 biologique et sa faune vibrante. Les salamandres, faisant partie de l&rsquo;\u00e9cosyst\u00e8me local, symbolisent le lien entre la nature et l&rsquo;art, faisant de ce dessous de plat un souvenir id\u00e9al pour ceux qui souhaitent emporter un morceau de la culture canarienne. Chez Ol\u00e9 Mosaic, nous nous sp\u00e9cialisons dans la distribution de souvenirs en gros, et ce dessous de plat est une excellente option pour les boutiques de cadeaux touristiques \u00e0 la recherche d&rsquo;articles authentiques et d\u00e9coratifs qui mettent en valeur l&rsquo;essence de Tenerife. De plus, il combine design, fonctionnalit\u00e9 et pertinence culturelle, ce qui en fait un article attrayant tant pour les touristes que pour les locaux.<\/p>\n","protected":false},"excerpt":{"rendered":"<p>Dessous de plat en c\u00e9ramique d\u00e9cor\u00e9 d&rsquo;un design vibrant de salamandres, inspir\u00e9 par la beaut\u00e9 naturelle de Tenerife. Cet article pr\u00e9sente plusieurs salamandres aux couleurs \u00e9clatantes, accompagn\u00e9es de fleurs qui ajoutent une touche festive. La base montre un design de mosa\u00efque dans des tons gris et blancs, faisant ressortir chaque figure avec une finition brillante. Avec l&rsquo;inscription \u00ab\u00a0Tenerife\u00a0\u00bb au centre, il combine fonctionnalit\u00e9 et attrait visuel capturant l&rsquo;essence des \u00eeles Canaries. Id\u00e9al pour rehausser n&rsquo;importe quelle table.<\/p>\n","protected":false},"featured_media":14192,"template":"","meta":{"_acf_changed":false},"product_brand":[],"product_cat":[827],"product_tag":[530,585],"class_list":{"0":"post-36450","1":"product","2":"type-product","3":"status-publish","4":"has-post-thumbnail","6":"product_cat-dessous-de-plat","7":"product_tag-animaux","8":"product_tag-ceramique","9":"pa_ciudad-tenerife","10":"pa_motivo-salamandres","11":"pa_pais-espana","13":"first","14":"instock","15":"shipping-taxable","16":"product-type-simple"},"acf":[],"_links":{"self":[{"href":"https:\/\/olemosaic.orbitalia.org\/fr\/wp-json\/wp\/v2\/product\/36450","targetHints":{"allow":["GET"]}}],"collection":[{"href":"https:\/\/olemosaic.orbitalia.org\/fr\/wp-json\/wp\/v2\/product"}],"about":[{"href":"https:\/\/olemosaic.orbitalia.org\/fr\/wp-json\/wp\/v2\/types\/product"}],"wp:featuredmedia":[{"embeddable":true,"href":"https:\/\/olemosaic.orbitalia.org\/fr\/wp-json\/wp\/v2\/media\/14192"}],"wp:attachment":[{"href":"https:\/\/olemosaic.orbitalia.org\/fr\/wp-json\/wp\/v2\/media?parent=36450"}],"wp:term":[{"taxonomy":"product_brand","embeddable":true,"href":"https:\/\/olemosaic.orbitalia.org\/fr\/wp-json\/wp\/v2\/product_brand?post=36450"},{"taxonomy":"product_cat","embeddable":true,"href":"https:\/\/olemosaic.orbitalia.org\/fr\/wp-json\/wp\/v2\/product_cat?post=36450"},{"taxonomy":"product_tag","embeddable":true,"href":"https:\/\/olemosaic.orbitalia.org\/fr\/wp-json\/wp\/v2\/product_tag?post=36450"}],"curies":[{"name":"wp","href":"https:\/\/api.w.org\/{rel}","templated":true}]}}