{"id":36449,"date":"2025-02-20T22:38:28","date_gmt":"2025-02-20T22:38:28","guid":{"rendered":"https:\/\/olemosaic.orbitalia.org\/producto\/salvamanteles-de-ceramica-caballito-de-mar-mallorca\/"},"modified":"2025-07-25T19:21:34","modified_gmt":"2025-07-25T17:21:34","slug":"dessous-de-plat-en-ceramique-hippocampe-majorque","status":"publish","type":"product","link":"https:\/\/olemosaic.orbitalia.org\/fr\/produit\/dessous-de-plat-en-ceramique-hippocampe-majorque\/","title":{"rendered":"Dessous de plat en c\u00e9ramique. Hippocampe. Majorque."},"content":{"rendered":"<p>Dessous de plat en c\u00e9ramique d\u00e9cor\u00e9 d&rsquo;un hippocampe de Majorque<\/p>\n<p>Ce dessous de plat en c\u00e9ramique est un charmant souvenir de la vibrante M\u00e9diterran\u00e9e, id\u00e9al pour orner n&rsquo;importe quelle table tout en \u00e9voquant la fra\u00eecheur de l&rsquo;oc\u00e9an. Avec un design en mosa\u00efque pr\u00e9sentant un hippocampe color\u00e9, ce produit se distingue par ses teintes vives de bleu, vert et rouge, qui refl\u00e8tent la beaut\u00e9 naturelle de Majorque. L&rsquo;hippocampe, entour\u00e9 d&rsquo;\u00e9l\u00e9ments marins tels que des \u00e9toiles et de d\u00e9licates bulles flottantes, prend vie sur un fond de formes irr\u00e9guli\u00e8res imitant les vagues de la mer.<\/p>\n<p>Le mot \u00ab\u00a0MALLORCA\u00a0\u00bb appara\u00eet en lettres color\u00e9es, soulignant le lien culturel avec cette \u00eele embl\u00e9matique. Chaque d\u00e9tail de ce dessous de plat est soigneusement \u00e9labor\u00e9, mettant en avant la tradition artisanale de la c\u00e9ramique majorquine, connue pour son riche h\u00e9ritage culturel et son esth\u00e9tique color\u00e9e. Ce souvenir n&rsquo;est pas seulement fonctionnel, prot\u00e9geant les surfaces de la chaleur, mais il sert \u00e9galement de pi\u00e8ce d\u00e9corative qui apporte un morceau de la M\u00e9diterran\u00e9e dans n&rsquo;importe quel foyer.<\/p>\n<p>Les dessous de plat sont une excellente option pour les touristes \u00e0 la recherche de souvenirs authentiques repr\u00e9sentant la joie et l&rsquo;esprit insulaire de Majorque. Chez Ol\u00e9 Mosaic, en tant que grossistes de souvenirs en c\u00e9ramique, nous garantissons des pi\u00e8ces uniques qui c\u00e9l\u00e8brent la diversit\u00e9 et l&rsquo;h\u00e9ritage culturel de l&rsquo;Espagne, parfaites pour les boutiques de cadeaux touristiques souhaitant offrir des souvenirs avec de la personnalit\u00e9 et du sens.<\/p>\n","protected":false},"excerpt":{"rendered":"<p>Dessous de plat en c\u00e9ramique d\u00e9cor\u00e9 d&rsquo;un hippocampe vibrant, repr\u00e9sentant le charme de la M\u00e9diterran\u00e9e \u00e0 Majorque. Ce produit attrayant pr\u00e9sente un design en mosa\u00efque aux couleurs vives, avec des teintes de bleu, vert et rouge, entour\u00e9 d&rsquo;\u00e9l\u00e9ments marins comme des \u00e9toiles de mer. Le mot \u00ab\u00a0MALLORCA\u00a0\u00bb est inscrit en lettres color\u00e9es, soulignant son lien avec l&rsquo;\u00eele. Id\u00e9al pour embellir n&rsquo;importe quelle table tout en \u00e9voquant la fra\u00eecheur de l&rsquo;oc\u00e9an.<\/p>\n","protected":false},"featured_media":14191,"template":"","meta":{"_acf_changed":false},"product_brand":[],"product_cat":[827],"product_tag":[530,585],"class_list":{"0":"post-36449","1":"product","2":"type-product","3":"status-publish","4":"has-post-thumbnail","6":"product_cat-dessous-de-plat","7":"product_tag-animaux","8":"product_tag-ceramique","9":"pa_ciudad-mallorca","10":"pa_motivo-hippocampes","11":"pa_pais-espana","13":"first","14":"instock","15":"shipping-taxable","16":"product-type-simple"},"acf":[],"_links":{"self":[{"href":"https:\/\/olemosaic.orbitalia.org\/fr\/wp-json\/wp\/v2\/product\/36449","targetHints":{"allow":["GET"]}}],"collection":[{"href":"https:\/\/olemosaic.orbitalia.org\/fr\/wp-json\/wp\/v2\/product"}],"about":[{"href":"https:\/\/olemosaic.orbitalia.org\/fr\/wp-json\/wp\/v2\/types\/product"}],"wp:featuredmedia":[{"embeddable":true,"href":"https:\/\/olemosaic.orbitalia.org\/fr\/wp-json\/wp\/v2\/media\/14191"}],"wp:attachment":[{"href":"https:\/\/olemosaic.orbitalia.org\/fr\/wp-json\/wp\/v2\/media?parent=36449"}],"wp:term":[{"taxonomy":"product_brand","embeddable":true,"href":"https:\/\/olemosaic.orbitalia.org\/fr\/wp-json\/wp\/v2\/product_brand?post=36449"},{"taxonomy":"product_cat","embeddable":true,"href":"https:\/\/olemosaic.orbitalia.org\/fr\/wp-json\/wp\/v2\/product_cat?post=36449"},{"taxonomy":"product_tag","embeddable":true,"href":"https:\/\/olemosaic.orbitalia.org\/fr\/wp-json\/wp\/v2\/product_tag?post=36449"}],"curies":[{"name":"wp","href":"https:\/\/api.w.org\/{rel}","templated":true}]}}