{"id":36444,"date":"2025-02-20T22:38:27","date_gmt":"2025-02-20T22:38:27","guid":{"rendered":"https:\/\/olemosaic.orbitalia.org\/producto\/salvamanteles-de-ceramica-mariposa-lanzarote\/"},"modified":"2025-07-25T19:52:44","modified_gmt":"2025-07-25T17:52:44","slug":"dessous-de-plat-en-ceramique-papillon-lanzarote","status":"publish","type":"product","link":"https:\/\/olemosaic.orbitalia.org\/fr\/produit\/dessous-de-plat-en-ceramique-papillon-lanzarote\/","title":{"rendered":"Dessous de plat en c\u00e9ramique. Papillon. Lanzarote."},"content":{"rendered":"<p>Ce dessous de plat en c\u00e9ramique, d\u00e9cor\u00e9 de papillons et de fleurs vibrants, est une repr\u00e9sentation exquise du paysage de Lanzarote, capturant l&rsquo;essence unique de cette \u00eele des Canaries. Avec un design en mosa\u00efque, ce dessous de plat pr\u00e9sente deux papillons aux couleurs \u00e9clatantes, dans des tons rouges, jaunes, bleus et verts, entour\u00e9s de petites fleurs dans une palette harmonieuse, le tout sur un \u00e9l\u00e9gant fond gris. L&rsquo;utilisation de couleurs vives et l&rsquo;attention port\u00e9e aux d\u00e9tails de chaque papillon et fleur font de cette pi\u00e8ce un v\u00e9ritable spectacle visuel, id\u00e9al pour embellir n&rsquo;importe quelle table.<\/p>\n<p>Le dessous de plat est fini avec un bord en corde tress\u00e9e, ce qui lui donne une touche rustique et authentique, \u00e9voquant les traditions artisanales de la r\u00e9gion. Cette pi\u00e8ce n&rsquo;est pas seulement fonctionnelle, mais c&rsquo;est aussi un souvenir repr\u00e9sentatif de Lanzarote, une destination connue pour son paysage volcanique et sa flore riche. En choisissant ce dessous de plat comme souvenir, les touristes ne ram\u00e8nent pas seulement chez eux un objet pratique, mais aussi une partie de la culture canarienne qui c\u00e9l\u00e8bre la beaut\u00e9 naturelle de l&rsquo;\u00eele.<\/p>\n<p>Chez Ol\u00e9 Mosaic, en tant que grossistes de souvenirs en c\u00e9ramique, nous proposons des produits authentiques et soigneusement \u00e9labor\u00e9s qui mettent en valeur la tradition et la cr\u00e9ativit\u00e9 de l&rsquo;Espagne. Ce dessous de plat de Lanzarote est une excellente option pour les boutiques de cadeaux touristiques \u00e0 la recherche de souvenirs uniques et repr\u00e9sentatifs de la culture locale.<\/p>\n","protected":false},"excerpt":{"rendered":"<p>Dessous de plat en c\u00e9ramique d\u00e9cor\u00e9 de papillons et de fleurs color\u00e9s, inspir\u00e9 par le paysage vibrant de Lanzarote. Ce dessous de plat attrayant pr\u00e9sente un design en mosa\u00efque, avec des papillons dans des tons rouges, jaunes, bleus et verts, entour\u00e9s de petites fleurs dans une palette similaire, le tout sur un fond gris. La pi\u00e8ce est finie avec un bord en corde tress\u00e9e, ce qui lui donne une touche rustique et authentique, id\u00e9ale pour n&rsquo;importe quelle table.<\/p>\n","protected":false},"featured_media":14186,"template":"","meta":{"_acf_changed":false},"product_brand":[],"product_cat":[827],"product_tag":[530,585],"class_list":{"0":"post-36444","1":"product","2":"type-product","3":"status-publish","4":"has-post-thumbnail","6":"product_cat-dessous-de-plat","7":"product_tag-animaux","8":"product_tag-ceramique","9":"pa_ciudad-lanzarote","10":"pa_motivo-papillons","11":"pa_pais-espana","13":"first","14":"instock","15":"shipping-taxable","16":"product-type-simple"},"acf":[],"_links":{"self":[{"href":"https:\/\/olemosaic.orbitalia.org\/fr\/wp-json\/wp\/v2\/product\/36444","targetHints":{"allow":["GET"]}}],"collection":[{"href":"https:\/\/olemosaic.orbitalia.org\/fr\/wp-json\/wp\/v2\/product"}],"about":[{"href":"https:\/\/olemosaic.orbitalia.org\/fr\/wp-json\/wp\/v2\/types\/product"}],"wp:featuredmedia":[{"embeddable":true,"href":"https:\/\/olemosaic.orbitalia.org\/fr\/wp-json\/wp\/v2\/media\/14186"}],"wp:attachment":[{"href":"https:\/\/olemosaic.orbitalia.org\/fr\/wp-json\/wp\/v2\/media?parent=36444"}],"wp:term":[{"taxonomy":"product_brand","embeddable":true,"href":"https:\/\/olemosaic.orbitalia.org\/fr\/wp-json\/wp\/v2\/product_brand?post=36444"},{"taxonomy":"product_cat","embeddable":true,"href":"https:\/\/olemosaic.orbitalia.org\/fr\/wp-json\/wp\/v2\/product_cat?post=36444"},{"taxonomy":"product_tag","embeddable":true,"href":"https:\/\/olemosaic.orbitalia.org\/fr\/wp-json\/wp\/v2\/product_tag?post=36444"}],"curies":[{"name":"wp","href":"https:\/\/api.w.org\/{rel}","templated":true}]}}