{"id":36441,"date":"2025-02-20T22:38:27","date_gmt":"2025-02-20T22:38:27","guid":{"rendered":"https:\/\/olemosaic.orbitalia.org\/producto\/salvamanteles-de-ceramica-mariposa-valencia\/"},"modified":"2025-07-25T19:38:12","modified_gmt":"2025-07-25T17:38:12","slug":"dessous-de-plat-ceramique-papillon-valence","status":"publish","type":"product","link":"https:\/\/olemosaic.orbitalia.org\/fr\/produit\/dessous-de-plat-ceramique-papillon-valence\/","title":{"rendered":"Dessous de plat en c\u00e9ramique. Papillon. Valence."},"content":{"rendered":"<p>Ce dessous de plat en c\u00e9ramique, avec son design vibrant de papillons, est une repr\u00e9sentation unique de la tradition color\u00e9e de la mosa\u00efque de Valence, une ville connue pour son riche patrimoine artistique et culturel. La pi\u00e8ce pr\u00e9sente un m\u00e9lange fascinant de tons brillants qui donnent vie aux ailes des papillons, accompagn\u00e9s d&rsquo;un d\u00e9ploiement floral exub\u00e9rant de diverses couleurs, le tout sur un fond de motifs gris qui rehausse chaque d\u00e9tail. Le mot \u00ab\u00a0VALENCIA\u00a0\u00bb imprim\u00e9 de mani\u00e8re joyeuse connecte ceux qui l&rsquo;utilisent \u00e0 l&rsquo;essence g\u00e9ographique et culturelle de cette magnifique ville.<\/p>\n<p>Le dessous de plat est encadr\u00e9 par un bord tress\u00e9 rouge qui, en plus d&rsquo;ajouter une touche d&rsquo;\u00e9l\u00e9gance, souligne son authenticit\u00e9 en tant que v\u00e9ritable souvenir de la r\u00e9gion. En plus d&rsquo;\u00eatre un objet d\u00e9coratif, il est hautement fonctionnel, car il prot\u00e8ge les surfaces de la maison tout en embellissant la table avec son design vibrant. Ce dessous de plat est un excellent choix pour les touristes qui souhaitent c\u00e9l\u00e9brer leur visite \u00e0 Valence \u00e0 travers un souvenir pratique et repr\u00e9sentatif.<\/p>\n<p>Chez Ol\u00e9 Mosaic, nous nous sp\u00e9cialisons dans la distribution de souvenirs en gros, offrant des produits artisanaux qui mettent en valeur la culture espagnole. Ce dessous de plat aux papillons n&rsquo;est pas seulement un accessoire de cuisine, mais un hommage \u00e0 la beaut\u00e9 et aux couleurs que Valence a \u00e0 offrir, ce qui en fait un souvenir qui combine fonctionnalit\u00e9 et art dans n&rsquo;importe quel foyer.<\/p>\n","protected":false},"excerpt":{"rendered":"<p>Dessous de plat en c\u00e9ramique avec un design vibrant de papillons, inspir\u00e9 de la tradition color\u00e9e de la mosa\u00efque de Valence. Cette pi\u00e8ce pr\u00e9sente un m\u00e9lange de tons brillants sur les ailes des papillons, accompagn\u00e9s de fleurs de diverses couleurs, le tout sur un fond aux motifs gris. La pi\u00e8ce, qui porte le nom \u00ab\u00a0Valencia\u00a0\u00bb imprim\u00e9, est compl\u00e9t\u00e9e par un bord tress\u00e9 rouge, ce qui rehausse son attrait visuel et culturel, en faisant un souvenir pratique et charmant.<\/p>\n","protected":false},"featured_media":14183,"template":"","meta":{"_acf_changed":false},"product_brand":[],"product_cat":[827],"product_tag":[530,585],"class_list":{"0":"post-36441","1":"product","2":"type-product","3":"status-publish","4":"has-post-thumbnail","6":"product_cat-dessous-de-plat","7":"product_tag-animaux","8":"product_tag-ceramique","9":"pa_ciudad-valencia","10":"pa_motivo-papillons","11":"pa_pais-espana","13":"first","14":"instock","15":"shipping-taxable","16":"product-type-simple"},"acf":[],"_links":{"self":[{"href":"https:\/\/olemosaic.orbitalia.org\/fr\/wp-json\/wp\/v2\/product\/36441","targetHints":{"allow":["GET"]}}],"collection":[{"href":"https:\/\/olemosaic.orbitalia.org\/fr\/wp-json\/wp\/v2\/product"}],"about":[{"href":"https:\/\/olemosaic.orbitalia.org\/fr\/wp-json\/wp\/v2\/types\/product"}],"wp:featuredmedia":[{"embeddable":true,"href":"https:\/\/olemosaic.orbitalia.org\/fr\/wp-json\/wp\/v2\/media\/14183"}],"wp:attachment":[{"href":"https:\/\/olemosaic.orbitalia.org\/fr\/wp-json\/wp\/v2\/media?parent=36441"}],"wp:term":[{"taxonomy":"product_brand","embeddable":true,"href":"https:\/\/olemosaic.orbitalia.org\/fr\/wp-json\/wp\/v2\/product_brand?post=36441"},{"taxonomy":"product_cat","embeddable":true,"href":"https:\/\/olemosaic.orbitalia.org\/fr\/wp-json\/wp\/v2\/product_cat?post=36441"},{"taxonomy":"product_tag","embeddable":true,"href":"https:\/\/olemosaic.orbitalia.org\/fr\/wp-json\/wp\/v2\/product_tag?post=36441"}],"curies":[{"name":"wp","href":"https:\/\/api.w.org\/{rel}","templated":true}]}}