{"id":36439,"date":"2025-02-20T23:38:26","date_gmt":"2025-02-20T22:38:26","guid":{"rendered":"https:\/\/olemosaic.orbitalia.org\/producto\/salvamanteles-de-ceramica-salamandra-tenerife\/"},"modified":"2025-07-25T19:15:51","modified_gmt":"2025-07-25T17:15:51","slug":"dessous-de-plat-ceramique-salamandre-tenerife","status":"publish","type":"product","link":"https:\/\/olemosaic.orbitalia.org\/fr\/produit\/dessous-de-plat-ceramique-salamandre-tenerife\/","title":{"rendered":"Dessous de plat en c\u00e9ramique. Salamandre. Tenerife."},"content":{"rendered":"<p>Ce dessous de plat en c\u00e9ramique est une magnifique pi\u00e8ce d\u00e9corative qui capture l&rsquo;essence de Tenerife, un joyau de l&rsquo;archipel des Canaries. Avec un design vibrant mettant en sc\u00e8ne de sympathiques salamandres dans une vari\u00e9t\u00e9 de couleurs, cette pi\u00e8ce semble \u00eatre peinte \u00e0 la main dans un style mosa\u00efque combinant des tons bleus, verts, rouges et jaunes, entour\u00e9e de fleurs multicolores qui apportent un air festif et joyeux. Le texte \u00ab\u00a0TENERIFE\u00a0\u00bb se distingue dans un format attrayant, s&rsquo;int\u00e9grant parfaitement \u00e0 la composition artistique du dessous de plat.<\/p>\n<p>Avec sa finition brillante et sa forme circulaire, ce dessous de plat est non seulement pratique pour prot\u00e9ger les surfaces de la cuisine, mais il fonctionne \u00e9galement comme un \u00e9l\u00e9ment d\u00e9coratif color\u00e9 sur la table, apportant une touche de joie et d&rsquo;authenticit\u00e9 \u00e0 n&rsquo;importe quel foyer. La salamandre, symbole de la faune canarienne, refl\u00e8te la riche biodiversit\u00e9 de la r\u00e9gion et repr\u00e9sente un lien culturel avec l&rsquo;environnement naturel de Tenerife.<\/p>\n<p>Ce dessous de plat est une excellente option pour les touristes \u00e0 la recherche de souvenirs en c\u00e9ramique authentiques et repr\u00e9sentatifs de leur voyage aux \u00eeles Canaries. Chez Ol\u00e9 Mosaic, nous sommes sp\u00e9cialistes de la distribution de souvenirs en gros, offrant des produits uniques qui c\u00e9l\u00e8brent la culture locale. En tant que grossistes d&rsquo;articles de d\u00e9coration, nous garantissons la qualit\u00e9, le design et la singularit\u00e9 de chaque pi\u00e8ce, ce qui la rend id\u00e9ale pour les boutiques de cadeaux touristiques.<\/p>\n","protected":false},"excerpt":{"rendered":"<p>Dessous de plat en c\u00e9ramique avec un design color\u00e9 de salamandres, repr\u00e9sentant la faune typique de Tenerife. Cette pi\u00e8ce d\u00e9corative, au design artisanal et peinte \u00e0 la main, affiche un style mosa\u00efque vibrant avec des tons bleus, verts, rouges et jaunes, entour\u00e9e de fleurs multicolores. Le dessous de plat inclut le texte \u00ab\u00a0TENERIFE\u00a0\u00bb dans un format attrayant. Sa finition brillante et sa forme circulaire le rendent id\u00e9al aussi bien pour un usage pratique en cuisine que pour orner la table.<\/p>\n","protected":false},"featured_media":14181,"template":"","meta":{"_acf_changed":false},"product_brand":[],"product_cat":[827],"product_tag":[530,585],"class_list":{"0":"post-36439","1":"product","2":"type-product","3":"status-publish","4":"has-post-thumbnail","6":"product_cat-dessous-de-plat","7":"product_tag-animaux","8":"product_tag-ceramique","9":"pa_ciudad-tenerife","10":"pa_motivo-salamandres","11":"pa_pais-espana","13":"first","14":"instock","15":"shipping-taxable","16":"product-type-simple"},"acf":[],"_links":{"self":[{"href":"https:\/\/olemosaic.orbitalia.org\/fr\/wp-json\/wp\/v2\/product\/36439","targetHints":{"allow":["GET"]}}],"collection":[{"href":"https:\/\/olemosaic.orbitalia.org\/fr\/wp-json\/wp\/v2\/product"}],"about":[{"href":"https:\/\/olemosaic.orbitalia.org\/fr\/wp-json\/wp\/v2\/types\/product"}],"wp:featuredmedia":[{"embeddable":true,"href":"https:\/\/olemosaic.orbitalia.org\/fr\/wp-json\/wp\/v2\/media\/14181"}],"wp:attachment":[{"href":"https:\/\/olemosaic.orbitalia.org\/fr\/wp-json\/wp\/v2\/media?parent=36439"}],"wp:term":[{"taxonomy":"product_brand","embeddable":true,"href":"https:\/\/olemosaic.orbitalia.org\/fr\/wp-json\/wp\/v2\/product_brand?post=36439"},{"taxonomy":"product_cat","embeddable":true,"href":"https:\/\/olemosaic.orbitalia.org\/fr\/wp-json\/wp\/v2\/product_cat?post=36439"},{"taxonomy":"product_tag","embeddable":true,"href":"https:\/\/olemosaic.orbitalia.org\/fr\/wp-json\/wp\/v2\/product_tag?post=36439"}],"curies":[{"name":"wp","href":"https:\/\/api.w.org\/{rel}","templated":true}]}}