{"id":36419,"date":"2025-02-20T22:38:24","date_gmt":"2025-02-20T22:38:24","guid":{"rendered":"https:\/\/olemosaic.orbitalia.org\/producto\/posavasos-de-ceramica-gato-fuerteventura\/"},"modified":"2025-07-25T20:13:25","modified_gmt":"2025-07-25T18:13:25","slug":"dessous-de-verre-ceramique-chat-fuerteventura","status":"publish","type":"product","link":"https:\/\/olemosaic.orbitalia.org\/fr\/produit\/dessous-de-verre-ceramique-chat-fuerteventura\/","title":{"rendered":"Dessous de verre en c\u00e9ramique. Chat. Fuerteventura."},"content":{"rendered":"<p>Ce dessous de verre en c\u00e9ramique est un v\u00e9ritable joyau de l&rsquo;art canarien, inspir\u00e9 par les chats vibrants de Fuerteventura. Son design joyeux et color\u00e9, r\u00e9alis\u00e9 avec une technique de mosa\u00efque, souligne la singularit\u00e9 de l&rsquo;objet, en faisant un superbe souvenir. Au centre, trois chats stylis\u00e9s, dans des tons brillants de bleu, vert et orange, se d\u00e9ploient de mani\u00e8re harmonieuse, accompagn\u00e9s de papillons multicolores qui ajoutent une touche de vie et de dynamisme. Sur la partie sup\u00e9rieure du dessous de verre, le mot \u00ab\u00a0FUERTEVENTURA\u00a0\u00bb souligne l&rsquo;origine du produit, \u00e9voquant l&rsquo;esprit festif et accueillant de l&rsquo;\u00eele.<\/p>\n<p>Ce dessous de verre n&rsquo;est pas seulement un accessoire pour prot\u00e9ger vos surfaces, mais aussi un souvenir repr\u00e9sentatif qui capture l&rsquo;essence de la culture locale. La relation des chats avec Fuerteventura est embl\u00e9matique, car ils font partie de la faune de l&rsquo;\u00eele et symbolisent la joie et le foyer. Ol\u00e9 Mosaic est fier d&rsquo;offrir ce type de souvenirs authentiques, id\u00e9aux pour les boutiques de cadeaux touristiques qui cherchent \u00e0 attirer les visiteurs avec des produits uniques et pleins de sens. En tant que grossiste de souvenirs, nous garantissons que chaque pi\u00e8ce refl\u00e8te l&rsquo;authenticit\u00e9 et la valeur culturelle de son lieu d&rsquo;origine, faisant de ce dessous de verre un cadeau parfait et m\u00e9morable.<\/p>\n","protected":false},"excerpt":{"rendered":"<p>Dessous de verre en c\u00e9ramique inspir\u00e9s par les chats vibrants de Fuerteventura. Cet article combine un design color\u00e9 et joyeux avec une technique de mosa\u00efque qui souligne sa singularit\u00e9. La d\u00e9coration comprend trois chats stylis\u00e9s dans des tons brillants de bleu, vert et orange, accompagn\u00e9s de papillons multicolores. En haut, le texte \u00ab\u00a0FUERTEVENTURA\u00a0\u00bb, en lettres frappantes, apporte une touche suppl\u00e9mentaire \u00e0 ce souvenir original qui capture l&rsquo;essence festive de l&rsquo;\u00eele.<\/p>\n","protected":false},"featured_media":14173,"template":"","meta":{"_acf_changed":false},"product_brand":[],"product_cat":[812],"product_tag":[530,585],"class_list":{"0":"post-36419","1":"product","2":"type-product","3":"status-publish","4":"has-post-thumbnail","6":"product_cat-sous-verres","7":"product_tag-animaux","8":"product_tag-ceramique","9":"pa_ciudad-fuerteventura","10":"pa_motivo-chats","11":"pa_pais-espana","13":"first","14":"instock","15":"shipping-taxable","16":"product-type-simple"},"acf":[],"_links":{"self":[{"href":"https:\/\/olemosaic.orbitalia.org\/fr\/wp-json\/wp\/v2\/product\/36419","targetHints":{"allow":["GET"]}}],"collection":[{"href":"https:\/\/olemosaic.orbitalia.org\/fr\/wp-json\/wp\/v2\/product"}],"about":[{"href":"https:\/\/olemosaic.orbitalia.org\/fr\/wp-json\/wp\/v2\/types\/product"}],"wp:featuredmedia":[{"embeddable":true,"href":"https:\/\/olemosaic.orbitalia.org\/fr\/wp-json\/wp\/v2\/media\/14173"}],"wp:attachment":[{"href":"https:\/\/olemosaic.orbitalia.org\/fr\/wp-json\/wp\/v2\/media?parent=36419"}],"wp:term":[{"taxonomy":"product_brand","embeddable":true,"href":"https:\/\/olemosaic.orbitalia.org\/fr\/wp-json\/wp\/v2\/product_brand?post=36419"},{"taxonomy":"product_cat","embeddable":true,"href":"https:\/\/olemosaic.orbitalia.org\/fr\/wp-json\/wp\/v2\/product_cat?post=36419"},{"taxonomy":"product_tag","embeddable":true,"href":"https:\/\/olemosaic.orbitalia.org\/fr\/wp-json\/wp\/v2\/product_tag?post=36419"}],"curies":[{"name":"wp","href":"https:\/\/api.w.org\/{rel}","templated":true}]}}