{"id":36392,"date":"2025-02-20T23:38:23","date_gmt":"2025-02-20T22:38:23","guid":{"rendered":"https:\/\/olemosaic.orbitalia.org\/producto\/posavasos-de-ceramica-mariposa-gran-canaria\/"},"modified":"2025-07-25T20:38:39","modified_gmt":"2025-07-25T18:38:39","slug":"dessous-de-verre-ceramique-papillon-gran-canaria","status":"publish","type":"product","link":"https:\/\/olemosaic.orbitalia.org\/fr\/produit\/dessous-de-verre-ceramique-papillon-gran-canaria\/","title":{"rendered":"Dessous de verre en c\u00e9ramique. Papillon. Gran Canaria."},"content":{"rendered":"<p>Ce dessous de verre en c\u00e9ramique de Gran Canaria est une v\u00e9ritable \u0153uvre d&rsquo;art qui capture l&rsquo;essence vibrante des \u00eeles Canaries. Avec un design en mosa\u00efque peint \u00e0 la main, ce dessous de verre attrayant pr\u00e9sente d&rsquo;admirables papillons et fleurs dans une explosion de couleurs vives telles que le rouge, le jaune, le bleu et le vert, entrelac\u00e9s dans un motif captivant. Deux papillons majestueux ornent le centre, mettant en valeur leurs ailes color\u00e9es et d\u00e9taill\u00e9es, qui \u00e9voquent la biodiversit\u00e9 unique de l&rsquo;\u00eele, tandis que les fleurs qui les entourent apportent un air festif, symbolisant la beaut\u00e9 naturelle de Gran Canaria.<\/p>\n<p>Le texte \u00ab Gran Canaria \u00bb est \u00e9l\u00e9gamment dispos\u00e9 sur la partie sup\u00e9rieure du design, ajoutant une touche d&rsquo;authenticit\u00e9 canarienne qui souligne son lien culturel et sa valeur en tant que souvenir repr\u00e9sentatif. Cette pi\u00e8ce ne remplit pas seulement la fonction de prot\u00e9ger les surfaces de votre maison, elle insuffle \u00e9galement un caract\u00e8re festif et culturel \u00e0 n&rsquo;importe quelle table, en faisant un excellent cadeau. Chez Ol\u00e9 Mosaic, nous nous effor\u00e7ons toujours de proposer des produits qui refl\u00e8tent l&rsquo;authenticit\u00e9 et le style des r\u00e9gions qu&rsquo;ils repr\u00e9sentent. Ce dessous de verre en c\u00e9ramique est une excellente option pour les boutiques de cadeaux touristiques \u00e0 la recherche de souvenirs color\u00e9s et significatifs de Gran Canaria. En tant que grossistes de souvenirs, nous garantissons la qualit\u00e9 et l&rsquo;authenticit\u00e9 de chaque pi\u00e8ce.<\/p>\n","protected":false},"excerpt":{"rendered":"<p>Dessous de verre en c\u00e9ramique d\u00e9cor\u00e9 de papillons vibrants et de fleurs, repr\u00e9sentant l&rsquo;essence de Gran Canaria. Ce dessous de verre attrayant pr\u00e9sente un design en mosa\u00efque artisanale, peint \u00e0 la main, avec des couleurs vives comme le rouge, le jaune, le bleu et le vert, cr\u00e9ant un effet visuel frappant. Le texte \u00ab Gran Canaria \u00bb se d\u00e9tache sur le dessus, ajoutant une touche d&rsquo;authenticit\u00e9 canarienne. Id\u00e9al pour prot\u00e9ger les surfaces et apporter une touche festive et culturelle \u00e0 n&rsquo;importe quelle table.<\/p>\n","protected":false},"featured_media":14166,"template":"","meta":{"_acf_changed":false},"product_brand":[],"product_cat":[812],"product_tag":[530,585],"class_list":{"0":"post-36392","1":"product","2":"type-product","3":"status-publish","4":"has-post-thumbnail","6":"product_cat-sous-verres","7":"product_tag-animaux","8":"product_tag-ceramique","9":"pa_ciudad-gran-canaria","10":"pa_motivo-papillons","11":"pa_pais-espana","13":"first","14":"instock","15":"shipping-taxable","16":"product-type-simple"},"acf":[],"_links":{"self":[{"href":"https:\/\/olemosaic.orbitalia.org\/fr\/wp-json\/wp\/v2\/product\/36392","targetHints":{"allow":["GET"]}}],"collection":[{"href":"https:\/\/olemosaic.orbitalia.org\/fr\/wp-json\/wp\/v2\/product"}],"about":[{"href":"https:\/\/olemosaic.orbitalia.org\/fr\/wp-json\/wp\/v2\/types\/product"}],"wp:featuredmedia":[{"embeddable":true,"href":"https:\/\/olemosaic.orbitalia.org\/fr\/wp-json\/wp\/v2\/media\/14166"}],"wp:attachment":[{"href":"https:\/\/olemosaic.orbitalia.org\/fr\/wp-json\/wp\/v2\/media?parent=36392"}],"wp:term":[{"taxonomy":"product_brand","embeddable":true,"href":"https:\/\/olemosaic.orbitalia.org\/fr\/wp-json\/wp\/v2\/product_brand?post=36392"},{"taxonomy":"product_cat","embeddable":true,"href":"https:\/\/olemosaic.orbitalia.org\/fr\/wp-json\/wp\/v2\/product_cat?post=36392"},{"taxonomy":"product_tag","embeddable":true,"href":"https:\/\/olemosaic.orbitalia.org\/fr\/wp-json\/wp\/v2\/product_tag?post=36392"}],"curies":[{"name":"wp","href":"https:\/\/api.w.org\/{rel}","templated":true}]}}