{"id":36391,"date":"2025-02-20T22:38:23","date_gmt":"2025-02-20T22:38:23","guid":{"rendered":"https:\/\/olemosaic.orbitalia.org\/producto\/posavasos-de-ceramica-mariposa-fuerteventura\/"},"modified":"2025-07-25T19:38:14","modified_gmt":"2025-07-25T17:38:14","slug":"dessous-de-verre-ceramique-papillon-fuerteventura","status":"publish","type":"product","link":"https:\/\/olemosaic.orbitalia.org\/fr\/produit\/dessous-de-verre-ceramique-papillon-fuerteventura\/","title":{"rendered":"Dessous de verre en c\u00e9ramique. Papillon. Fuerteventura."},"content":{"rendered":"<p>Ce dessous de verre en c\u00e9ramique, d\u00e9cor\u00e9 de papillons vibrants et de fleurs, capture l&rsquo;essence de la beaut\u00e9 naturelle de Fuerteventura. Son design color\u00e9 pr\u00e9sente des papillons frappants dans les tons jaune, bleu et rouge, qui se d\u00e9ploient majestueusement sur un fond clair, \u00e9voquant la richesse du paysage canarien. Les fleurs, dans diff\u00e9rentes nuances comme le jaune et le rouge, sont dispos\u00e9es de mani\u00e8re attrayante, compl\u00e9tant la sc\u00e8ne et apportant un air frais et joyeux \u00e0 l&rsquo;ambiance.<\/p>\n<p>Sur la partie sup\u00e9rieure du dessous de verre, le texte \u00ab FUERTEVENTURA \u00bb se d\u00e9tache clairement, soulignant son origine et en faisant un souvenir identifiable et repr\u00e9sentatif de l&rsquo;archipel. Cet article ne remplit pas seulement une fonction pratique dans la maison, prot\u00e9geant les surfaces des boissons, mais agit \u00e9galement comme une charmante pi\u00e8ce d\u00e9corative qui \u00e9voque des images vives de la nature canarienne.<\/p>\n<p>Avec son authenticit\u00e9 en tant que souvenir typique de Fuerteventura, ce dessous de verre est un excellent choix pour les touristes qui souhaitent emporter chez eux un morceau de l&rsquo;esprit vibrant des \u00eeles Canaries. Chez Ol\u00e9 Mosaic, nous nous sp\u00e9cialisons dans la distribution de souvenirs en gros, offrant des produits uniques et repr\u00e9sentatifs de chaque r\u00e9gion. Ce dessous de verre en c\u00e9ramique est parfait pour les boutiques de cadeaux touristiques qui souhaitent proposer des articles cr\u00e9atifs et de qualit\u00e9 c\u00e9l\u00e9brant l&rsquo;essence culturelle de l&rsquo;Espagne. En tant que grossistes de souvenirs, nous garantissons que chaque pi\u00e8ce est une c\u00e9l\u00e9bration de la m\u00e9moire et un lien avec la richesse naturelle de Fuerteventura.<\/p>\n","protected":false},"excerpt":{"rendered":"<p>Dessous de verre en c\u00e9ramique d\u00e9cor\u00e9 de papillons vibrants et de fleurs, inspir\u00e9 par la beaut\u00e9 naturelle de Fuerteventura. Chaque dessous de verre pr\u00e9sente un design color\u00e9, avec des papillons dans les tons jaune, bleu et rouge, entour\u00e9s de fleurs dispos\u00e9es de mani\u00e8re attrayante. Le mot \u00ab FUERTEVENTURA \u00bb sur le dessus souligne son origine. Cet article est non seulement fonctionnel, mais aussi une charmante pi\u00e8ce d\u00e9corative qui \u00e9voque l&rsquo;essence de l&rsquo;archipel canarien.<\/p>\n","protected":false},"featured_media":14165,"template":"","meta":{"_acf_changed":false},"product_brand":[],"product_cat":[812],"product_tag":[530,585],"class_list":{"0":"post-36391","1":"product","2":"type-product","3":"status-publish","4":"has-post-thumbnail","6":"product_cat-sous-verres","7":"product_tag-animaux","8":"product_tag-ceramique","9":"pa_ciudad-fuerteventura","10":"pa_motivo-papillons","11":"pa_pais-espana","13":"first","14":"instock","15":"shipping-taxable","16":"product-type-simple"},"acf":[],"_links":{"self":[{"href":"https:\/\/olemosaic.orbitalia.org\/fr\/wp-json\/wp\/v2\/product\/36391","targetHints":{"allow":["GET"]}}],"collection":[{"href":"https:\/\/olemosaic.orbitalia.org\/fr\/wp-json\/wp\/v2\/product"}],"about":[{"href":"https:\/\/olemosaic.orbitalia.org\/fr\/wp-json\/wp\/v2\/types\/product"}],"wp:featuredmedia":[{"embeddable":true,"href":"https:\/\/olemosaic.orbitalia.org\/fr\/wp-json\/wp\/v2\/media\/14165"}],"wp:attachment":[{"href":"https:\/\/olemosaic.orbitalia.org\/fr\/wp-json\/wp\/v2\/media?parent=36391"}],"wp:term":[{"taxonomy":"product_brand","embeddable":true,"href":"https:\/\/olemosaic.orbitalia.org\/fr\/wp-json\/wp\/v2\/product_brand?post=36391"},{"taxonomy":"product_cat","embeddable":true,"href":"https:\/\/olemosaic.orbitalia.org\/fr\/wp-json\/wp\/v2\/product_cat?post=36391"},{"taxonomy":"product_tag","embeddable":true,"href":"https:\/\/olemosaic.orbitalia.org\/fr\/wp-json\/wp\/v2\/product_tag?post=36391"}],"curies":[{"name":"wp","href":"https:\/\/api.w.org\/{rel}","templated":true}]}}