{"id":36390,"date":"2025-02-20T22:38:23","date_gmt":"2025-02-20T22:38:23","guid":{"rendered":"https:\/\/olemosaic.orbitalia.org\/producto\/posavasos-de-ceramica-salamandra-y-flores-tenerife\/"},"modified":"2025-07-25T19:08:22","modified_gmt":"2025-07-25T17:08:22","slug":"dessous-de-verre-ceramique-salamandre-fleurs-tenerife","status":"publish","type":"product","link":"https:\/\/olemosaic.orbitalia.org\/fr\/produit\/dessous-de-verre-ceramique-salamandre-fleurs-tenerife\/","title":{"rendered":"Dessous de verre en c\u00e9ramique. Salamandre et fleurs. Tenerife."},"content":{"rendered":"<p>Ce dessous de verre en c\u00e9ramique d\u00e9cor\u00e9, inspir\u00e9 par la riche culture de Tenerife, repr\u00e9sente une salamandre vibrante et une joyeuse combinaison de fleurs. Avec un design color\u00e9 et attrayant, le dessous de verre m\u00e9lange des tons vibrants de vert, rouge et jaune qui contrastent avec un fond gris, cr\u00e9ant un effet visuel captivant. L&rsquo;illustration de la salamandre, symbole de la faune locale, se d\u00e9ploie avec des d\u00e9tails m\u00e9ticuleux, tandis que les fleurs embl\u00e9matiques des \u00eeles Canaries apportent un air frais et estival. Le texte \u00ab TENERIFE \u00bb se distingue par une typographie amusante, lui conf\u00e9rant une touche distinctive qui souligne son origine et son identit\u00e9 culturelle.<\/p>\n<p>Ce produit n&rsquo;est pas seulement fonctionnel, c&rsquo;est aussi un excellent souvenir de la beaut\u00e9 naturelle et de la biodiversit\u00e9 de Tenerife. Id\u00e9al pour donner une touche canarienne \u00e0 vos moments de d\u00e9tente, ce dessous de verre est parfait pour ceux qui recherchent des souvenirs authentiques capturant l&rsquo;essence de leur voyage. Chez Ol\u00e9 Mosaic, en tant que distributeurs de souvenirs en gros, nous proposons des produits authentiques et repr\u00e9sentatifs qui mettent en valeur la richesse culturelle de l&rsquo;Espagne. Ce dessous de verre en c\u00e9ramique n&#8217;embellit pas seulement les espaces, il invite \u00e9galement \u00e0 se souvenir de la chaleur des \u00eeles Canaries \u00e0 chaque utilisation, ce qui en fait un choix id\u00e9al pour les boutiques de cadeaux touristiques souhaitant offrir une exp\u00e9rience unique.<\/p>\n","protected":false},"excerpt":{"rendered":"<p>Dessous de verre en c\u00e9ramique d\u00e9cor\u00e9 d&rsquo;une salamandre vibrante et de fleurs, inspir\u00e9 par la riche culture de Tenerife. Ce design color\u00e9 et attrayant pr\u00e9sente une mosa\u00efque de tons verts, rouges et jaunes, contrastant avec un fond gris. L&rsquo;illustration met en valeur la faune locale et les fleurs embl\u00e9matiques, tandis que le texte \u00ab TENERIFE \u00bb ajoute une touche distinctive. Id\u00e9al pour apporter une touche canarienne \u00e0 vos moments de d\u00e9tente.<\/p>\n","protected":false},"featured_media":14164,"template":"","meta":{"_acf_changed":false},"product_brand":[],"product_cat":[812],"product_tag":[530,585],"class_list":{"0":"post-36390","1":"product","2":"type-product","3":"status-publish","4":"has-post-thumbnail","6":"product_cat-sous-verres","7":"product_tag-animaux","8":"product_tag-ceramique","9":"pa_ciudad-tenerife","10":"pa_motivo-salamandres","11":"pa_pais-espana","13":"first","14":"instock","15":"shipping-taxable","16":"product-type-simple"},"acf":[],"_links":{"self":[{"href":"https:\/\/olemosaic.orbitalia.org\/fr\/wp-json\/wp\/v2\/product\/36390","targetHints":{"allow":["GET"]}}],"collection":[{"href":"https:\/\/olemosaic.orbitalia.org\/fr\/wp-json\/wp\/v2\/product"}],"about":[{"href":"https:\/\/olemosaic.orbitalia.org\/fr\/wp-json\/wp\/v2\/types\/product"}],"wp:featuredmedia":[{"embeddable":true,"href":"https:\/\/olemosaic.orbitalia.org\/fr\/wp-json\/wp\/v2\/media\/14164"}],"wp:attachment":[{"href":"https:\/\/olemosaic.orbitalia.org\/fr\/wp-json\/wp\/v2\/media?parent=36390"}],"wp:term":[{"taxonomy":"product_brand","embeddable":true,"href":"https:\/\/olemosaic.orbitalia.org\/fr\/wp-json\/wp\/v2\/product_brand?post=36390"},{"taxonomy":"product_cat","embeddable":true,"href":"https:\/\/olemosaic.orbitalia.org\/fr\/wp-json\/wp\/v2\/product_cat?post=36390"},{"taxonomy":"product_tag","embeddable":true,"href":"https:\/\/olemosaic.orbitalia.org\/fr\/wp-json\/wp\/v2\/product_tag?post=36390"}],"curies":[{"name":"wp","href":"https:\/\/api.w.org\/{rel}","templated":true}]}}