{"id":36389,"date":"2025-02-20T22:38:22","date_gmt":"2025-02-20T22:38:22","guid":{"rendered":"https:\/\/olemosaic.orbitalia.org\/producto\/posavasos-de-ceramica-salamandra-y-flores-fuerteventura\/"},"modified":"2025-07-25T18:47:31","modified_gmt":"2025-07-25T16:47:31","slug":"dessous-de-verre-ceramique-salamandre-fleurs-fuerteventura","status":"publish","type":"product","link":"https:\/\/olemosaic.orbitalia.org\/fr\/produit\/dessous-de-verre-ceramique-salamandre-fleurs-fuerteventura\/","title":{"rendered":"Dessous de verre en c\u00e9ramique. Salamandre et fleurs. Fuerteventura."},"content":{"rendered":"<p>Ce dessous de verre en c\u00e9ramique est un v\u00e9ritable bijou d\u00e9coratif inspir\u00e9 par la biodiversit\u00e9 et les paysages vibrants de Fuerteventura. Il pr\u00e9sente une illustration frappante d&rsquo;une salamandre, entour\u00e9e de fleurs exub\u00e9rantes dans une palette de couleurs vives comprenant des verts, des rouges, des jaunes et des bleus. Le fond en mosa\u00efque, \u00e9voquant l&rsquo;art traditionnel canarien, ajoute une touche authentique et distinctive, faisant de chaque dessous de verre une repr\u00e9sentation unique de la culture locale. Le mot \u00ab Fuerteventura \u00bb, imprim\u00e9 sur la partie sup\u00e9rieure, renforce le sentiment d&rsquo;appartenance \u00e0 cette \u00eele merveilleuse, offrant \u00e0 la fois fonctionnalit\u00e9 et attrait visuel qui transformera n&rsquo;importe quelle table.<\/p>\n<p>Ce dessous de verre ne prot\u00e8ge pas seulement les surfaces des taches, il agit \u00e9galement comme un charmant rappel du riche patrimoine culturel de Fuerteventura, c\u00e9l\u00e8bre pour ses paysages volcaniques, ses plages paradisiaques et sa faune singuli\u00e8re. Chez Ol\u00e9 Mosaic, nous sommes fiers de proposer des souvenirs authentiques qui refl\u00e8tent l&rsquo;essence des r\u00e9gions qu&rsquo;ils repr\u00e9sentent. Ce dessous de verre en c\u00e9ramique est un excellent choix pour les boutiques de cadeaux touristiques \u00e0 la recherche de produits uniques et repr\u00e9sentatifs. En tant que grossistes d&rsquo;articles d\u00e9coratifs en c\u00e9ramique, nous garantissons que chaque pi\u00e8ce allie qualit\u00e9 et style, capturant la beaut\u00e9 naturelle et l&rsquo;identit\u00e9 de Fuerteventura de mani\u00e8re exceptionnelle.<\/p>\n","protected":false},"excerpt":{"rendered":"<p>Dessous de verre en c\u00e9ramique d\u00e9cor\u00e9 d&rsquo;une salamandre vibrante et de fleurs, inspir\u00e9 par la beaut\u00e9 naturelle de Fuerteventura. Ce design attrayant pr\u00e9sente une illustration color\u00e9e dans les tons vert, rouge, jaune et bleu, sur un fond de mosa\u00efque \u00e9voquant l&rsquo;art traditionnel canarien. Avec le mot \u00ab Fuerteventura \u00bb imprim\u00e9 sur le dessus, ce dessous de verre est non seulement fonctionnel, mais ajoute \u00e9galement une touche de couleur et de culture \u00e0 n&rsquo;importe quelle table.<\/p>\n","protected":false},"featured_media":14163,"template":"","meta":{"_acf_changed":false},"product_brand":[],"product_cat":[812],"product_tag":[530,585],"class_list":{"0":"post-36389","1":"product","2":"type-product","3":"status-publish","4":"has-post-thumbnail","6":"product_cat-sous-verres","7":"product_tag-animaux","8":"product_tag-ceramique","9":"pa_ciudad-fuerteventura","10":"pa_motivo-salamandres","11":"pa_pais-espana","13":"first","14":"instock","15":"shipping-taxable","16":"product-type-simple"},"acf":[],"_links":{"self":[{"href":"https:\/\/olemosaic.orbitalia.org\/fr\/wp-json\/wp\/v2\/product\/36389","targetHints":{"allow":["GET"]}}],"collection":[{"href":"https:\/\/olemosaic.orbitalia.org\/fr\/wp-json\/wp\/v2\/product"}],"about":[{"href":"https:\/\/olemosaic.orbitalia.org\/fr\/wp-json\/wp\/v2\/types\/product"}],"wp:featuredmedia":[{"embeddable":true,"href":"https:\/\/olemosaic.orbitalia.org\/fr\/wp-json\/wp\/v2\/media\/14163"}],"wp:attachment":[{"href":"https:\/\/olemosaic.orbitalia.org\/fr\/wp-json\/wp\/v2\/media?parent=36389"}],"wp:term":[{"taxonomy":"product_brand","embeddable":true,"href":"https:\/\/olemosaic.orbitalia.org\/fr\/wp-json\/wp\/v2\/product_brand?post=36389"},{"taxonomy":"product_cat","embeddable":true,"href":"https:\/\/olemosaic.orbitalia.org\/fr\/wp-json\/wp\/v2\/product_cat?post=36389"},{"taxonomy":"product_tag","embeddable":true,"href":"https:\/\/olemosaic.orbitalia.org\/fr\/wp-json\/wp\/v2\/product_tag?post=36389"}],"curies":[{"name":"wp","href":"https:\/\/api.w.org\/{rel}","templated":true}]}}