{"id":36375,"date":"2025-02-20T22:38:21","date_gmt":"2025-02-20T22:38:21","guid":{"rendered":"https:\/\/olemosaic.orbitalia.org\/producto\/posavasos-de-ceramica-gato-tenerife\/"},"modified":"2025-07-25T20:09:39","modified_gmt":"2025-07-25T18:09:39","slug":"sous-verre-ceramique-chat-tenerife","status":"publish","type":"product","link":"https:\/\/olemosaic.orbitalia.org\/fr\/produit\/sous-verre-ceramique-chat-tenerife\/","title":{"rendered":"Sous-verre en c\u00e9ramique. Chat. Tenerife."},"content":{"rendered":"<p>Ce sous-verre en c\u00e9ramique, d\u00e9cor\u00e9 d&rsquo;un motif f\u00e9lin vibrant, est un souvenir color\u00e9 et amusant qui capture l&rsquo;essence de Tenerife. Avec une mosa\u00efque fascinante, il pr\u00e9sente trois chats dans des tons brillants de vert, bleu et orange, chacun sur un fond plein de vie avec des papillons voltigeant dans des teintes joyeuses. Le mot \u00ab\u00a0Tenerife\u00a0\u00bb se d\u00e9tache en haut, imprim\u00e9 avec une typographie qui irradie la joie, transformant cet objet non seulement en un produit fonctionnel, mais aussi en une v\u00e9ritable pi\u00e8ce d&rsquo;art d\u00e9corative.<\/p>\n<p>L&rsquo;utilisation de couleurs intenses et de motifs sur ce sous-verre \u00e9voque non seulement la diversit\u00e9 de la flore et de la faune canariennes, mais rend \u00e9galement hommage \u00e0 la culture viticole de l&rsquo;\u00eele, o\u00f9 les chats sont appr\u00e9ci\u00e9s pour leur r\u00f4le dans le contr\u00f4le des rongeurs dans les vignobles. Ce souvenir est parfait pour les touristes qui cherchent \u00e0 ramener chez eux un morceau de la vibrante culture de Tenerife, soulignant son authenticit\u00e9 et sa connexion avec la r\u00e9gion.<\/p>\n<p>Chez Ol\u00e9 Mosaic, nous sommes experts dans la distribution de souvenirs en gros, et ce sous-verre en c\u00e9ramique est un excellent ajout pour les boutiques de cadeaux touristiques qui cherchent \u00e0 proposer des produits uniques et repr\u00e9sentatifs de Tenerife. Un cadeau id\u00e9al pour ceux qui souhaitent se souvenir de la chaleur et de la joie de cette magnifique \u00eele des Canaries.<\/p>\n","protected":false},"excerpt":{"rendered":"<p>Sous-verre en c\u00e9ramique avec un design vibrant de chats, inspir\u00e9 par la flore et la faune de Tenerife. Ce sous-verre attrayant pr\u00e9sente une mosa\u00efque color\u00e9e avec trois chats dans des tons brillants de vert, bleu et orange, accompagn\u00e9s de papillons sur un fond vif \u00e9voquant l&rsquo;\u00eele des Canaries. Le mot \u00ab\u00a0Tenerife\u00a0\u00bb est imprim\u00e9 avec une typographie joyeuse, ajoutant une touche distinctive et amusante \u00e0 ce souvenir pratique. Id\u00e9al pour apporter une touche de couleur \u00e0 n&rsquo;importe quelle table.<\/p>\n","protected":false},"featured_media":14154,"template":"","meta":{"_acf_changed":false},"product_brand":[],"product_cat":[812],"product_tag":[530,585],"class_list":{"0":"post-36375","1":"product","2":"type-product","3":"status-publish","4":"has-post-thumbnail","6":"product_cat-sous-verres","7":"product_tag-animaux","8":"product_tag-ceramique","9":"pa_ciudad-tenerife","10":"pa_motivo-chats","11":"pa_pais-espana","13":"first","14":"instock","15":"shipping-taxable","16":"product-type-simple"},"acf":[],"_links":{"self":[{"href":"https:\/\/olemosaic.orbitalia.org\/fr\/wp-json\/wp\/v2\/product\/36375","targetHints":{"allow":["GET"]}}],"collection":[{"href":"https:\/\/olemosaic.orbitalia.org\/fr\/wp-json\/wp\/v2\/product"}],"about":[{"href":"https:\/\/olemosaic.orbitalia.org\/fr\/wp-json\/wp\/v2\/types\/product"}],"wp:featuredmedia":[{"embeddable":true,"href":"https:\/\/olemosaic.orbitalia.org\/fr\/wp-json\/wp\/v2\/media\/14154"}],"wp:attachment":[{"href":"https:\/\/olemosaic.orbitalia.org\/fr\/wp-json\/wp\/v2\/media?parent=36375"}],"wp:term":[{"taxonomy":"product_brand","embeddable":true,"href":"https:\/\/olemosaic.orbitalia.org\/fr\/wp-json\/wp\/v2\/product_brand?post=36375"},{"taxonomy":"product_cat","embeddable":true,"href":"https:\/\/olemosaic.orbitalia.org\/fr\/wp-json\/wp\/v2\/product_cat?post=36375"},{"taxonomy":"product_tag","embeddable":true,"href":"https:\/\/olemosaic.orbitalia.org\/fr\/wp-json\/wp\/v2\/product_tag?post=36375"}],"curies":[{"name":"wp","href":"https:\/\/api.w.org\/{rel}","templated":true}]}}