{"id":36336,"date":"2025-02-20T22:38:19","date_gmt":"2025-02-20T22:38:19","guid":{"rendered":"https:\/\/olemosaic.orbitalia.org\/producto\/posavasos-de-ceramica-mariposa-tenerife\/"},"modified":"2025-07-25T18:34:47","modified_gmt":"2025-07-25T16:34:47","slug":"sous-verre-ceramique-papillon-tenerife","status":"publish","type":"product","link":"https:\/\/olemosaic.orbitalia.org\/fr\/produit\/sous-verre-ceramique-papillon-tenerife\/","title":{"rendered":"Sous-verre en c\u00e9ramique. Papillon. Tenerife."},"content":{"rendered":"<p>Ce sous-verre en c\u00e9ramique, avec son design vibrant de papillons, est un reflet authentique de la beaut\u00e9 naturelle de Tenerife. Sa forme ronde est orn\u00e9e de papillons color\u00e9s dans des tons de rouge, jaune, bleu et vert, qui semblent prendre vie sur un fond textur\u00e9 imitant une mosa\u00efque d\u00e9licate. La d\u00e9coration florale qui entoure les papillons ajoute une touche joyeuse et fra\u00eeche, \u00e9voquant l&rsquo;exub\u00e9rance de la flore canarienne, si propre \u00e0 l&rsquo;\u00eele. Sur la partie sup\u00e9rieure, le mot \u00ab\u00a0TENERIFE\u00a0\u00bb ressort avec un design attrayant, liant ce souvenir \u00e0 l&rsquo;une des plus belles destinations de l&rsquo;archipel canarien.<\/p>\n<p>Ce sous-verre n&rsquo;est pas seulement fonctionnel, c&rsquo;est aussi un charmant souvenir qui capture l&rsquo;essence de la culture de Tenerife. Les papillons, symboles de transformation et de beaut\u00e9, repr\u00e9sentent la nature qui entoure l&rsquo;\u00eele, o\u00f9 la biodiversit\u00e9 s&rsquo;\u00e9panouit dans ses paysages. En tant que souvenir en c\u00e9ramique, il se distingue par son authenticit\u00e9 et sa qualit\u00e9 artisanale, ce qui en fait une excellente option pour ceux qui recherchent une touche m\u00e9diterran\u00e9enne pour leur maison.<\/p>\n<p>Chez Ol\u00e9 Mosaic, nous nous sp\u00e9cialisons dans la distribution de souvenirs en gros, et ce sous-verre de papillons est une offre id\u00e9ale pour les boutiques de cadeaux touristiques qui recherchent des produits mettant en valeur la richesse culturelle et naturelle de Tenerife. Choisir nos sous-verres, c&rsquo;est opter pour un souvenir unique qui ravira les touristes comme les locaux.<\/p>\n","protected":false},"excerpt":{"rendered":"<p>Sous-verre en c\u00e9ramique avec un design vibrant de papillons, inspir\u00e9 par la beaut\u00e9 naturelle de Tenerife. Ce produit rond pr\u00e9sente des papillons color\u00e9s dans des tons rouges, jaunes, bleus et verts, entour\u00e9s de fleurs d\u00e9coratives qui ajoutent une touche joyeuse. Le fond pr\u00e9sente une texture de mosa\u00efque qui compl\u00e8te le design color\u00e9. Le mot \u00ab\u00a0TENERIFE\u00a0\u00bb appara\u00eet sur la partie sup\u00e9rieure, soulignant le lien avec cette magnifique \u00eele des Canaries, id\u00e9al pour donner une touche m\u00e9diterran\u00e9enne \u00e0 n&rsquo;importe quel foyer.<\/p>\n","protected":false},"featured_media":14146,"template":"","meta":{"_acf_changed":false},"product_brand":[],"product_cat":[812],"product_tag":[530,585],"class_list":{"0":"post-36336","1":"product","2":"type-product","3":"status-publish","4":"has-post-thumbnail","6":"product_cat-sous-verres","7":"product_tag-animaux","8":"product_tag-ceramique","9":"pa_ciudad-tenerife","10":"pa_motivo-papillons","11":"pa_pais-espana","13":"first","14":"instock","15":"shipping-taxable","16":"product-type-simple"},"acf":[],"_links":{"self":[{"href":"https:\/\/olemosaic.orbitalia.org\/fr\/wp-json\/wp\/v2\/product\/36336","targetHints":{"allow":["GET"]}}],"collection":[{"href":"https:\/\/olemosaic.orbitalia.org\/fr\/wp-json\/wp\/v2\/product"}],"about":[{"href":"https:\/\/olemosaic.orbitalia.org\/fr\/wp-json\/wp\/v2\/types\/product"}],"wp:featuredmedia":[{"embeddable":true,"href":"https:\/\/olemosaic.orbitalia.org\/fr\/wp-json\/wp\/v2\/media\/14146"}],"wp:attachment":[{"href":"https:\/\/olemosaic.orbitalia.org\/fr\/wp-json\/wp\/v2\/media?parent=36336"}],"wp:term":[{"taxonomy":"product_brand","embeddable":true,"href":"https:\/\/olemosaic.orbitalia.org\/fr\/wp-json\/wp\/v2\/product_brand?post=36336"},{"taxonomy":"product_cat","embeddable":true,"href":"https:\/\/olemosaic.orbitalia.org\/fr\/wp-json\/wp\/v2\/product_cat?post=36336"},{"taxonomy":"product_tag","embeddable":true,"href":"https:\/\/olemosaic.orbitalia.org\/fr\/wp-json\/wp\/v2\/product_tag?post=36336"}],"curies":[{"name":"wp","href":"https:\/\/api.w.org\/{rel}","templated":true}]}}