{"id":36334,"date":"2025-02-20T22:38:19","date_gmt":"2025-02-20T22:38:19","guid":{"rendered":"https:\/\/olemosaic.orbitalia.org\/producto\/posavasos-de-ceramica-toros-mallorca\/"},"modified":"2025-07-25T19:00:20","modified_gmt":"2025-07-25T17:00:20","slug":"sous-verre-ceramique-taureaux-majorque","status":"publish","type":"product","link":"https:\/\/olemosaic.orbitalia.org\/fr\/produit\/sous-verre-ceramique-taureaux-majorque\/","title":{"rendered":"Sous-verre en c\u00e9ramique. Taureaux. Majorque."},"content":{"rendered":"<p>D\u00e9couvrez le sous-verre en c\u00e9ramique de Majorque, une pi\u00e8ce vibrante qui capture l&rsquo;essence de la culture traditionnelle espagnole. Ce sous-verre pr\u00e9sente un design \u00e9labor\u00e9 en forme de mosa\u00efque, o\u00f9 un taureau robuste, symbole de force et de bravoure, se dresse fi\u00e8rement sur un fond rempli de fleurs rouges et d&rsquo;un soleil \u00e9clatant, le tout dans une palette de couleurs vives comprenant des bleus profonds, des verts frais, des jaunes radieux et des rouges intenses. L&rsquo;inscription \u00ab\u00a0MALLORCA\u00a0\u00bb se d\u00e9tache \u00e9l\u00e9gamment sur la partie sup\u00e9rieure, offrant une touche authentique et festive \u00e0 la d\u00e9coration de n&rsquo;importe quelle table.<\/p>\n<p>Ce sous-verre n&rsquo;est pas seulement fonctionnel, il agit \u00e9galement comme un souvenir culturel repr\u00e9sentatif de Majorque, rappelant aux touristes le riche h\u00e9ritage de l&rsquo;\u00eele et le lien profond du peuple avec sa tradition d&rsquo;\u00e9levage. Parfait pour un usage personnel ou comme cadeau significatif, ce souvenir souligne l&rsquo;authenticit\u00e9 de l&rsquo;artisanat bal\u00e9are, ce qui en fait l&rsquo;option id\u00e9ale pour ceux qui cherchent un morceau de Majorque \u00e0 emporter chez eux.<\/p>\n<p>Chez Ol\u00e9 Mosaic, nous nous sp\u00e9cialisons dans la distribution de souvenirs en gros, et ce sous-verre en c\u00e9ramique n&rsquo;est pas seulement un exemple de design artistique, mais refl\u00e8te \u00e9galement la richesse culturelle de Majorque, devenant un excellent ajout pour les boutiques de cadeaux touristiques. Attirez l&rsquo;attention de vos clients avec ce sous-verre color\u00e9, qui allie tradition et beaut\u00e9, id\u00e9al pour ceux qui recherchent des souvenirs uniques et repr\u00e9sentatifs.<\/p>\n","protected":false},"excerpt":{"rendered":"<p>Sous-verre en c\u00e9ramique avec un design color\u00e9 de taureaux, \u00e9voquant la culture traditionnelle majorquine. Ce sous-verre attrayant pr\u00e9sente une mosa\u00efque vibrante, o\u00f9 un taureau se d\u00e9tache sur un fond de fleurs rouges et un soleil radieux, le tout dans des tons vifs de bleu, vert, jaune et rouge. L&rsquo;inscription \u00ab\u00a0MALLORCA\u00a0\u00bb compl\u00e8te le design, id\u00e9al pour ajouter une touche festive et culturelle \u00e0 n&rsquo;importe quelle table. Parfait comme cadeau ou pour un usage personnel.<\/p>\n","protected":false},"featured_media":14144,"template":"","meta":{"_acf_changed":false},"product_brand":[],"product_cat":[812],"product_tag":[530,585],"class_list":{"0":"post-36334","1":"product","2":"type-product","3":"status-publish","4":"has-post-thumbnail","6":"product_cat-sous-verres","7":"product_tag-animaux","8":"product_tag-ceramique","9":"pa_ciudad-mallorca","10":"pa_motivo-taureaux","11":"pa_pais-espana","13":"first","14":"instock","15":"shipping-taxable","16":"product-type-simple"},"acf":[],"_links":{"self":[{"href":"https:\/\/olemosaic.orbitalia.org\/fr\/wp-json\/wp\/v2\/product\/36334","targetHints":{"allow":["GET"]}}],"collection":[{"href":"https:\/\/olemosaic.orbitalia.org\/fr\/wp-json\/wp\/v2\/product"}],"about":[{"href":"https:\/\/olemosaic.orbitalia.org\/fr\/wp-json\/wp\/v2\/types\/product"}],"wp:featuredmedia":[{"embeddable":true,"href":"https:\/\/olemosaic.orbitalia.org\/fr\/wp-json\/wp\/v2\/media\/14144"}],"wp:attachment":[{"href":"https:\/\/olemosaic.orbitalia.org\/fr\/wp-json\/wp\/v2\/media?parent=36334"}],"wp:term":[{"taxonomy":"product_brand","embeddable":true,"href":"https:\/\/olemosaic.orbitalia.org\/fr\/wp-json\/wp\/v2\/product_brand?post=36334"},{"taxonomy":"product_cat","embeddable":true,"href":"https:\/\/olemosaic.orbitalia.org\/fr\/wp-json\/wp\/v2\/product_cat?post=36334"},{"taxonomy":"product_tag","embeddable":true,"href":"https:\/\/olemosaic.orbitalia.org\/fr\/wp-json\/wp\/v2\/product_tag?post=36334"}],"curies":[{"name":"wp","href":"https:\/\/api.w.org\/{rel}","templated":true}]}}