{"id":36320,"date":"2025-02-20T22:38:17","date_gmt":"2025-02-20T22:38:17","guid":{"rendered":"https:\/\/olemosaic.orbitalia.org\/producto\/posavasos-de-ceramica-mosaico-alicante\/"},"modified":"2025-07-25T19:06:10","modified_gmt":"2025-07-25T17:06:10","slug":"dessous-de-verre-ceramique-mosaique-alicante","status":"publish","type":"product","link":"https:\/\/olemosaic.orbitalia.org\/fr\/produit\/dessous-de-verre-ceramique-mosaique-alicante\/","title":{"rendered":"Dessous de verre en c\u00e9ramique. Mosa\u00efque. Alicante."},"content":{"rendered":"<p>Ce dessous de verre en c\u00e9ramique au design de mosa\u00efque est un v\u00e9ritable hommage \u00e0 la tradition color\u00e9e des carreaux d&rsquo;Alicante. De forme circulaire, il pr\u00e9sente une vari\u00e9t\u00e9 exquise de motifs dans des tons vibrants de bleu, rouge, jaune et blanc, qui \u00e9voquent les carreaux d\u00e9coratifs embellissant l&rsquo;architecture et les espaces publics de la r\u00e9gion. Le mot \u00ab Alicante \u00bb ressort \u00e9l\u00e9gamment sur les bords, approfondissant le lien avec cette belle ville m\u00e9diterran\u00e9enne.<\/p>\n<p>Fabriqu\u00e9 en c\u00e9ramique de haute qualit\u00e9, ce dessous de verre est non seulement fonctionnel, prot\u00e9geant les surfaces des boissons, mais agit \u00e9galement comme une pi\u00e8ce d\u00e9corative qui rehausse l&rsquo;esth\u00e9tique m\u00e9diterran\u00e9enne dans n&rsquo;importe quel foyer. Chaque motif est soigneusement con\u00e7u, capturant l&rsquo;essence de l&rsquo;art c\u00e9ramique d&rsquo;Alicante, qui combine tradition et modernit\u00e9 de mani\u00e8re magistrale.<\/p>\n<p>Ce dessous de verre repr\u00e9sente un souvenir authentique et culturellement pertinent, id\u00e9al pour les touristes cherchant \u00e0 ramener un morceau d&rsquo;Alicante chez eux. Chez Ol\u00e9 Mosaic, en tant que grossiste de souvenirs, nous proposons ce produit ainsi que d&rsquo;autres repr\u00e9sentant le riche patrimoine culturel espagnol, parfaits pour les boutiques de cadeaux touristiques souhaitant offrir des articles exclusifs et significatifs. Les souvenirs en c\u00e9ramique, comme ce dessous de verre en mosa\u00efque, sont un excellent cadeau pour se souvenir de moments et de lieux sp\u00e9ciaux.<\/p>\n","protected":false},"excerpt":{"rendered":"<p>Dessous de verre en c\u00e9ramique au design de mosa\u00efque, inspir\u00e9 par les carreaux color\u00e9s d&rsquo;Alicante. Ce produit circulaire pr\u00e9sente une vari\u00e9t\u00e9 de motifs dans les tons bleus, rouges, jaunes et blancs, avec le mot \u00ab\u00a0Alicante\u00a0\u00bb mis en avant sur les bords. Fabriqu\u00e9 en c\u00e9ramique, c&rsquo;est un article fonctionnel et d\u00e9coratif, id\u00e9al pour prot\u00e9ger les surfaces des boissons tout en \u00e9voquant la riche tradition culturelle et architecturale de la r\u00e9gion.<\/p>\n","protected":false},"featured_media":14140,"template":"","meta":{"_acf_changed":false},"product_brand":[],"product_cat":[812],"product_tag":[585],"class_list":{"0":"post-36320","1":"product","2":"type-product","3":"status-publish","4":"has-post-thumbnail","6":"product_cat-sous-verres","7":"product_tag-ceramique","8":"pa_ciudad-alicante","9":"pa_motivo-mosaique","10":"pa_pais-espana","12":"first","13":"instock","14":"shipping-taxable","15":"product-type-simple"},"acf":[],"_links":{"self":[{"href":"https:\/\/olemosaic.orbitalia.org\/fr\/wp-json\/wp\/v2\/product\/36320","targetHints":{"allow":["GET"]}}],"collection":[{"href":"https:\/\/olemosaic.orbitalia.org\/fr\/wp-json\/wp\/v2\/product"}],"about":[{"href":"https:\/\/olemosaic.orbitalia.org\/fr\/wp-json\/wp\/v2\/types\/product"}],"wp:featuredmedia":[{"embeddable":true,"href":"https:\/\/olemosaic.orbitalia.org\/fr\/wp-json\/wp\/v2\/media\/14140"}],"wp:attachment":[{"href":"https:\/\/olemosaic.orbitalia.org\/fr\/wp-json\/wp\/v2\/media?parent=36320"}],"wp:term":[{"taxonomy":"product_brand","embeddable":true,"href":"https:\/\/olemosaic.orbitalia.org\/fr\/wp-json\/wp\/v2\/product_brand?post=36320"},{"taxonomy":"product_cat","embeddable":true,"href":"https:\/\/olemosaic.orbitalia.org\/fr\/wp-json\/wp\/v2\/product_cat?post=36320"},{"taxonomy":"product_tag","embeddable":true,"href":"https:\/\/olemosaic.orbitalia.org\/fr\/wp-json\/wp\/v2\/product_tag?post=36320"}],"curies":[{"name":"wp","href":"https:\/\/api.w.org\/{rel}","templated":true}]}}