{"id":36295,"date":"2025-02-20T22:38:16","date_gmt":"2025-02-20T22:38:16","guid":{"rendered":"https:\/\/olemosaic.orbitalia.org\/producto\/plato-de-ceramica-de-15-cm-sardinas-blanco\/"},"modified":"2025-07-25T19:27:45","modified_gmt":"2025-07-25T17:27:45","slug":"assiette-en-ceramique-de-15-cm-sardines-blanc","status":"publish","type":"product","link":"https:\/\/olemosaic.orbitalia.org\/fr\/produit\/assiette-en-ceramique-de-15-cm-sardines-blanc\/","title":{"rendered":"Assiette en c\u00e9ramique de 15 cm. Sardines. Blanc."},"content":{"rendered":"<p>D\u00e9couvrez notre charmante assiette en c\u00e9ramique de 15 cm, d\u00e9cor\u00e9e de sardines vibrantes sur un fond blanc, orn\u00e9e de d\u00e9tails bleus qui \u00e9voquent la tradition maritime de la c\u00f4te espagnole. Cette assiette se distingue par son design joyeux et color\u00e9, avec des sardines aux tons brillants d&rsquo;orange, de rouge, de vert et de bleu, dispos\u00e9es dans un style graphique distinctif qui apporte une touche de fra\u00eecheur et de folklore m\u00e9diterran\u00e9en. Id\u00e9ale aussi bien pour d\u00e9corer la table que pour collectionner, cet article non seulement embellit la maison, mais refl\u00e8te \u00e9galement la riche culture culinaire de l&rsquo;Espagne, o\u00f9 le poisson est un \u00e9l\u00e9ment essentiel de sa gastronomie.<\/p>\n<p>Chaque assiette est un hommage \u00e0 l&rsquo;h\u00e9ritage de la p\u00eache des r\u00e9gions c\u00f4ti\u00e8res, rappelant aux visiteurs l&rsquo;importance des produits de la mer dans le r\u00e9gime m\u00e9diterran\u00e9en. Ce souvenir repr\u00e9sente la joie de vivre au bord de la mer, ce qui en fait un choix parfait pour les touristes qui cherchent \u00e0 emporter un morceau de la culture espagnole. Chez Ol\u00e9 Mosaic, en tant que grossistes d&rsquo;assiettes en c\u00e9ramique, nous proposons des souvenirs authentiques qui capturent l&rsquo;essence de chaque coin de l&rsquo;Espagne, id\u00e9aux pour les boutiques de cadeaux touristiques \u00e0 la recherche de produits originaux et de haute qualit\u00e9.<\/p>\n","protected":false},"excerpt":{"rendered":"<p>Assiette en c\u00e9ramique de 15 cm, d\u00e9cor\u00e9e de sardines color\u00e9es sur un fond blanc avec des d\u00e9tails bleus. Cette charmante assiette pr\u00e9sente un design joyeux et vibrant, avec des sardines dans des tons orange, rouge, vert et bleu nageant dans un style graphique distinctif. Id\u00e9ale pour ajouter une touche de folklore m\u00e9diterran\u00e9en \u00e0 votre table ou comme objet d\u00e9coratif, cet article refl\u00e8te la riche tradition culinaire de la c\u00f4te espagnole, devenant un souvenir parfait.<\/p>\n","protected":false},"featured_media":8894,"template":"","meta":{"_acf_changed":false},"product_brand":[],"product_cat":[656],"product_tag":[530,585],"class_list":{"0":"post-36295","1":"product","2":"type-product","3":"status-publish","4":"has-post-thumbnail","6":"product_cat-assiettes-decoratives","7":"product_tag-animaux","8":"product_tag-ceramique","9":"pa_motivo-sardines","11":"first","12":"instock","13":"shipping-taxable","14":"product-type-simple"},"acf":[],"_links":{"self":[{"href":"https:\/\/olemosaic.orbitalia.org\/fr\/wp-json\/wp\/v2\/product\/36295","targetHints":{"allow":["GET"]}}],"collection":[{"href":"https:\/\/olemosaic.orbitalia.org\/fr\/wp-json\/wp\/v2\/product"}],"about":[{"href":"https:\/\/olemosaic.orbitalia.org\/fr\/wp-json\/wp\/v2\/types\/product"}],"wp:featuredmedia":[{"embeddable":true,"href":"https:\/\/olemosaic.orbitalia.org\/fr\/wp-json\/wp\/v2\/media\/8894"}],"wp:attachment":[{"href":"https:\/\/olemosaic.orbitalia.org\/fr\/wp-json\/wp\/v2\/media?parent=36295"}],"wp:term":[{"taxonomy":"product_brand","embeddable":true,"href":"https:\/\/olemosaic.orbitalia.org\/fr\/wp-json\/wp\/v2\/product_brand?post=36295"},{"taxonomy":"product_cat","embeddable":true,"href":"https:\/\/olemosaic.orbitalia.org\/fr\/wp-json\/wp\/v2\/product_cat?post=36295"},{"taxonomy":"product_tag","embeddable":true,"href":"https:\/\/olemosaic.orbitalia.org\/fr\/wp-json\/wp\/v2\/product_tag?post=36295"}],"curies":[{"name":"wp","href":"https:\/\/api.w.org\/{rel}","templated":true}]}}