{"id":36289,"date":"2025-02-20T23:38:15","date_gmt":"2025-02-20T22:38:15","guid":{"rendered":"https:\/\/olemosaic.orbitalia.org\/producto\/llavero-de-madera-toro-3\/"},"modified":"2025-07-25T18:44:39","modified_gmt":"2025-07-25T16:44:39","slug":"porte-cles-en-bois-mosaique-taureau","status":"publish","type":"product","link":"https:\/\/olemosaic.orbitalia.org\/fr\/produit\/porte-cles-en-bois-mosaique-taureau\/","title":{"rendered":"Porte-cl\u00e9s en bois. Mosa\u00efque. Taureau."},"content":{"rendered":"<p>Ce porte-cl\u00e9s en bois avec la figure stylis\u00e9e d&rsquo;un taureau est un souvenir embl\u00e9matique de la culture espagnole. Son design vibrant et percutant se caract\u00e9rise par une mosa\u00efque color\u00e9e combinant des tons verts, rouges, jaunes et bleus, cr\u00e9ant un effet visuel contemporain qui attire tous les regards. La forme distinctive du taureau, symbole iconique de la tradition taurine espagnole, est rehauss\u00e9e par la richesse des couleurs, \u00e9voquant la passion et le dynamisme qui entourent cette ancienne pratique culturelle.<\/p>\n<p>Le porte-cl\u00e9s n&rsquo;est pas seulement un accessoire fonctionnel, mais sert \u00e9galement de souvenir authentique et repr\u00e9sentatif de la diversit\u00e9 culturelle du pays. Sa fabrication en bois ajoute une touche artisanale qui souligne la qualit\u00e9 du produit et son lien avec la tradition espagnole, en faisant une pi\u00e8ce parfaite pour ceux qui recherchent des souvenirs capturant l&rsquo;essence de leur voyage.<\/p>\n<p>Chez Ol\u00e9 Mosaic, nous proposons ce porte-cl\u00e9s taureau dans le cadre de notre large gamme de souvenirs en bois, id\u00e9al pour les boutiques de cadeaux touristiques souhaitant fournir des produits authentiques et m\u00e9morables. Ce porte-cl\u00e9s est un excellent choix pour les touristes et, de plus, une fa\u00e7on d&#8217;emporter avec soi un morceau d&rsquo;Espagne et son riche h\u00e9ritage culturel. En tant que grossistes de souvenirs, nous garantissons un design attrayant et amusant qui ravira tout amateur de culture espagnole.<\/p>\n","protected":false},"excerpt":{"rendered":"<p>Porte-cl\u00e9s en bois avec la figure stylis\u00e9e d&rsquo;un taureau, symbole iconique de la culture espagnole. Cet accessoire frappant est \u00e9labor\u00e9 avec un design color\u00e9 pr\u00e9sentant une mosa\u00efque vibrante, aux tons verts, rouges, jaunes et bleus, cr\u00e9ant un effet visuel contemporain. Sa forme distinctive et artistique repr\u00e9sente la tradition taurine de l&rsquo;Espagne, en faisant un souvenir unique pour se rappeler la richesse culturelle du pays.<\/p>\n","protected":false},"featured_media":10713,"template":"","meta":{"_acf_changed":false},"product_brand":[],"product_cat":[607],"product_tag":[530],"class_list":{"0":"post-36289","1":"product","2":"type-product","3":"status-publish","4":"has-post-thumbnail","6":"product_cat-porte-cles","7":"product_tag-animaux","8":"pa_motivo-taureaux","10":"first","11":"instock","12":"shipping-taxable","13":"product-type-simple"},"acf":[],"_links":{"self":[{"href":"https:\/\/olemosaic.orbitalia.org\/fr\/wp-json\/wp\/v2\/product\/36289","targetHints":{"allow":["GET"]}}],"collection":[{"href":"https:\/\/olemosaic.orbitalia.org\/fr\/wp-json\/wp\/v2\/product"}],"about":[{"href":"https:\/\/olemosaic.orbitalia.org\/fr\/wp-json\/wp\/v2\/types\/product"}],"wp:featuredmedia":[{"embeddable":true,"href":"https:\/\/olemosaic.orbitalia.org\/fr\/wp-json\/wp\/v2\/media\/10713"}],"wp:attachment":[{"href":"https:\/\/olemosaic.orbitalia.org\/fr\/wp-json\/wp\/v2\/media?parent=36289"}],"wp:term":[{"taxonomy":"product_brand","embeddable":true,"href":"https:\/\/olemosaic.orbitalia.org\/fr\/wp-json\/wp\/v2\/product_brand?post=36289"},{"taxonomy":"product_cat","embeddable":true,"href":"https:\/\/olemosaic.orbitalia.org\/fr\/wp-json\/wp\/v2\/product_cat?post=36289"},{"taxonomy":"product_tag","embeddable":true,"href":"https:\/\/olemosaic.orbitalia.org\/fr\/wp-json\/wp\/v2\/product_tag?post=36289"}],"curies":[{"name":"wp","href":"https:\/\/api.w.org\/{rel}","templated":true}]}}