{"id":36271,"date":"2025-02-20T23:38:14","date_gmt":"2025-02-20T22:38:14","guid":{"rendered":"https:\/\/olemosaic.orbitalia.org\/producto\/4-bols-de-coco-de-13-x-6-cm-sagrada-familia-barcelona-2\/"},"modified":"2025-07-25T19:01:56","modified_gmt":"2025-07-25T17:01:56","slug":"4-bols-en-noix-de-coco-de-13-x-6-cm-sagrada-familia-barcelone-2","status":"publish","type":"product","link":"https:\/\/olemosaic.orbitalia.org\/fr\/produit\/4-bols-en-noix-de-coco-de-13-x-6-cm-sagrada-familia-barcelone-2\/","title":{"rendered":"4 Bols en noix de coco de 13 x 6 cm. Mosa\u00efque. Sagrada Familia. Barcelone."},"content":{"rendered":"<p>Ce lot de quatre bols en noix de coco de 13 x 6 cm, d\u00e9cor\u00e9s de l&rsquo;iconique Sagrada Familia de Barcelone, est une option vibrante et culturellement riche pour ceux qui recherchent des souvenirs repr\u00e9sentatifs de la ville. Chaque bol pr\u00e9sente une palette de couleurs intenses : bleu, rouge, orange et rose, qui \u00e9voquent l&rsquo;\u00e9nergie et le p\u00e9tillement de l&rsquo;architecture moderniste catalane vibrante. Le design, imprim\u00e9 au centre de chaque bol, souligne la silhouette embl\u00e9matique de la Sagrada Familia, encadr\u00e9e par un contour blanc qui cr\u00e9e un contraste attrayant avec les couleurs vives, presque comme une mosa\u00efque rappelant les \u0153uvres d&rsquo;Antoni Gaud\u00ed.<\/p>\n<p>Id\u00e9aux aussi bien pour servir des ap\u00e9ritifs que pour devenir un \u00e9l\u00e9ment d\u00e9coratif, ces bols \u00e9voquent le charme du modernisme barcelonais et offrent une touche artistique \u00e0 n&rsquo;importe quelle table ou espace. Ce souvenir ne se distingue pas seulement par sa fonctionnalit\u00e9, mais aussi par le fait d&rsquo;\u00eatre un rappel des merveilles qu&rsquo;offre Barcelone, une ville connue pour sa riche histoire et son architecture spectaculaire.<\/p>\n<p>Chez Ol\u00e9 Mosaic, nous nous engageons dans la distribution de produits authentiques et de qualit\u00e9 en gros. Ce lot de bols en noix de coco, qui c\u00e9l\u00e8bre l&rsquo;une des merveilles architecturales les plus appr\u00e9ci\u00e9es d&rsquo;Espagne, est une excellente option pour les boutiques de cadeaux touristiques cherchant \u00e0 offrir des souvenirs uniques et repr\u00e9sentatifs \u00e0 leurs clients. Ainsi, ces bols deviennent un souvenir significatif du voyage en Catalogne, parfait pour ceux qui souhaitent ramener un petit morceau de Barcelone chez eux.<\/p>\n","protected":false},"excerpt":{"rendered":"<p>Lot de quatre bols en noix de coco de 13 x 6 cm, d\u00e9cor\u00e9s de l&rsquo;iconique Sagrada Familia de Barcelone. Chaque bol pr\u00e9sente une couleur vibrante : bleu, rouge, orange et rose, avec une finition simulant la technique de la mosa\u00efque. Le design est imprim\u00e9 au centre, montrant la silhouette de la Sagrada Familia, soulign\u00e9e par un contour blanc contrastant avec les couleurs vives. Chaque bol est id\u00e9al pour servir des ap\u00e9ritifs ou comme \u00e9l\u00e9ment d\u00e9coratif, \u00e9voquant le charme du modernisme catalan.<\/p>\n","protected":false},"featured_media":14135,"template":"","meta":{"_acf_changed":false},"product_brand":[],"product_cat":[521],"product_tag":[],"class_list":{"0":"post-36271","1":"product","2":"type-product","3":"status-publish","4":"has-post-thumbnail","6":"product_cat-bols","7":"pa_ciudad-barcelona","8":"pa_motivo-sagrada-familia","9":"pa_pais-espana","11":"first","12":"instock","13":"shipping-taxable","14":"product-type-simple"},"acf":[],"_links":{"self":[{"href":"https:\/\/olemosaic.orbitalia.org\/fr\/wp-json\/wp\/v2\/product\/36271","targetHints":{"allow":["GET"]}}],"collection":[{"href":"https:\/\/olemosaic.orbitalia.org\/fr\/wp-json\/wp\/v2\/product"}],"about":[{"href":"https:\/\/olemosaic.orbitalia.org\/fr\/wp-json\/wp\/v2\/types\/product"}],"wp:featuredmedia":[{"embeddable":true,"href":"https:\/\/olemosaic.orbitalia.org\/fr\/wp-json\/wp\/v2\/media\/14135"}],"wp:attachment":[{"href":"https:\/\/olemosaic.orbitalia.org\/fr\/wp-json\/wp\/v2\/media?parent=36271"}],"wp:term":[{"taxonomy":"product_brand","embeddable":true,"href":"https:\/\/olemosaic.orbitalia.org\/fr\/wp-json\/wp\/v2\/product_brand?post=36271"},{"taxonomy":"product_cat","embeddable":true,"href":"https:\/\/olemosaic.orbitalia.org\/fr\/wp-json\/wp\/v2\/product_cat?post=36271"},{"taxonomy":"product_tag","embeddable":true,"href":"https:\/\/olemosaic.orbitalia.org\/fr\/wp-json\/wp\/v2\/product_tag?post=36271"}],"curies":[{"name":"wp","href":"https:\/\/api.w.org\/{rel}","templated":true}]}}