{"id":36270,"date":"2025-02-20T23:38:14","date_gmt":"2025-02-20T22:38:14","guid":{"rendered":"https:\/\/olemosaic.orbitalia.org\/producto\/4-bols-de-coco-de-13-x-6-cm-salamandra-barcelona-5\/"},"modified":"2025-07-25T19:33:55","modified_gmt":"2025-07-25T17:33:55","slug":"4-bols-en-noix-de-coco-de-13-x-6-cm-salamandre-barcelone-5","status":"publish","type":"product","link":"https:\/\/olemosaic.orbitalia.org\/fr\/produit\/4-bols-en-noix-de-coco-de-13-x-6-cm-salamandre-barcelone-5\/","title":{"rendered":"4 Bols en noix de coco de 13 x 6 cm. Mosa\u00efque. Salamandre. Barcelone."},"content":{"rendered":"<p>Ce lot de 4 bols en noix de coco est une merveilleuse repr\u00e9sentation de la richesse culturelle barcelonaise, con\u00e7u pour capter l&rsquo;attention et apporter un morceau de cette ville vibrante dans n&rsquo;importe quel foyer. Chaque bol, de 13 x 6 cm, se distingue par ses couleurs vibrantes : bleu, orange, rouge et rose, qui \u00e9voquent l&rsquo;\u00e9nergie et la cr\u00e9ativit\u00e9 caract\u00e9risant la capitale catalane. L&#8217;embl\u00e9matique salamandre, symbole de l&rsquo;\u0153uvre d&rsquo;Antoni Gaud\u00ed, orne chaque pi\u00e8ce de mani\u00e8re \u00e9l\u00e9gante, cr\u00e9ant un design peint \u00e0 la main qui rend hommage au c\u00e9l\u00e8bre trencad\u00eds et au modernisme catalan. Cette finition, qui simule une mosa\u00efque vieillie, non seulement embellit chaque bol, mais unit \u00e9galement art et fonctionnalit\u00e9, en faisant un souvenir parfait pour les touristes.<\/p>\n<p>Le mot \u00ab\u00a0Barcelona\u00a0\u00bb, clairement marqu\u00e9, revendique son essence et sa connexion culturelle avec la ville. Ces bols ne sont pas simplement un accessoire, mais un authentique souvenir de la ma\u00eetrise artistique de Gaud\u00ed, id\u00e9al pour ceux qui recherchent des souvenirs uniques de Barcelone. Chez Ol\u00e9 Mosaic, nous sommes fiers de proposer des souvenirs de haute qualit\u00e9 qui repr\u00e9sentent l&rsquo;authenticit\u00e9 et l&rsquo;art de la r\u00e9gion. Ce lot de bols en noix de coco est une excellente option pour les boutiques de cadeaux touristiques, garantissant un choix attrayant et pertinent pour les visiteurs souhaitant emporter un morceau de Barcelone dans leur c\u0153ur. En tant que grossistes en souvenirs, nous proposons des produits alliant tradition, esth\u00e9tique et signification culturelle.<\/p>\n","protected":false},"excerpt":{"rendered":"<p>Lot de 4 bols en noix de coco, de 13 x 6 cm, d\u00e9cor\u00e9s de l&#8217;embl\u00e9matique salamandre de Barcelone. Chaque bol pr\u00e9sente une couleur vibrante : bleu, orange, rouge et rose, avec une finition simulant une mosa\u00efque inspir\u00e9e du c\u00e9l\u00e8bre trencad\u00eds de Gaud\u00ed. Chaque pi\u00e8ce est marqu\u00e9e du mot \u00ab\u00a0Barcelona\u00a0\u00bb, fusionnant art et fonctionnalit\u00e9 dans un design artisanal, peint \u00e0 la main, qui capture l&rsquo;essence du modernisme catalan et de sa riche culture.<\/p>\n","protected":false},"featured_media":14134,"template":"","meta":{"_acf_changed":false},"product_brand":[],"product_cat":[521],"product_tag":[530],"class_list":{"0":"post-36270","1":"product","2":"type-product","3":"status-publish","4":"has-post-thumbnail","6":"product_cat-bols","7":"product_tag-animaux","8":"pa_ciudad-barcelona","9":"pa_motivo-salamandres","10":"pa_pais-espana","12":"first","13":"instock","14":"shipping-taxable","15":"product-type-simple"},"acf":[],"_links":{"self":[{"href":"https:\/\/olemosaic.orbitalia.org\/fr\/wp-json\/wp\/v2\/product\/36270","targetHints":{"allow":["GET"]}}],"collection":[{"href":"https:\/\/olemosaic.orbitalia.org\/fr\/wp-json\/wp\/v2\/product"}],"about":[{"href":"https:\/\/olemosaic.orbitalia.org\/fr\/wp-json\/wp\/v2\/types\/product"}],"wp:featuredmedia":[{"embeddable":true,"href":"https:\/\/olemosaic.orbitalia.org\/fr\/wp-json\/wp\/v2\/media\/14134"}],"wp:attachment":[{"href":"https:\/\/olemosaic.orbitalia.org\/fr\/wp-json\/wp\/v2\/media?parent=36270"}],"wp:term":[{"taxonomy":"product_brand","embeddable":true,"href":"https:\/\/olemosaic.orbitalia.org\/fr\/wp-json\/wp\/v2\/product_brand?post=36270"},{"taxonomy":"product_cat","embeddable":true,"href":"https:\/\/olemosaic.orbitalia.org\/fr\/wp-json\/wp\/v2\/product_cat?post=36270"},{"taxonomy":"product_tag","embeddable":true,"href":"https:\/\/olemosaic.orbitalia.org\/fr\/wp-json\/wp\/v2\/product_tag?post=36270"}],"curies":[{"name":"wp","href":"https:\/\/api.w.org\/{rel}","templated":true}]}}