{"id":36269,"date":"2025-02-20T23:38:14","date_gmt":"2025-02-20T22:38:14","guid":{"rendered":"https:\/\/olemosaic.orbitalia.org\/producto\/4-bols-de-coco-de-13-x-6-cm-sardina-lisboa-14\/"},"modified":"2025-07-25T18:37:49","modified_gmt":"2025-07-25T16:37:49","slug":"4-bols-en-noix-de-coco-de-13-x-6-cm-sardine-lisbonne-14","status":"publish","type":"product","link":"https:\/\/olemosaic.orbitalia.org\/fr\/produit\/4-bols-en-noix-de-coco-de-13-x-6-cm-sardine-lisbonne-14\/","title":{"rendered":"4 Bols en noix de coco de 13 x 6 cm. Sardine. Portugal. Lisbonne."},"content":{"rendered":"<p>D\u00e9couvrez le lot de 4 bols en noix de coco, une v\u00e9ritable repr\u00e9sentation de la culture maritime lisbo\u00e8te, id\u00e9al pour les amateurs de souvenirs uniques et color\u00e9s. Chaque bol, d&rsquo;un diam\u00e8tre de 13 cm et d&rsquo;une hauteur de 6 cm, arbore un design vibrant d\u00e9cor\u00e9 de sardines, un symbole embl\u00e9matique de la gastronomie et de la tradition de la p\u00eache au Portugal. Les bols sont disponibles en quatre couleurs joyeuses et \u00e9clatantes : bleu, rouge, orange et rose, qui capturent l&rsquo;essence vive de l&rsquo;ambiance m\u00e9diterran\u00e9enne. La d\u00e9coration inclut le mot \u00ab\u00a0PORTUGAL\u00a0\u00bb et des d\u00e9tails en mosa\u00efque, \u00e9voquant le riche h\u00e9ritage artistique de Lisbonne.<\/p>\n<p>Parfaits pour servir des ap\u00e9ritifs, ces bols ne sont pas seulement fonctionnels, mais apportent \u00e9galement une touche joyeuse et stylis\u00e9e \u00e0 n&rsquo;importe quel int\u00e9rieur, devenant un \u00e9l\u00e9ment d\u00e9coratif id\u00e9al. Leur finition color\u00e9e et l&rsquo;authenticit\u00e9 qu&rsquo;ils repr\u00e9sentent font de ces bols une excellente option pour les touristes \u00e0 la recherche de souvenirs significatifs et repr\u00e9sentatifs de leur visite au Portugal. Chez Ol\u00e9 Mosaic, en tant que distributeurs de produits culturels en gros, nous garantissons la qualit\u00e9 et l&rsquo;originalit\u00e9 de chaque pi\u00e8ce. Ce lot de bols en noix de coco est le choix parfait pour les boutiques de cadeaux touristiques souhaitant proposer des souvenirs authentiques et remarquables de Lisbonne.<\/p>\n","protected":false},"excerpt":{"rendered":"<p>Lot de quatre bols en noix de coco, chacun de 13 cm de diam\u00e8tre et 6 cm de hauteur, d\u00e9cor\u00e9s d&rsquo;un design vibrant de sardines repr\u00e9sentant la culture maritime de Lisbonne. Ces bols sont disponibles en quatre couleurs \u00e9clatantes : bleu, rouge, orange et rose, avec un imprim\u00e9 incluant le mot \u00ab\u00a0PORTUGAL\u00a0\u00bb et des d\u00e9tails en mosa\u00efque. Leur finition color\u00e9e et joyeuse en fait une option id\u00e9ale pour servir des ap\u00e9ritifs ou comme \u00e9l\u00e9ment d\u00e9coratif dans n&rsquo;importe quel foyer.<\/p>\n","protected":false},"featured_media":14133,"template":"","meta":{"_acf_changed":false},"product_brand":[],"product_cat":[521],"product_tag":[530],"class_list":{"0":"post-36269","1":"product","2":"type-product","3":"status-publish","4":"has-post-thumbnail","6":"product_cat-bols","7":"product_tag-animaux","8":"pa_ciudad-lisboa","9":"pa_motivo-sardines","10":"pa_pais-portugal","12":"first","13":"instock","14":"shipping-taxable","15":"product-type-simple"},"acf":[],"_links":{"self":[{"href":"https:\/\/olemosaic.orbitalia.org\/fr\/wp-json\/wp\/v2\/product\/36269","targetHints":{"allow":["GET"]}}],"collection":[{"href":"https:\/\/olemosaic.orbitalia.org\/fr\/wp-json\/wp\/v2\/product"}],"about":[{"href":"https:\/\/olemosaic.orbitalia.org\/fr\/wp-json\/wp\/v2\/types\/product"}],"wp:featuredmedia":[{"embeddable":true,"href":"https:\/\/olemosaic.orbitalia.org\/fr\/wp-json\/wp\/v2\/media\/14133"}],"wp:attachment":[{"href":"https:\/\/olemosaic.orbitalia.org\/fr\/wp-json\/wp\/v2\/media?parent=36269"}],"wp:term":[{"taxonomy":"product_brand","embeddable":true,"href":"https:\/\/olemosaic.orbitalia.org\/fr\/wp-json\/wp\/v2\/product_brand?post=36269"},{"taxonomy":"product_cat","embeddable":true,"href":"https:\/\/olemosaic.orbitalia.org\/fr\/wp-json\/wp\/v2\/product_cat?post=36269"},{"taxonomy":"product_tag","embeddable":true,"href":"https:\/\/olemosaic.orbitalia.org\/fr\/wp-json\/wp\/v2\/product_tag?post=36269"}],"curies":[{"name":"wp","href":"https:\/\/api.w.org\/{rel}","templated":true}]}}