{"id":36243,"date":"2025-02-20T23:38:13","date_gmt":"2025-02-20T22:38:13","guid":{"rendered":"https:\/\/olemosaic.orbitalia.org\/producto\/iman-de-resina-toro-y-bailaora-alicante\/"},"modified":"2025-07-25T18:34:31","modified_gmt":"2025-07-25T16:34:31","slug":"aimant-resine-taureau-danseuse-alicante","status":"publish","type":"product","link":"https:\/\/olemosaic.orbitalia.org\/fr\/produit\/aimant-resine-taureau-danseuse-alicante\/","title":{"rendered":"Aimant en r\u00e9sine. Taureau et danseuse. Alicante."},"content":{"rendered":"<p>Aimant en r\u00e9sine vibrant d&rsquo;Alicante repr\u00e9sentant un taureau et une danseuse, un hommage tangible au riche patrimoine culturel de cette r\u00e9gion espagnole embl\u00e9matique. Cet aimant color\u00e9, avec un design \u00e9voquant les vitraux, se distingue par ses tons bleus et verts intenses sur la figure du taureau, qui symbolise la force et la tradition de la tauromachie, tandis que la danseuse, v\u00eatue d&rsquo;un \u00e9l\u00e9gant costume rouge fleuri, capture la passion et l&rsquo;\u00e9nergie de la danse flamenco. Les fleurs sur sa robe rehaussent la joie et la splendeur des festivit\u00e9s d&rsquo;Alicante. Au bas du design, le mot \u00ab\u00a0Alicante\u00a0\u00bb est pr\u00e9sent\u00e9 en lettres bleues, s&rsquo;int\u00e9grant parfaitement \u00e0 la palette de couleurs vibrantes et apportant une touche festive.<\/p>\n<p>Cet aimant n&rsquo;est pas seulement un \u00e9l\u00e9ment d\u00e9coratif attrayant, mais il fonctionne comme un authentique souvenir d&rsquo;Alicante, id\u00e9al pour ceux qui cherchent \u00e0 emporter un fragment de sa culture et de ses traditions. Son authenticit\u00e9 et le soin apport\u00e9 aux d\u00e9tails en font une excellente option pour les boutiques de cadeaux touristiques souhaitant proposer des produits refl\u00e9tant l&rsquo;essence de la r\u00e9gion. Chez Ol\u00e9 Mosaic, en tant que grossiste de souvenirs, nous garantissons la qualit\u00e9 et la singularit\u00e9 de chaque pi\u00e8ce dans le cadre de notre large collection, con\u00e7ue sp\u00e9cialement pour attirer les touristes qui appr\u00e9cient les souvenirs culturels authentiques.<\/p>\n","protected":false},"excerpt":{"rendered":"<p>Aimant vibrant repr\u00e9sentant un taureau et une danseuse, symboles du patrimoine culturel d&rsquo;Alicante. Ce design color\u00e9, inspir\u00e9 des vitraux, montre un taureau dans des tons bleus et verts, aux c\u00f4t\u00e9s d&rsquo;une danseuse avec une \u00e9l\u00e9gante robe rouge fleurie. Le mot \u00ab\u00a0Alicante\u00a0\u00bb se distingue en lettres bleues dans la partie inf\u00e9rieure, capturant l&rsquo;essence festive de la r\u00e9gion dans un souvenir id\u00e9al pour d\u00e9corer n&rsquo;importe quel coin.<\/p>\n","protected":false},"featured_media":14127,"template":"","meta":{"_acf_changed":false},"product_brand":[],"product_cat":[697],"product_tag":[530],"class_list":{"0":"post-36243","1":"product","2":"type-product","3":"status-publish","4":"has-post-thumbnail","6":"product_cat-aimants","7":"product_tag-animaux","8":"pa_ciudad-alicante","9":"pa_motivo-taureaux","10":"pa_pais-espana","12":"first","13":"instock","14":"shipping-taxable","15":"product-type-simple"},"acf":[],"_links":{"self":[{"href":"https:\/\/olemosaic.orbitalia.org\/fr\/wp-json\/wp\/v2\/product\/36243","targetHints":{"allow":["GET"]}}],"collection":[{"href":"https:\/\/olemosaic.orbitalia.org\/fr\/wp-json\/wp\/v2\/product"}],"about":[{"href":"https:\/\/olemosaic.orbitalia.org\/fr\/wp-json\/wp\/v2\/types\/product"}],"wp:featuredmedia":[{"embeddable":true,"href":"https:\/\/olemosaic.orbitalia.org\/fr\/wp-json\/wp\/v2\/media\/14127"}],"wp:attachment":[{"href":"https:\/\/olemosaic.orbitalia.org\/fr\/wp-json\/wp\/v2\/media?parent=36243"}],"wp:term":[{"taxonomy":"product_brand","embeddable":true,"href":"https:\/\/olemosaic.orbitalia.org\/fr\/wp-json\/wp\/v2\/product_brand?post=36243"},{"taxonomy":"product_cat","embeddable":true,"href":"https:\/\/olemosaic.orbitalia.org\/fr\/wp-json\/wp\/v2\/product_cat?post=36243"},{"taxonomy":"product_tag","embeddable":true,"href":"https:\/\/olemosaic.orbitalia.org\/fr\/wp-json\/wp\/v2\/product_tag?post=36243"}],"curies":[{"name":"wp","href":"https:\/\/api.w.org\/{rel}","templated":true}]}}