{"id":36241,"date":"2025-02-20T23:38:13","date_gmt":"2025-02-20T22:38:13","guid":{"rendered":"https:\/\/olemosaic.orbitalia.org\/producto\/iman-de-resina-patio-sevilla\/"},"modified":"2025-07-25T18:41:09","modified_gmt":"2025-07-25T16:41:09","slug":"aimant-resine-patio-seville","status":"publish","type":"product","link":"https:\/\/olemosaic.orbitalia.org\/fr\/produit\/aimant-resine-patio-seville\/","title":{"rendered":"Aimant en r\u00e9sine. Patio. S\u00e9ville."},"content":{"rendered":"<p>Aimant en r\u00e9sine repr\u00e9sentant un patio andalou vibrant \u00e0 S\u00e9ville. Cet aimant color\u00e9 est un v\u00e9ritable hommage \u00e0 l&rsquo;essence festive de la capitale andalouse, con\u00e7u pour capturer la vivacit\u00e9 et l&rsquo;envo\u00fbtement de la culture flamenca. La pi\u00e8ce montre une charmante danseuse avec une \u00e9blouissante robe \u00e0 pois rouges qui, avec une fleur dans les cheveux, symbolise la joie et l&rsquo;esprit du flamenco. Sa danse est compl\u00e9t\u00e9e par un \u00e9l\u00e9gant danseur avec un chapeau, cr\u00e9ant un duo parfait de tradition et d&rsquo;art.<\/p>\n<p>Le design met en avant des \u00e9l\u00e9ments typiques d&rsquo;un patio andalou : une guitare, ainsi que des pots color\u00e9s remplis de fleurs et une lanterne qui apporte une touche romantique. Les carreaux d\u00e9coratifs qui forment le fond ajoutent une touche distinctive, \u00e9voquant l&rsquo;architecture caract\u00e9ristique de S\u00e9ville et son environnement vibrant. Dans la partie inf\u00e9rieure, le nom \u00ab\u00a0Sevilla\u00a0\u00bb ressort avec une typographie festive, faisant de cet aimant un souvenir tr\u00e8s sp\u00e9cial.<\/p>\n<p>Cet aimant en r\u00e9sine est un choix id\u00e9al pour les touristes \u00e0 la recherche d&rsquo;un souvenir authentique et attrayant qui refl\u00e8te la richesse culturelle andalouse. Chez Ol\u00e9 Mosaic, sp\u00e9cialistes de la distribution de souvenirs en gros, nous proposons cet aimant de S\u00e9ville comme un produit repr\u00e9sentatif de la tradition espagnole, parfait pour les boutiques de cadeaux touristiques souhaitant ravir leurs clients avec d&rsquo;authentiques souvenirs de la r\u00e9gion et capturer l&rsquo;essence de l&rsquo;art flamenco.<\/p>\n","protected":false},"excerpt":{"rendered":"<p>Aimant repr\u00e9sentant un patio andalou vibrant de S\u00e9ville. Cet aimant color\u00e9 montre une danseuse de flamenco avec une robe \u00e0 pois rouges et une fleur dans les cheveux, aux c\u00f4t\u00e9s d&rsquo;un danseur avec un chapeau. Le design inclut une guitare et des pots de fleurs dans un environnement d&rsquo;azulejos, \u00e9voquant l&rsquo;essence festive de la ville. Dans la partie inf\u00e9rieure, le nom \u00ab\u00a0Sevilla\u00a0\u00bb se distingue, ajoutant une touche distinctive \u00e0 ce charmant souvenir.<\/p>\n","protected":false},"featured_media":14125,"template":"","meta":{"_acf_changed":false},"product_brand":[],"product_cat":[697],"product_tag":[],"class_list":{"0":"post-36241","1":"product","2":"type-product","3":"status-publish","4":"has-post-thumbnail","6":"product_cat-aimants","7":"pa_ciudad-sevilla","8":"pa_motivo-cours-interieures","9":"pa_pais-espana","11":"first","12":"instock","13":"shipping-taxable","14":"product-type-simple"},"acf":[],"_links":{"self":[{"href":"https:\/\/olemosaic.orbitalia.org\/fr\/wp-json\/wp\/v2\/product\/36241","targetHints":{"allow":["GET"]}}],"collection":[{"href":"https:\/\/olemosaic.orbitalia.org\/fr\/wp-json\/wp\/v2\/product"}],"about":[{"href":"https:\/\/olemosaic.orbitalia.org\/fr\/wp-json\/wp\/v2\/types\/product"}],"wp:featuredmedia":[{"embeddable":true,"href":"https:\/\/olemosaic.orbitalia.org\/fr\/wp-json\/wp\/v2\/media\/14125"}],"wp:attachment":[{"href":"https:\/\/olemosaic.orbitalia.org\/fr\/wp-json\/wp\/v2\/media?parent=36241"}],"wp:term":[{"taxonomy":"product_brand","embeddable":true,"href":"https:\/\/olemosaic.orbitalia.org\/fr\/wp-json\/wp\/v2\/product_brand?post=36241"},{"taxonomy":"product_cat","embeddable":true,"href":"https:\/\/olemosaic.orbitalia.org\/fr\/wp-json\/wp\/v2\/product_cat?post=36241"},{"taxonomy":"product_tag","embeddable":true,"href":"https:\/\/olemosaic.orbitalia.org\/fr\/wp-json\/wp\/v2\/product_tag?post=36241"}],"curies":[{"name":"wp","href":"https:\/\/api.w.org\/{rel}","templated":true}]}}