{"id":36239,"date":"2025-02-20T23:38:12","date_gmt":"2025-02-20T22:38:12","guid":{"rendered":"https:\/\/olemosaic.orbitalia.org\/producto\/iman-de-resina-toro-y-bailaora-sevilla\/"},"modified":"2025-07-25T19:26:01","modified_gmt":"2025-07-25T17:26:01","slug":"aimant-resine-taureau-danseuse-seville","status":"publish","type":"product","link":"https:\/\/olemosaic.orbitalia.org\/fr\/produit\/aimant-resine-taureau-danseuse-seville\/","title":{"rendered":"Aimant en r\u00e9sine. Taureau et danseuse. S\u00e9ville."},"content":{"rendered":"<p>Cet aimant en r\u00e9sine, repr\u00e9sentant un taureau majestueux et une danseuse, est un v\u00e9ritable joyau du folklore s\u00e9villan, id\u00e9al pour capturer l&rsquo;essence de S\u00e9ville en un seul objet. Son design vibrant et moderne se distingue par l&rsquo;utilisation de teintes intenses qui contrastent sur un fond blanc. La figure du taureau, repr\u00e9sent\u00e9e dans un m\u00e9lange harmonieux de couleurs chaudes et froides, symbolise la force et la fiert\u00e9 de la tradition espagnole. \u00c0 ses c\u00f4t\u00e9s, la danseuse, v\u00eatue d&rsquo;un spectaculaire costume \u00e0 volants rouges, capture le dynamisme et la passion du flamenco, affichant une pose amusante et \u00e9nergique qui \u00e9voque l&rsquo;\u00e9motion d&rsquo;un spectacle en direct.<\/p>\n<p>Le mot \u00ab\u00a0Sevilla\u00a0\u00bb imprim\u00e9 sur la base de l&rsquo;aimant renforce sa connexion culturelle, en faisant un souvenir parfait pour ceux qui souhaitent emporter un petit morceau du riche h\u00e9ritage andalou. Cet aimant n&rsquo;est pas seulement une repr\u00e9sentation artistique, mais une fa\u00e7on de profiter et de partager l&rsquo;\u00e2me de l&rsquo;une des villes les plus embl\u00e9matiques d&rsquo;Espagne. Chez Ol\u00e9 Mosaic, nous sommes sp\u00e9cialis\u00e9s dans la distribution de souvenirs en gros, et cet aimant est une excellente option pour les boutiques de cadeaux touristiques \u00e0 la recherche de produits authentiques et repr\u00e9sentatifs de la culture s\u00e9villane. D\u00e9couvrez la magie de S\u00e9ville avec cet aimant qui traversera le temps comme un souvenir inoubliable.<\/p>\n","protected":false},"excerpt":{"rendered":"<p>Aimant repr\u00e9sentant un taureau majestueux et une danseuse, symboles du folklore s\u00e9villan. Cet aimant attrayant pr\u00e9sente un design color\u00e9 et moderne, avec des teintes vibrantes sur un fond blanc. La danseuse, v\u00eatue d&rsquo;un costume \u00e0 volants rouges, compl\u00e8te la figure du taureau, qui s&rsquo;affiche dans une gamme de couleurs chaudes et froides. Avec le mot \u00ab\u00a0Sevilla\u00a0\u00bb imprim\u00e9 sur la base, c&rsquo;est un souvenir id\u00e9al pour \u00e9voquer la riche culture andalouse.<\/p>\n","protected":false},"featured_media":14123,"template":"","meta":{"_acf_changed":false},"product_brand":[],"product_cat":[697],"product_tag":[530],"class_list":{"0":"post-36239","1":"product","2":"type-product","3":"status-publish","4":"has-post-thumbnail","6":"product_cat-aimants","7":"product_tag-animaux","8":"pa_ciudad-sevilla","9":"pa_motivo-taureaux","10":"pa_pais-espana","12":"first","13":"instock","14":"shipping-taxable","15":"product-type-simple"},"acf":[],"_links":{"self":[{"href":"https:\/\/olemosaic.orbitalia.org\/fr\/wp-json\/wp\/v2\/product\/36239","targetHints":{"allow":["GET"]}}],"collection":[{"href":"https:\/\/olemosaic.orbitalia.org\/fr\/wp-json\/wp\/v2\/product"}],"about":[{"href":"https:\/\/olemosaic.orbitalia.org\/fr\/wp-json\/wp\/v2\/types\/product"}],"wp:featuredmedia":[{"embeddable":true,"href":"https:\/\/olemosaic.orbitalia.org\/fr\/wp-json\/wp\/v2\/media\/14123"}],"wp:attachment":[{"href":"https:\/\/olemosaic.orbitalia.org\/fr\/wp-json\/wp\/v2\/media?parent=36239"}],"wp:term":[{"taxonomy":"product_brand","embeddable":true,"href":"https:\/\/olemosaic.orbitalia.org\/fr\/wp-json\/wp\/v2\/product_brand?post=36239"},{"taxonomy":"product_cat","embeddable":true,"href":"https:\/\/olemosaic.orbitalia.org\/fr\/wp-json\/wp\/v2\/product_cat?post=36239"},{"taxonomy":"product_tag","embeddable":true,"href":"https:\/\/olemosaic.orbitalia.org\/fr\/wp-json\/wp\/v2\/product_tag?post=36239"}],"curies":[{"name":"wp","href":"https:\/\/api.w.org\/{rel}","templated":true}]}}