{"id":36236,"date":"2025-02-20T23:38:11","date_gmt":"2025-02-20T22:38:11","guid":{"rendered":"https:\/\/olemosaic.orbitalia.org\/producto\/iman-de-resina-toro-malaga-75-cm\/"},"modified":"2025-07-25T20:27:17","modified_gmt":"2025-07-25T18:27:17","slug":"aimant-resine-taureau-malaga-7-5-cm","status":"publish","type":"product","link":"https:\/\/olemosaic.orbitalia.org\/fr\/produit\/aimant-resine-taureau-malaga-7-5-cm\/","title":{"rendered":"Aimant en r\u00e9sine. Taureau. Malaga. 7,5 cm."},"content":{"rendered":"<p>Cet aimant en r\u00e9sine, repr\u00e9sentant deux taureaux, est une pi\u00e8ce captivante qui refl\u00e8te l&rsquo;essence vibrante de Malaga. Avec ses 7,5 cm, cet aimant se distingue par son design color\u00e9 et artistique, \u00e9voquant les traditions culturelles espagnoles. Chaque taureau, peint avec une explosion de couleurs incluant le rouge, le bleu, le vert et le jaune, ressort gr\u00e2ce \u00e0 une finition qui imite une mosa\u00efque, attirant tous les regards. Le mot \u00ab\u00a0M\u00c1LAGA\u00a0\u00bb est pr\u00e9sent\u00e9 en lettres multicolores, ce qui ajoute une touche amusante et attrayante au design.<\/p>\n<p>Le fond de carreaux qui entoure les taureaux apporte non seulement de la profondeur \u00e0 l&rsquo;aimant, mais se connecte \u00e9galement \u00e0 l&rsquo;h\u00e9ritage andalou de la c\u00e9ramique et de l&rsquo;art de la mosa\u00efque. Ce souvenir n&rsquo;est pas seulement un rappel de votre visite, mais une repr\u00e9sentation authentique de la culture de Malaga, o\u00f9 les taureaux sont des symboles de la tradition et du folklore espagnol. Id\u00e9al comme cadeau pour les amis et la famille ou pour d\u00e9corer votre maison, cet aimant est un symbole parfait du riche h\u00e9ritage culturel de l&rsquo;Andalousie.<\/p>\n<p>Chez Ol\u00e9 Mosaic, sp\u00e9cialis\u00e9s dans la distribution de souvenirs en gros, nous proposons des produits authentiques et repr\u00e9sentatifs de la tradition espagnole. Cet aimant de taureaux est une excellente option pour les boutiques de cadeaux touristiques \u00e0 la recherche d&rsquo;articles de qualit\u00e9 et de pertinence culturelle.<\/p>\n","protected":false},"excerpt":{"rendered":"<p>Aimant repr\u00e9sentant deux taureaux, symboles de la culture espagnole, dans un design vibrant et color\u00e9. D&rsquo;une taille de 7,5 cm, cet aimant de Malaga pr\u00e9sente une finition qui \u00e9voque une mosa\u00efque, o\u00f9 les tons rouge, bleu, vert et jaune s&rsquo;entrelacent, cr\u00e9ant une image frappante et artistique. Le mot \u00ab\u00a0M\u00c1LAGA\u00a0\u00bb appara\u00eet en lettres multicolores sur un fond de carreaux qui souligne l&rsquo;essence de la r\u00e9gion. Id\u00e9al pour se souvenir de votre visite ou comme cadeau authentique d&rsquo;Andalousie.<\/p>\n","protected":false},"featured_media":14120,"template":"","meta":{"_acf_changed":false},"product_brand":[],"product_cat":[697],"product_tag":[530],"class_list":{"0":"post-36236","1":"product","2":"type-product","3":"status-publish","4":"has-post-thumbnail","6":"product_cat-aimants","7":"product_tag-animaux","8":"pa_ciudad-malaga","9":"pa_motivo-taureaux","10":"pa_pais-espana","12":"first","13":"instock","14":"shipping-taxable","15":"product-type-simple"},"acf":[],"_links":{"self":[{"href":"https:\/\/olemosaic.orbitalia.org\/fr\/wp-json\/wp\/v2\/product\/36236","targetHints":{"allow":["GET"]}}],"collection":[{"href":"https:\/\/olemosaic.orbitalia.org\/fr\/wp-json\/wp\/v2\/product"}],"about":[{"href":"https:\/\/olemosaic.orbitalia.org\/fr\/wp-json\/wp\/v2\/types\/product"}],"wp:featuredmedia":[{"embeddable":true,"href":"https:\/\/olemosaic.orbitalia.org\/fr\/wp-json\/wp\/v2\/media\/14120"}],"wp:attachment":[{"href":"https:\/\/olemosaic.orbitalia.org\/fr\/wp-json\/wp\/v2\/media?parent=36236"}],"wp:term":[{"taxonomy":"product_brand","embeddable":true,"href":"https:\/\/olemosaic.orbitalia.org\/fr\/wp-json\/wp\/v2\/product_brand?post=36236"},{"taxonomy":"product_cat","embeddable":true,"href":"https:\/\/olemosaic.orbitalia.org\/fr\/wp-json\/wp\/v2\/product_cat?post=36236"},{"taxonomy":"product_tag","embeddable":true,"href":"https:\/\/olemosaic.orbitalia.org\/fr\/wp-json\/wp\/v2\/product_tag?post=36236"}],"curies":[{"name":"wp","href":"https:\/\/api.w.org\/{rel}","templated":true}]}}