{"id":36211,"date":"2025-02-20T23:38:10","date_gmt":"2025-02-20T22:38:10","guid":{"rendered":"https:\/\/olemosaic.orbitalia.org\/producto\/iman-de-resina-sagrada-familia-barcelona-4\/"},"modified":"2025-07-25T20:36:44","modified_gmt":"2025-07-25T18:36:44","slug":"aimant-resine-sagrada-familia-barcelone-4","status":"publish","type":"product","link":"https:\/\/olemosaic.orbitalia.org\/fr\/produit\/aimant-resine-sagrada-familia-barcelone-4\/","title":{"rendered":"Aimant en r\u00e9sine. Sagrada Familia. Gaud\u00ed. Barcelone."},"content":{"rendered":"<p>Cet aimant en r\u00e9sine repr\u00e9sente l&#8217;embl\u00e9matique Sagrada Familia de Barcelone, l&rsquo;un des chefs-d&rsquo;\u0153uvre les plus remarquables de l&rsquo;architecte Antoni Gaud\u00ed. Avec une attention m\u00e9ticuleuse aux d\u00e9tails, cet aimant attrayant capture la complexit\u00e9 architecturale majestueuse de la basilique, mettant en avant ses tours pointues iconiques et les d\u00e9tails \u00e9labor\u00e9s qui font de ce monument un v\u00e9ritable symbole de la ville. Les couleurs vibrantes et la riche d\u00e9coration visuelle de l&rsquo;aimant \u00e9voquent l&rsquo;impressionnante fa\u00e7ade en mosa\u00efque de la Sagrada Familia, refl\u00e9tant le g\u00e9nie cr\u00e9atif qui caract\u00e9rise l&rsquo;art moderniste catalan.<\/p>\n<p>Le mot \u00ab\u00a0Barcelona\u00a0\u00bb est pr\u00e9sent\u00e9 dans un style typographique frappant, ajoutant une touche contemporaine \u00e0 un objet qui repr\u00e9sente un h\u00e9ritage culturel profond\u00e9ment enracin\u00e9. Cet aimant n&rsquo;est pas seulement un choix id\u00e9al pour ceux qui recherchent des souvenirs de Barcelone, mais il sert \u00e9galement de rappel de l&rsquo;une des destinations touristiques les plus visit\u00e9es d&rsquo;Espagne, connue pour son histoire, son art et son architecture singuli\u00e8re. Chez Ol\u00e9 Mosaic, nous sommes experts dans la distribution de souvenirs en gros, proposant des produits comme cet aimant en r\u00e9sine qui repr\u00e9sentent l&rsquo;authenticit\u00e9 et l&rsquo;esprit de la culture catalane. Pour les boutiques de cadeaux touristiques souhaitant attirer les visiteurs avec des souvenirs authentiques, cet aimant de la Sagrada Familia est un choix parfait qui encapsule l&rsquo;essence de Barcelone.<\/p>\n","protected":false},"excerpt":{"rendered":"<p>Aimant repr\u00e9sentant l&#8217;embl\u00e9matique Sagrada Familia de Barcelone. Cet aimant attrayant se distingue par son design color\u00e9 et d\u00e9taill\u00e9, qui capture la complexit\u00e9 architecturale de la c\u00e9l\u00e8bre basilique d&rsquo;Antoni Gaud\u00ed. Avec des touches de couleurs vibrantes et des \u00e9l\u00e9ments iconiques, l&rsquo;aimant \u00e9voque la majest\u00e9 du b\u00e2timent, tandis que le mot \u00ab\u00a0Barcelona\u00a0\u00bb est pr\u00e9sent\u00e9 dans un style typographique accrocheur. Id\u00e9al pour se souvenir de l&rsquo;une des merveilles architecturales les plus visit\u00e9es d&rsquo;Espagne.<\/p>\n","protected":false},"featured_media":14115,"template":"","meta":{"_acf_changed":false},"product_brand":[],"product_cat":[697],"product_tag":[],"class_list":{"0":"post-36211","1":"product","2":"type-product","3":"status-publish","4":"has-post-thumbnail","6":"product_cat-aimants","7":"pa_ciudad-barcelona","8":"pa_motivo-sagrada-familia","9":"pa_pais-espana","11":"first","12":"instock","13":"shipping-taxable","14":"product-type-simple"},"acf":[],"_links":{"self":[{"href":"https:\/\/olemosaic.orbitalia.org\/fr\/wp-json\/wp\/v2\/product\/36211","targetHints":{"allow":["GET"]}}],"collection":[{"href":"https:\/\/olemosaic.orbitalia.org\/fr\/wp-json\/wp\/v2\/product"}],"about":[{"href":"https:\/\/olemosaic.orbitalia.org\/fr\/wp-json\/wp\/v2\/types\/product"}],"wp:featuredmedia":[{"embeddable":true,"href":"https:\/\/olemosaic.orbitalia.org\/fr\/wp-json\/wp\/v2\/media\/14115"}],"wp:attachment":[{"href":"https:\/\/olemosaic.orbitalia.org\/fr\/wp-json\/wp\/v2\/media?parent=36211"}],"wp:term":[{"taxonomy":"product_brand","embeddable":true,"href":"https:\/\/olemosaic.orbitalia.org\/fr\/wp-json\/wp\/v2\/product_brand?post=36211"},{"taxonomy":"product_cat","embeddable":true,"href":"https:\/\/olemosaic.orbitalia.org\/fr\/wp-json\/wp\/v2\/product_cat?post=36211"},{"taxonomy":"product_tag","embeddable":true,"href":"https:\/\/olemosaic.orbitalia.org\/fr\/wp-json\/wp\/v2\/product_tag?post=36211"}],"curies":[{"name":"wp","href":"https:\/\/api.w.org\/{rel}","templated":true}]}}