{"id":36194,"date":"2025-02-20T23:38:09","date_gmt":"2025-02-20T22:38:09","guid":{"rendered":"https:\/\/olemosaic.orbitalia.org\/producto\/iman-de-resina-toro-y-bailaora-granada\/"},"modified":"2025-07-25T19:29:38","modified_gmt":"2025-07-25T17:29:38","slug":"aimant-resine-taureau-danseuse-grenade","status":"publish","type":"product","link":"https:\/\/olemosaic.orbitalia.org\/fr\/produit\/aimant-resine-taureau-danseuse-grenade\/","title":{"rendered":"Aimant en r\u00e9sine. Taureau et danseuse. Grenade."},"content":{"rendered":"<p>Cet aimant en r\u00e9sine pr\u00e9sente un design vibrant et captivant qui c\u00e9l\u00e8bre la culture espagnole, en particulier la ville embl\u00e9matique de Grenade. La pi\u00e8ce se distingue par sa repr\u00e9sentation exquise d&rsquo;un taureau et d&rsquo;une danseuse, deux symboles iconiques du folklore andalou. Le taureau, majestueusement d\u00e9cor\u00e9, s&rsquo;affiche dans une palette de couleurs \u00e9clatantes, avec des bleus, des rouges et des jaunes, qui capturent l&rsquo;essence de l&rsquo;art traditionnel. \u00c0 ses c\u00f4t\u00e9s, la danseuse, v\u00eatue d&rsquo;une robe rouge \u00e0 volants, \u00e9voque la joie et le dynamisme du flamenco, avec un geste joyeux qui invite \u00e0 la c\u00e9l\u00e9bration.<\/p>\n<p>Le mot \u00ab\u00a0GRANADA\u00a0\u00bb est affich\u00e9 de mani\u00e8re pro\u00e9minente \u00e0 la base de l&rsquo;aimant, renfor\u00e7ant son caract\u00e8re distinctif et la fiert\u00e9 culturelle de la r\u00e9gion. Cet aimant n&rsquo;est pas seulement un accessoire d\u00e9coratif, mais aussi un authentique souvenir qui transporte celui qui le poss\u00e8de dans l&rsquo;atmosph\u00e8re magique de Grenade et son riche h\u00e9ritage culturel. Chez Ol\u00e9 Mosaic, nous sommes distributeurs de souvenirs en r\u00e9sine en gros, et cet aimant est une excellente option pour les boutiques de cadeaux touristiques cherchant \u00e0 proposer des articles repr\u00e9sentatifs et authentiques. Sans aucun doute, un souvenir parfait pour ceux qui souhaitent ramener un morceau de la culture espagnole chez eux.<\/p>\n","protected":false},"excerpt":{"rendered":"<p>Aimant au design vibrant repr\u00e9sentant un taureau et une danseuse, symboles embl\u00e9matiques de la culture espagnole, plus pr\u00e9cis\u00e9ment de Grenade. D\u00e9cor\u00e9 d&rsquo;une mosa\u00efque color\u00e9e mettant en valeur les tons bleus, rouges et jaunes, cet aimant capture l&rsquo;essence du folklore andalou. La danseuse, v\u00eatue d&rsquo;une robe rouge orn\u00e9e, affiche un geste joyeux, tandis que le taureau, \u00e0 l&rsquo;allure majestueuse, compl\u00e8te cette repr\u00e9sentation culturelle. Le mot \u00ab\u00a0GRANADA\u00a0\u00bb se d\u00e9tache en bas, ajoutant une touche distinctive.<\/p>\n","protected":false},"featured_media":14108,"template":"","meta":{"_acf_changed":false},"product_brand":[],"product_cat":[697],"product_tag":[530],"class_list":{"0":"post-36194","1":"product","2":"type-product","3":"status-publish","4":"has-post-thumbnail","6":"product_cat-aimants","7":"product_tag-animaux","8":"pa_ciudad-granada","9":"pa_motivo-taureaux","10":"pa_pais-espana","12":"first","13":"instock","14":"shipping-taxable","15":"product-type-simple"},"acf":[],"_links":{"self":[{"href":"https:\/\/olemosaic.orbitalia.org\/fr\/wp-json\/wp\/v2\/product\/36194","targetHints":{"allow":["GET"]}}],"collection":[{"href":"https:\/\/olemosaic.orbitalia.org\/fr\/wp-json\/wp\/v2\/product"}],"about":[{"href":"https:\/\/olemosaic.orbitalia.org\/fr\/wp-json\/wp\/v2\/types\/product"}],"wp:featuredmedia":[{"embeddable":true,"href":"https:\/\/olemosaic.orbitalia.org\/fr\/wp-json\/wp\/v2\/media\/14108"}],"wp:attachment":[{"href":"https:\/\/olemosaic.orbitalia.org\/fr\/wp-json\/wp\/v2\/media?parent=36194"}],"wp:term":[{"taxonomy":"product_brand","embeddable":true,"href":"https:\/\/olemosaic.orbitalia.org\/fr\/wp-json\/wp\/v2\/product_brand?post=36194"},{"taxonomy":"product_cat","embeddable":true,"href":"https:\/\/olemosaic.orbitalia.org\/fr\/wp-json\/wp\/v2\/product_cat?post=36194"},{"taxonomy":"product_tag","embeddable":true,"href":"https:\/\/olemosaic.orbitalia.org\/fr\/wp-json\/wp\/v2\/product_tag?post=36194"}],"curies":[{"name":"wp","href":"https:\/\/api.w.org\/{rel}","templated":true}]}}